{"id":4881,"date":"2021-03-02T17:02:49","date_gmt":"2021-03-02T20:02:49","guid":{"rendered":"https:\/\/baloessaoroque.com.br\/en\/?page_id=4881"},"modified":"2021-03-02T17:04:50","modified_gmt":"2021-03-02T20:04:50","slug":"politica-de-seguranca-e-privacidade","status":"publish","type":"page","link":"https:\/\/baloessaoroque.com.br\/en\/politica-de-seguranca-e-privacidade\/","title":{"rendered":"Pol\u00edtica de Seguran\u00e7a e Privacidade"},"content":{"rendered":"<p><\/p>\n<h2><strong>PREMISSAS&nbsp;<\/strong><\/h2>\n<p><\/p>\n<p><\/p>\n<p>Pelo presente instrumento, a FABRICA DE ARTEFATOS DE LATEX SAO ROQUE, inscrita no CNPJ sob o n\u00ba 70.939.574\/0001-05, sediada na Avenida Tr\u00eas De Maio, N\u00ba307 &#8211; Bairro Parque IX De Julho &#8211; Cep:18134-000 \u2013 S\u00e3o Roque\/SP, aqui denominada Bal\u00f5es S\u00e3o Roque, divulga sua Pol\u00edtica de Privacidade, assumindo o compromisso de proteger a privacidade do Usu\u00e1rio.<\/p>\n<p><\/p>\n<p><\/p>\n<p>O Usu\u00e1rio pode navegar pelo portal da Bal\u00f5es S\u00e3o Roque (www.baloessaoroque.com.br) sem a necessidade de fornecer suas informa\u00e7\u00f5es pessoais, sendo que o acesso do Usu\u00e1rio ao portal da Bal\u00f5es S\u00e3o Roque implica necessariamente na concord\u00e2ncia com as regras de uso de dados fixadas nesta Pol\u00edtica de Privacidade.<\/p>\n<p><\/p>\n<p><\/p>\n<p>Para os servi\u00e7os restritos poder\u00e1 haver requisi\u00e7\u00e3o de informa\u00e7\u00f5es, visando atender os servi\u00e7os solicitados. Nesta hip\u00f3tese, a Pol\u00edtica de Privacidade estipula como os dados do Usu\u00e1rio s\u00e3o armazenados e usados.<\/p>\n<p><\/p>\n<p><\/p>\n<h2><strong>CAPTURA, ARMAZENAMENTO E USO DE INFORMA\u00c7\u00d5ES PESSOAIS<\/strong><\/h2>\n<p><\/p>\n<p><\/p>\n<p>As informa\u00e7\u00f5es pessoais solicitadas nas \u00e1reas restritas do portal da Bal\u00f5es S\u00e3o Roque poder\u00e3o ser usadas internamente para a implementa\u00e7\u00e3o de melhorias no portal ou nos servi\u00e7os oferecidos pela Bal\u00f5es S\u00e3o Roque para os seus p\u00fablicos internos e externos.<\/p>\n<p><\/p>\n<p><\/p>\n<p>As empresas parceiras, ou que prestam servi\u00e7os terceirizados para a Bal\u00f5es S\u00e3o Roque, poder\u00e3o ter acesso exclusivo \u00e0s informa\u00e7\u00f5es necess\u00e1rias \u00e0 realiza\u00e7\u00e3o dos servi\u00e7os prestados, sendo vedada aos mesmos a utiliza\u00e7\u00e3o de tais informa\u00e7\u00f5es para quaisquer outras finalidades.<\/p>\n<p><\/p>\n<p><\/p>\n<p>A Bal\u00f5es S\u00e3o Roque poder\u00e1 divulgar informa\u00e7\u00f5es pessoais armazenadas atrav\u00e9s do hist\u00f3rico de navega\u00e7\u00e3o do Usu\u00e1rio, sem aviso pr\u00e9vio, por for\u00e7a da lei ou de outras necessidades tais como (I) atender \u00e0s disposi\u00e7\u00f5es legais ou cumprir determina\u00e7\u00e3o judicial em processo promovido contra a Bal\u00f5es S\u00e3o Roque ou seu portal; (II) proteger e defender os direitos ou ativos da Bal\u00f5es S\u00e3o Roque e de seus Usu\u00e1rios; (III) agir em situa\u00e7\u00f5es que demandem a prote\u00e7\u00e3o e a seguran\u00e7a pessoal dos Usu\u00e1rios do portal da Bal\u00f5es S\u00e3o Roque, do pr\u00f3prio portal ou do p\u00fablico.<\/p>\n<p><\/p>\n<p><\/p>\n<p>Exceto nos casos descritos supra, a Bal\u00f5es S\u00e3o Roque n\u00e3o compartilhar\u00e1 as informa\u00e7\u00f5es dos Usu\u00e1rios de seu portal com terceiros sem a devida permiss\u00e3o dos mesmos.<\/p>\n<p><\/p>\n<p><\/p>\n<h2><strong>ENVIO DE E-MAILS<\/strong><\/h2>\n<p><\/p>\n<p><\/p>\n<p>A Bal\u00f5es S\u00e3o Roque poder\u00e1, a seu exclusivo crit\u00e9rio e necessidade, realizar envio de e-mails peri\u00f3dicos informando sobre quest\u00f5es de servi\u00e7os t\u00e9cnicos relacionados (ex.: Internet, Redes, etc.) e servi\u00e7os solicitados ou n\u00e3o (ex.: avisos e informa\u00e7\u00f5es acad\u00eamicas). N\u00e3o ser\u00e1 poss\u00edvel optar por n\u00e3o receber essas correspond\u00eancias, por serem consideradas como essenciais ao servi\u00e7o e atividades oferecidas pela institui\u00e7\u00e3o. Quando do cadastro, o Usu\u00e1rio poder\u00e1 optar por receber e-mails de conte\u00fado institucional e comercial da Bal\u00f5es S\u00e3o Roque e de seus parceiros.<\/p>\n<p><\/p>\n<p><\/p>\n<h2><strong>PROTE\u00c7\u00c3O DAS INFORMA\u00c7\u00d5ES PESSOAIS<\/strong><\/h2>\n<p><\/p>\n<p><\/p>\n<p>A Bal\u00f5es S\u00e3o Roque protege as informa\u00e7\u00f5es dos Usu\u00e1rios contra perda, uso impr\u00f3prio, acesso ou divulga\u00e7\u00e3o n\u00e3o autorizada, altera\u00e7\u00e3o ou destrui\u00e7\u00e3o. Se o Usu\u00e1rio publicar informa\u00e7\u00f5es pessoais online que sejam acess\u00edveis ao p\u00fablico, poder\u00e1 receber, em resposta, mensagens n\u00e3o solicitadas de outras pessoas. Em \u00faltima an\u00e1lise, o Usu\u00e1rio \u00e9 o \u00fanico respons\u00e1vel pela manuten\u00e7\u00e3o da privacidade das suas senhas e\/ou quaisquer informa\u00e7\u00f5es sobre a sua conta, devendo ser cuidadoso e respons\u00e1vel sempre que estiver online.<\/p>\n<p><\/p>\n<p><\/p>\n<h2><strong>DIREITO DE ALTERA\u00c7\u00d5ES NESTA POL\u00cdTICA DE PRIVACIDADE<\/strong><\/h2>\n<p><\/p>\n<p><\/p>\n<p>A Bal\u00f5es S\u00e3o Roque reserva-se o direito de alterar, sem pr\u00e9vio aviso, esta Pol\u00edtica de Privacidade.<\/p>\n<p><\/p>\n<p><\/p>\n<p>Atualizado 01 de janeiro de 2021.<\/p>\n<p><\/p>","protected":false},"excerpt":{"rendered":"<p>PREMISSAS&nbsp; Pelo presente instrumento, a FABRICA DE ARTEFATOS DE LATEX SAO ROQUE, inscrita no CNPJ sob o n\u00ba 70.939.574\/0001-05, sediada [&hellip;]<\/p>\n","protected":false},"author":1,"featured_media":0,"parent":0,"menu_order":0,"comment_status":"closed","ping_status":"closed","template":"","meta":[],"yoast_head":"<!-- This site is optimized with the Yoast SEO plugin v18.4.1 - https:\/\/yoast.com\/wordpress\/plugins\/seo\/ -->\n<title>Pol\u00edtica de Seguran\u00e7a e Privacidade - Bal\u00f5es S\u00e3o Roque<\/title>\n<meta name=\"robots\" content=\"index, follow, max-snippet:-1, max-image-preview:large, max-video-preview:-1\" \/>\n<link rel=\"canonical\" href=\"https:\/\/baloessaoroque.com.br\/en\/politica-de-seguranca-e-privacidade\/\" \/>\n<meta property=\"og:locale\" content=\"pt_BR\" \/>\n<meta property=\"og:type\" content=\"article\" \/>\n<meta property=\"og:title\" content=\"Pol\u00edtica de Seguran\u00e7a e Privacidade - Bal\u00f5es S\u00e3o Roque\" \/>\n<meta property=\"og:description\" content=\"PREMISSAS&nbsp; Pelo presente instrumento, a FABRICA DE ARTEFATOS DE LATEX SAO ROQUE, inscrita no CNPJ sob o n\u00ba 70.939.574\/0001-05, sediada [&hellip;]\" \/>\n<meta property=\"og:url\" content=\"https:\/\/baloessaoroque.com.br\/en\/politica-de-seguranca-e-privacidade\/\" \/>\n<meta property=\"og:site_name\" content=\"Bal\u00f5es S\u00e3o Roque\" \/>\n<meta property=\"article:modified_time\" content=\"2021-03-02T20:04:50+00:00\" \/>\n<meta name=\"twitter:card\" content=\"summary_large_image\" \/>\n<meta name=\"twitter:label1\" content=\"Est. tempo de leitura\" \/>\n\t<meta name=\"twitter:data1\" content=\"3 minutos\" \/>\n<script type=\"application\/ld+json\" class=\"yoast-schema-graph\">{\"@context\":\"https:\/\/schema.org\",\"@graph\":[{\"@type\":\"WebSite\",\"@id\":\"https:\/\/baloessaoroque.com.br\/en\/#website\",\"url\":\"https:\/\/baloessaoroque.com.br\/en\/\",\"name\":\"Bal\u00f5es S\u00e3o Roque\",\"description\":\"Sua vida cheia de festa!\",\"potentialAction\":[{\"@type\":\"SearchAction\",\"target\":{\"@type\":\"EntryPoint\",\"urlTemplate\":\"https:\/\/baloessaoroque.com.br\/en\/?s={search_term_string}\"},\"query-input\":\"required name=search_term_string\"}],\"inLanguage\":\"pt-BR\"},{\"@type\":\"WebPage\",\"@id\":\"https:\/\/baloessaoroque.com.br\/en\/politica-de-seguranca-e-privacidade\/#webpage\",\"url\":\"https:\/\/baloessaoroque.com.br\/en\/politica-de-seguranca-e-privacidade\/\",\"name\":\"Pol\u00edtica de Seguran\u00e7a e Privacidade - Bal\u00f5es S\u00e3o Roque\",\"isPartOf\":{\"@id\":\"https:\/\/baloessaoroque.com.br\/en\/#website\"},\"datePublished\":\"2021-03-02T20:02:49+00:00\",\"dateModified\":\"2021-03-02T20:04:50+00:00\",\"breadcrumb\":{\"@id\":\"https:\/\/baloessaoroque.com.br\/en\/politica-de-seguranca-e-privacidade\/#breadcrumb\"},\"inLanguage\":\"pt-BR\",\"potentialAction\":[{\"@type\":\"ReadAction\",\"target\":[\"https:\/\/baloessaoroque.com.br\/en\/politica-de-seguranca-e-privacidade\/\"]}]},{\"@type\":\"BreadcrumbList\",\"@id\":\"https:\/\/baloessaoroque.com.br\/en\/politica-de-seguranca-e-privacidade\/#breadcrumb\",\"itemListElement\":[{\"@type\":\"ListItem\",\"position\":1,\"name\":\"In\u00edcio\",\"item\":\"https:\/\/baloessaoroque.com.br\/en\/\"},{\"@type\":\"ListItem\",\"position\":2,\"name\":\"Pol\u00edtica de Seguran\u00e7a e Privacidade\"}]}]}<\/script>\n<!-- \/ Yoast SEO plugin. -->","yoast_head_json":{"title":"Pol\u00edtica de Seguran\u00e7a e Privacidade - Bal\u00f5es S\u00e3o Roque","robots":{"index":"index","follow":"follow","max-snippet":"max-snippet:-1","max-image-preview":"max-image-preview:large","max-video-preview":"max-video-preview:-1"},"canonical":"https:\/\/baloessaoroque.com.br\/en\/politica-de-seguranca-e-privacidade\/","og_locale":"pt_BR","og_type":"article","og_title":"Pol\u00edtica de Seguran\u00e7a e Privacidade - Bal\u00f5es S\u00e3o Roque","og_description":"PREMISSAS&nbsp; Pelo presente instrumento, a FABRICA DE ARTEFATOS DE LATEX SAO ROQUE, inscrita no CNPJ sob o n\u00ba 70.939.574\/0001-05, sediada [&hellip;]","og_url":"https:\/\/baloessaoroque.com.br\/en\/politica-de-seguranca-e-privacidade\/","og_site_name":"Bal\u00f5es S\u00e3o Roque","article_modified_time":"2021-03-02T20:04:50+00:00","twitter_card":"summary_large_image","twitter_misc":{"Est. tempo de leitura":"3 minutos"},"schema":{"@context":"https:\/\/schema.org","@graph":[{"@type":"WebSite","@id":"https:\/\/baloessaoroque.com.br\/en\/#website","url":"https:\/\/baloessaoroque.com.br\/en\/","name":"Bal\u00f5es S\u00e3o Roque","description":"Sua vida cheia de festa!","potentialAction":[{"@type":"SearchAction","target":{"@type":"EntryPoint","urlTemplate":"https:\/\/baloessaoroque.com.br\/en\/?s={search_term_string}"},"query-input":"required name=search_term_string"}],"inLanguage":"pt-BR"},{"@type":"WebPage","@id":"https:\/\/baloessaoroque.com.br\/en\/politica-de-seguranca-e-privacidade\/#webpage","url":"https:\/\/baloessaoroque.com.br\/en\/politica-de-seguranca-e-privacidade\/","name":"Pol\u00edtica de Seguran\u00e7a e Privacidade - Bal\u00f5es S\u00e3o Roque","isPartOf":{"@id":"https:\/\/baloessaoroque.com.br\/en\/#website"},"datePublished":"2021-03-02T20:02:49+00:00","dateModified":"2021-03-02T20:04:50+00:00","breadcrumb":{"@id":"https:\/\/baloessaoroque.com.br\/en\/politica-de-seguranca-e-privacidade\/#breadcrumb"},"inLanguage":"pt-BR","potentialAction":[{"@type":"ReadAction","target":["https:\/\/baloessaoroque.com.br\/en\/politica-de-seguranca-e-privacidade\/"]}]},{"@type":"BreadcrumbList","@id":"https:\/\/baloessaoroque.com.br\/en\/politica-de-seguranca-e-privacidade\/#breadcrumb","itemListElement":[{"@type":"ListItem","position":1,"name":"In\u00edcio","item":"https:\/\/baloessaoroque.com.br\/en\/"},{"@type":"ListItem","position":2,"name":"Pol\u00edtica de Seguran\u00e7a e Privacidade"}]}]}},"_links":{"self":[{"href":"https:\/\/baloessaoroque.com.br\/en\/wp-json\/wp\/v2\/pages\/4881"}],"collection":[{"href":"https:\/\/baloessaoroque.com.br\/en\/wp-json\/wp\/v2\/pages"}],"about":[{"href":"https:\/\/baloessaoroque.com.br\/en\/wp-json\/wp\/v2\/types\/page"}],"author":[{"embeddable":true,"href":"https:\/\/baloessaoroque.com.br\/en\/wp-json\/wp\/v2\/users\/1"}],"replies":[{"embeddable":true,"href":"https:\/\/baloessaoroque.com.br\/en\/wp-json\/wp\/v2\/comments?post=4881"}],"version-history":[{"count":0,"href":"https:\/\/baloessaoroque.com.br\/en\/wp-json\/wp\/v2\/pages\/4881\/revisions"}],"wp:attachment":[{"href":"https:\/\/baloessaoroque.com.br\/en\/wp-json\/wp\/v2\/media?parent=4881"}],"curies":[{"name":"wp","href":"https:\/\/api.w.org\/{rel}","templated":true}]}}