{"id":57,"date":"2020-11-05T14:37:33","date_gmt":"2020-11-05T17:37:33","guid":{"rendered":"https:\/\/baloessaoroque.com.br\/en\/?page_id=57"},"modified":"2022-09-29T01:24:12","modified_gmt":"2022-09-29T04:24:12","slug":"fale-conosco","status":"publish","type":"page","link":"https:\/\/baloessaoroque.com.br\/en\/fale-conosco\/","title":{"rendered":"Contact Us"},"content":{"rendered":"<h3>Para pessoas jur\u00eddicas<\/h3>\n<h2>ATENDIMENTO COMERCIAL<\/h2>\n<h3>(11) 97646-4968<\/h3>\n<h3>(11) 4713-5820<\/h3>\n<h3>vendas@baloessaoroque.com.br<\/h3>\n<h3>fique por dentro das nossas<\/h3>\n<h2>novidades e ofertas<\/h2>\n","protected":false},"excerpt":{"rendered":"<p>Para pessoas jur\u00eddicas ATENDIMENTO COMERCIAL (11) 97646-4968 (11) 4713-5820 vendas@baloessaoroque.com.br fique por dentro das nossas novidades e ofertas<\/p>\n","protected":false},"author":1,"featured_media":0,"parent":0,"menu_order":0,"comment_status":"closed","ping_status":"closed","template":"page-contato.php","meta":[],"yoast_head":"<!-- This site is optimized with the Yoast SEO plugin v18.4.1 - https:\/\/yoast.com\/wordpress\/plugins\/seo\/ -->\n<title>Contact Us - Bal\u00f5es S\u00e3o Roque<\/title>\n<meta name=\"robots\" content=\"index, follow, max-snippet:-1, max-image-preview:large, max-video-preview:-1\" \/>\n<link rel=\"canonical\" href=\"https:\/\/baloessaoroque.com.br\/en\/fale-conosco\/\" \/>\n<meta property=\"og:locale\" content=\"pt_BR\" \/>\n<meta property=\"og:type\" content=\"article\" \/>\n<meta property=\"og:title\" content=\"Contact Us - Bal\u00f5es S\u00e3o Roque\" \/>\n<meta property=\"og:description\" content=\"Para pessoas jur\u00eddicas ATENDIMENTO COMERCIAL (11) 97646-4968 (11) 4713-5820 vendas@baloessaoroque.com.br fique por dentro das nossas novidades e ofertas\" \/>\n<meta property=\"og:url\" content=\"https:\/\/baloessaoroque.com.br\/en\/fale-conosco\/\" \/>\n<meta property=\"og:site_name\" content=\"Bal\u00f5es S\u00e3o Roque\" \/>\n<meta property=\"article:modified_time\" content=\"2022-09-29T04:24:12+00:00\" \/>\n<meta name=\"twitter:card\" content=\"summary_large_image\" \/>\n<meta name=\"twitter:label1\" content=\"Est. tempo de leitura\" \/>\n\t<meta name=\"twitter:data1\" content=\"1 minuto\" \/>\n<script type=\"application\/ld+json\" class=\"yoast-schema-graph\">{\"@context\":\"https:\/\/schema.org\",\"@graph\":[{\"@type\":\"WebSite\",\"@id\":\"https:\/\/baloessaoroque.com.br\/en\/#website\",\"url\":\"https:\/\/baloessaoroque.com.br\/en\/\",\"name\":\"Bal\u00f5es S\u00e3o Roque\",\"description\":\"Sua vida cheia de festa!\",\"potentialAction\":[{\"@type\":\"SearchAction\",\"target\":{\"@type\":\"EntryPoint\",\"urlTemplate\":\"https:\/\/baloessaoroque.com.br\/en\/?s={search_term_string}\"},\"query-input\":\"required name=search_term_string\"}],\"inLanguage\":\"pt-BR\"},{\"@type\":\"WebPage\",\"@id\":\"https:\/\/baloessaoroque.com.br\/en\/fale-conosco\/#webpage\",\"url\":\"https:\/\/baloessaoroque.com.br\/en\/fale-conosco\/\",\"name\":\"Contact Us - Bal\u00f5es S\u00e3o Roque\",\"isPartOf\":{\"@id\":\"https:\/\/baloessaoroque.com.br\/en\/#website\"},\"datePublished\":\"2020-11-05T17:37:33+00:00\",\"dateModified\":\"2022-09-29T04:24:12+00:00\",\"breadcrumb\":{\"@id\":\"https:\/\/baloessaoroque.com.br\/en\/fale-conosco\/#breadcrumb\"},\"inLanguage\":\"pt-BR\",\"potentialAction\":[{\"@type\":\"ReadAction\",\"target\":[\"https:\/\/baloessaoroque.com.br\/en\/fale-conosco\/\"]}]},{\"@type\":\"BreadcrumbList\",\"@id\":\"https:\/\/baloessaoroque.com.br\/en\/fale-conosco\/#breadcrumb\",\"itemListElement\":[{\"@type\":\"ListItem\",\"position\":1,\"name\":\"In\u00edcio\",\"item\":\"https:\/\/baloessaoroque.com.br\/en\/\"},{\"@type\":\"ListItem\",\"position\":2,\"name\":\"Contact Us\"}]}]}<\/script>\n<!-- \/ Yoast SEO plugin. -->","yoast_head_json":{"title":"Contact Us - Bal\u00f5es S\u00e3o Roque","robots":{"index":"index","follow":"follow","max-snippet":"max-snippet:-1","max-image-preview":"max-image-preview:large","max-video-preview":"max-video-preview:-1"},"canonical":"https:\/\/baloessaoroque.com.br\/en\/fale-conosco\/","og_locale":"pt_BR","og_type":"article","og_title":"Contact Us - Bal\u00f5es S\u00e3o Roque","og_description":"Para pessoas jur\u00eddicas ATENDIMENTO COMERCIAL (11) 97646-4968 (11) 4713-5820 vendas@baloessaoroque.com.br fique por dentro das nossas novidades e ofertas","og_url":"https:\/\/baloessaoroque.com.br\/en\/fale-conosco\/","og_site_name":"Bal\u00f5es S\u00e3o Roque","article_modified_time":"2022-09-29T04:24:12+00:00","twitter_card":"summary_large_image","twitter_misc":{"Est. tempo de leitura":"1 minuto"},"schema":{"@context":"https:\/\/schema.org","@graph":[{"@type":"WebSite","@id":"https:\/\/baloessaoroque.com.br\/en\/#website","url":"https:\/\/baloessaoroque.com.br\/en\/","name":"Bal\u00f5es S\u00e3o Roque","description":"Sua vida cheia de festa!","potentialAction":[{"@type":"SearchAction","target":{"@type":"EntryPoint","urlTemplate":"https:\/\/baloessaoroque.com.br\/en\/?s={search_term_string}"},"query-input":"required name=search_term_string"}],"inLanguage":"pt-BR"},{"@type":"WebPage","@id":"https:\/\/baloessaoroque.com.br\/en\/fale-conosco\/#webpage","url":"https:\/\/baloessaoroque.com.br\/en\/fale-conosco\/","name":"Contact Us - Bal\u00f5es S\u00e3o Roque","isPartOf":{"@id":"https:\/\/baloessaoroque.com.br\/en\/#website"},"datePublished":"2020-11-05T17:37:33+00:00","dateModified":"2022-09-29T04:24:12+00:00","breadcrumb":{"@id":"https:\/\/baloessaoroque.com.br\/en\/fale-conosco\/#breadcrumb"},"inLanguage":"pt-BR","potentialAction":[{"@type":"ReadAction","target":["https:\/\/baloessaoroque.com.br\/en\/fale-conosco\/"]}]},{"@type":"BreadcrumbList","@id":"https:\/\/baloessaoroque.com.br\/en\/fale-conosco\/#breadcrumb","itemListElement":[{"@type":"ListItem","position":1,"name":"In\u00edcio","item":"https:\/\/baloessaoroque.com.br\/en\/"},{"@type":"ListItem","position":2,"name":"Contact Us"}]}]}},"_links":{"self":[{"href":"https:\/\/baloessaoroque.com.br\/en\/wp-json\/wp\/v2\/pages\/57"}],"collection":[{"href":"https:\/\/baloessaoroque.com.br\/en\/wp-json\/wp\/v2\/pages"}],"about":[{"href":"https:\/\/baloessaoroque.com.br\/en\/wp-json\/wp\/v2\/types\/page"}],"author":[{"embeddable":true,"href":"https:\/\/baloessaoroque.com.br\/en\/wp-json\/wp\/v2\/users\/1"}],"replies":[{"embeddable":true,"href":"https:\/\/baloessaoroque.com.br\/en\/wp-json\/wp\/v2\/comments?post=57"}],"version-history":[{"count":2,"href":"https:\/\/baloessaoroque.com.br\/en\/wp-json\/wp\/v2\/pages\/57\/revisions"}],"predecessor-version":[{"id":11148,"href":"https:\/\/baloessaoroque.com.br\/en\/wp-json\/wp\/v2\/pages\/57\/revisions\/11148"}],"wp:attachment":[{"href":"https:\/\/baloessaoroque.com.br\/en\/wp-json\/wp\/v2\/media?parent=57"}],"curies":[{"name":"wp","href":"https:\/\/api.w.org\/{rel}","templated":true}]}}