{"id":6127,"date":"2021-06-17T14:08:26","date_gmt":"2021-06-17T17:08:26","guid":{"rendered":"https:\/\/baloessaoroque.com.br\/en\/?page_id=6127"},"modified":"2021-12-13T23:21:05","modified_gmt":"2021-12-14T02:21:05","slug":"manualdamarca","status":"publish","type":"page","link":"https:\/\/baloessaoroque.com.br\/en\/manualdamarca\/","title":{"rendered":"Manual de Identidade Visual"},"content":{"rendered":"\n<p>H\u00e1 68 anos somos refer\u00eancia em bal\u00f5es l\u00e1tex e diariamente buscamos inovar nossos processos, a fim de garantir os melhores produtos.<\/p>\n\n\n\n<p>Para isso acontecer, entendemos que al\u00e9m da qualidade, a comunica\u00e7\u00e3o foi e \u00e9 fator primordial para a valoriza\u00e7\u00e3o e reconhecimento da Bal\u00f5es S\u00e3o Roque em todo o Brasil.<\/p>\n\n\n\n<p>E com o objetivo de manter o padr\u00e3o da nossa identidade visual, de modo que sejamos reconhecidos a qualquer momento pelos mais diversos p\u00fablicos, <strong>disponibilizamos o Manual de Marca da Bal\u00f5es S\u00e3o Roque<\/strong>.<\/p>\n\n\n\n<p>O documento conta com informa\u00e7\u00f5es sobre o conceito, estrat\u00e9gia, prop\u00f3sito e instru\u00e7\u00f5es para a aplica\u00e7\u00e3o correta da marca Bal\u00f5es S\u00e3o Roque em pe\u00e7as de comunica\u00e7\u00e3o.<a role=\"button\" href=\"https:\/\/baloessaoroque.com.br\/en\/wp-content\/uploads\/2021\/06\/bsr-linha-uniq-baixa.zip\" target=\"_blank\" rel=\"noopener\"><br><\/a><\/p>\n","protected":false},"excerpt":{"rendered":"<p>H\u00e1 68 anos somos refer\u00eancia em bal\u00f5es l\u00e1tex e diariamente buscamos inovar nossos processos, a fim de garantir os melhores [&hellip;]<\/p>\n","protected":false},"author":1,"featured_media":0,"parent":0,"menu_order":0,"comment_status":"closed","ping_status":"closed","template":"page-manualmarca.php","meta":[],"yoast_head":"<!-- This site is optimized with the Yoast SEO plugin v18.4.1 - https:\/\/yoast.com\/wordpress\/plugins\/seo\/ -->\n<title>Manual de Identidade Visual - Bal\u00f5es S\u00e3o Roque<\/title>\n<meta name=\"robots\" content=\"index, follow, max-snippet:-1, max-image-preview:large, max-video-preview:-1\" \/>\n<link rel=\"canonical\" href=\"https:\/\/baloessaoroque.com.br\/en\/manualdamarca\/\" \/>\n<meta property=\"og:locale\" content=\"pt_BR\" \/>\n<meta property=\"og:type\" content=\"article\" \/>\n<meta property=\"og:title\" content=\"Manual de Identidade Visual - Bal\u00f5es S\u00e3o Roque\" \/>\n<meta property=\"og:description\" content=\"H\u00e1 68 anos somos refer\u00eancia em bal\u00f5es l\u00e1tex e diariamente buscamos inovar nossos processos, a fim de garantir os melhores [&hellip;]\" \/>\n<meta property=\"og:url\" content=\"https:\/\/baloessaoroque.com.br\/en\/manualdamarca\/\" \/>\n<meta property=\"og:site_name\" content=\"Bal\u00f5es S\u00e3o Roque\" \/>\n<meta property=\"article:modified_time\" content=\"2021-12-14T02:21:05+00:00\" \/>\n<meta name=\"twitter:card\" content=\"summary_large_image\" \/>\n<meta name=\"twitter:label1\" content=\"Est. tempo de leitura\" \/>\n\t<meta name=\"twitter:data1\" content=\"1 minuto\" \/>\n<script type=\"application\/ld+json\" class=\"yoast-schema-graph\">{\"@context\":\"https:\/\/schema.org\",\"@graph\":[{\"@type\":\"WebSite\",\"@id\":\"https:\/\/baloessaoroque.com.br\/en\/#website\",\"url\":\"https:\/\/baloessaoroque.com.br\/en\/\",\"name\":\"Bal\u00f5es S\u00e3o Roque\",\"description\":\"Sua vida cheia de festa!\",\"potentialAction\":[{\"@type\":\"SearchAction\",\"target\":{\"@type\":\"EntryPoint\",\"urlTemplate\":\"https:\/\/baloessaoroque.com.br\/en\/?s={search_term_string}\"},\"query-input\":\"required name=search_term_string\"}],\"inLanguage\":\"pt-BR\"},{\"@type\":\"WebPage\",\"@id\":\"https:\/\/baloessaoroque.com.br\/en\/manualdamarca\/#webpage\",\"url\":\"https:\/\/baloessaoroque.com.br\/en\/manualdamarca\/\",\"name\":\"Manual de Identidade Visual - Bal\u00f5es S\u00e3o Roque\",\"isPartOf\":{\"@id\":\"https:\/\/baloessaoroque.com.br\/en\/#website\"},\"datePublished\":\"2021-06-17T17:08:26+00:00\",\"dateModified\":\"2021-12-14T02:21:05+00:00\",\"breadcrumb\":{\"@id\":\"https:\/\/baloessaoroque.com.br\/en\/manualdamarca\/#breadcrumb\"},\"inLanguage\":\"pt-BR\",\"potentialAction\":[{\"@type\":\"ReadAction\",\"target\":[\"https:\/\/baloessaoroque.com.br\/en\/manualdamarca\/\"]}]},{\"@type\":\"BreadcrumbList\",\"@id\":\"https:\/\/baloessaoroque.com.br\/en\/manualdamarca\/#breadcrumb\",\"itemListElement\":[{\"@type\":\"ListItem\",\"position\":1,\"name\":\"In\u00edcio\",\"item\":\"https:\/\/baloessaoroque.com.br\/en\/\"},{\"@type\":\"ListItem\",\"position\":2,\"name\":\"Manual de Identidade Visual\"}]}]}<\/script>\n<!-- \/ Yoast SEO plugin. -->","yoast_head_json":{"title":"Manual de Identidade Visual - Bal\u00f5es S\u00e3o Roque","robots":{"index":"index","follow":"follow","max-snippet":"max-snippet:-1","max-image-preview":"max-image-preview:large","max-video-preview":"max-video-preview:-1"},"canonical":"https:\/\/baloessaoroque.com.br\/en\/manualdamarca\/","og_locale":"pt_BR","og_type":"article","og_title":"Manual de Identidade Visual - Bal\u00f5es S\u00e3o Roque","og_description":"H\u00e1 68 anos somos refer\u00eancia em bal\u00f5es l\u00e1tex e diariamente buscamos inovar nossos processos, a fim de garantir os melhores [&hellip;]","og_url":"https:\/\/baloessaoroque.com.br\/en\/manualdamarca\/","og_site_name":"Bal\u00f5es S\u00e3o Roque","article_modified_time":"2021-12-14T02:21:05+00:00","twitter_card":"summary_large_image","twitter_misc":{"Est. tempo de leitura":"1 minuto"},"schema":{"@context":"https:\/\/schema.org","@graph":[{"@type":"WebSite","@id":"https:\/\/baloessaoroque.com.br\/en\/#website","url":"https:\/\/baloessaoroque.com.br\/en\/","name":"Bal\u00f5es S\u00e3o Roque","description":"Sua vida cheia de festa!","potentialAction":[{"@type":"SearchAction","target":{"@type":"EntryPoint","urlTemplate":"https:\/\/baloessaoroque.com.br\/en\/?s={search_term_string}"},"query-input":"required name=search_term_string"}],"inLanguage":"pt-BR"},{"@type":"WebPage","@id":"https:\/\/baloessaoroque.com.br\/en\/manualdamarca\/#webpage","url":"https:\/\/baloessaoroque.com.br\/en\/manualdamarca\/","name":"Manual de Identidade Visual - Bal\u00f5es S\u00e3o Roque","isPartOf":{"@id":"https:\/\/baloessaoroque.com.br\/en\/#website"},"datePublished":"2021-06-17T17:08:26+00:00","dateModified":"2021-12-14T02:21:05+00:00","breadcrumb":{"@id":"https:\/\/baloessaoroque.com.br\/en\/manualdamarca\/#breadcrumb"},"inLanguage":"pt-BR","potentialAction":[{"@type":"ReadAction","target":["https:\/\/baloessaoroque.com.br\/en\/manualdamarca\/"]}]},{"@type":"BreadcrumbList","@id":"https:\/\/baloessaoroque.com.br\/en\/manualdamarca\/#breadcrumb","itemListElement":[{"@type":"ListItem","position":1,"name":"In\u00edcio","item":"https:\/\/baloessaoroque.com.br\/en\/"},{"@type":"ListItem","position":2,"name":"Manual de Identidade Visual"}]}]}},"_links":{"self":[{"href":"https:\/\/baloessaoroque.com.br\/en\/wp-json\/wp\/v2\/pages\/6127"}],"collection":[{"href":"https:\/\/baloessaoroque.com.br\/en\/wp-json\/wp\/v2\/pages"}],"about":[{"href":"https:\/\/baloessaoroque.com.br\/en\/wp-json\/wp\/v2\/types\/page"}],"author":[{"embeddable":true,"href":"https:\/\/baloessaoroque.com.br\/en\/wp-json\/wp\/v2\/users\/1"}],"replies":[{"embeddable":true,"href":"https:\/\/baloessaoroque.com.br\/en\/wp-json\/wp\/v2\/comments?post=6127"}],"version-history":[{"count":1,"href":"https:\/\/baloessaoroque.com.br\/en\/wp-json\/wp\/v2\/pages\/6127\/revisions"}],"predecessor-version":[{"id":10165,"href":"https:\/\/baloessaoroque.com.br\/en\/wp-json\/wp\/v2\/pages\/6127\/revisions\/10165"}],"wp:attachment":[{"href":"https:\/\/baloessaoroque.com.br\/en\/wp-json\/wp\/v2\/media?parent=6127"}],"curies":[{"name":"wp","href":"https:\/\/api.w.org\/{rel}","templated":true}]}}