{"id":6150,"date":"2021-06-18T15:11:18","date_gmt":"2021-06-18T18:11:18","guid":{"rendered":"https:\/\/baloessaoroque.com.br\/en\/?page_id=6150"},"modified":"2021-12-15T16:23:17","modified_gmt":"2021-12-15T19:23:17","slug":"faq","status":"publish","type":"page","link":"https:\/\/baloessaoroque.com.br\/en\/faq\/","title":{"rendered":"FAQ"},"content":{"rendered":"<p>Separamos aqui algumas respostas de d\u00favidas mais frequentes de nossos clientes e colaboradores:<\/p>\n","protected":false},"excerpt":{"rendered":"<p>Separamos aqui algumas respostas de d\u00favidas mais frequentes de nossos clientes e colaboradores:<\/p>\n","protected":false},"author":1,"featured_media":0,"parent":0,"menu_order":0,"comment_status":"closed","ping_status":"closed","template":"page-faq.php","meta":[],"yoast_head":"<!-- This site is optimized with the Yoast SEO plugin v18.4.1 - https:\/\/yoast.com\/wordpress\/plugins\/seo\/ -->\n<title>FAQ - Bal\u00f5es S\u00e3o Roque<\/title>\n<meta name=\"robots\" content=\"index, follow, max-snippet:-1, max-image-preview:large, max-video-preview:-1\" \/>\n<link rel=\"canonical\" href=\"https:\/\/baloessaoroque.com.br\/en\/faq\/\" \/>\n<meta property=\"og:locale\" content=\"pt_BR\" \/>\n<meta property=\"og:type\" content=\"article\" \/>\n<meta property=\"og:title\" content=\"FAQ - Bal\u00f5es S\u00e3o Roque\" \/>\n<meta property=\"og:description\" content=\"Separamos aqui algumas respostas de d\u00favidas mais frequentes de nossos clientes e colaboradores:\" \/>\n<meta property=\"og:url\" content=\"https:\/\/baloessaoroque.com.br\/en\/faq\/\" \/>\n<meta property=\"og:site_name\" content=\"Bal\u00f5es S\u00e3o Roque\" \/>\n<meta property=\"article:modified_time\" content=\"2021-12-15T19:23:17+00:00\" \/>\n<meta name=\"twitter:card\" content=\"summary_large_image\" \/>\n<meta name=\"twitter:label1\" content=\"Est. tempo de leitura\" \/>\n\t<meta name=\"twitter:data1\" content=\"1 minuto\" \/>\n<script type=\"application\/ld+json\" class=\"yoast-schema-graph\">{\"@context\":\"https:\/\/schema.org\",\"@graph\":[{\"@type\":\"WebSite\",\"@id\":\"https:\/\/baloessaoroque.com.br\/en\/#website\",\"url\":\"https:\/\/baloessaoroque.com.br\/en\/\",\"name\":\"Bal\u00f5es S\u00e3o Roque\",\"description\":\"Sua vida cheia de festa!\",\"potentialAction\":[{\"@type\":\"SearchAction\",\"target\":{\"@type\":\"EntryPoint\",\"urlTemplate\":\"https:\/\/baloessaoroque.com.br\/en\/?s={search_term_string}\"},\"query-input\":\"required name=search_term_string\"}],\"inLanguage\":\"pt-BR\"},{\"@type\":\"WebPage\",\"@id\":\"https:\/\/baloessaoroque.com.br\/en\/faq\/#webpage\",\"url\":\"https:\/\/baloessaoroque.com.br\/en\/faq\/\",\"name\":\"FAQ - Bal\u00f5es S\u00e3o Roque\",\"isPartOf\":{\"@id\":\"https:\/\/baloessaoroque.com.br\/en\/#website\"},\"datePublished\":\"2021-06-18T18:11:18+00:00\",\"dateModified\":\"2021-12-15T19:23:17+00:00\",\"breadcrumb\":{\"@id\":\"https:\/\/baloessaoroque.com.br\/en\/faq\/#breadcrumb\"},\"inLanguage\":\"pt-BR\",\"potentialAction\":[{\"@type\":\"ReadAction\",\"target\":[\"https:\/\/baloessaoroque.com.br\/en\/faq\/\"]}]},{\"@type\":\"BreadcrumbList\",\"@id\":\"https:\/\/baloessaoroque.com.br\/en\/faq\/#breadcrumb\",\"itemListElement\":[{\"@type\":\"ListItem\",\"position\":1,\"name\":\"In\u00edcio\",\"item\":\"https:\/\/baloessaoroque.com.br\/en\/\"},{\"@type\":\"ListItem\",\"position\":2,\"name\":\"FAQ\"}]}]}<\/script>\n<!-- \/ Yoast SEO plugin. -->","yoast_head_json":{"title":"FAQ - Bal\u00f5es S\u00e3o Roque","robots":{"index":"index","follow":"follow","max-snippet":"max-snippet:-1","max-image-preview":"max-image-preview:large","max-video-preview":"max-video-preview:-1"},"canonical":"https:\/\/baloessaoroque.com.br\/en\/faq\/","og_locale":"pt_BR","og_type":"article","og_title":"FAQ - Bal\u00f5es S\u00e3o Roque","og_description":"Separamos aqui algumas respostas de d\u00favidas mais frequentes de nossos clientes e colaboradores:","og_url":"https:\/\/baloessaoroque.com.br\/en\/faq\/","og_site_name":"Bal\u00f5es S\u00e3o Roque","article_modified_time":"2021-12-15T19:23:17+00:00","twitter_card":"summary_large_image","twitter_misc":{"Est. tempo de leitura":"1 minuto"},"schema":{"@context":"https:\/\/schema.org","@graph":[{"@type":"WebSite","@id":"https:\/\/baloessaoroque.com.br\/en\/#website","url":"https:\/\/baloessaoroque.com.br\/en\/","name":"Bal\u00f5es S\u00e3o Roque","description":"Sua vida cheia de festa!","potentialAction":[{"@type":"SearchAction","target":{"@type":"EntryPoint","urlTemplate":"https:\/\/baloessaoroque.com.br\/en\/?s={search_term_string}"},"query-input":"required name=search_term_string"}],"inLanguage":"pt-BR"},{"@type":"WebPage","@id":"https:\/\/baloessaoroque.com.br\/en\/faq\/#webpage","url":"https:\/\/baloessaoroque.com.br\/en\/faq\/","name":"FAQ - Bal\u00f5es S\u00e3o Roque","isPartOf":{"@id":"https:\/\/baloessaoroque.com.br\/en\/#website"},"datePublished":"2021-06-18T18:11:18+00:00","dateModified":"2021-12-15T19:23:17+00:00","breadcrumb":{"@id":"https:\/\/baloessaoroque.com.br\/en\/faq\/#breadcrumb"},"inLanguage":"pt-BR","potentialAction":[{"@type":"ReadAction","target":["https:\/\/baloessaoroque.com.br\/en\/faq\/"]}]},{"@type":"BreadcrumbList","@id":"https:\/\/baloessaoroque.com.br\/en\/faq\/#breadcrumb","itemListElement":[{"@type":"ListItem","position":1,"name":"In\u00edcio","item":"https:\/\/baloessaoroque.com.br\/en\/"},{"@type":"ListItem","position":2,"name":"FAQ"}]}]}},"_links":{"self":[{"href":"https:\/\/baloessaoroque.com.br\/en\/wp-json\/wp\/v2\/pages\/6150"}],"collection":[{"href":"https:\/\/baloessaoroque.com.br\/en\/wp-json\/wp\/v2\/pages"}],"about":[{"href":"https:\/\/baloessaoroque.com.br\/en\/wp-json\/wp\/v2\/types\/page"}],"author":[{"embeddable":true,"href":"https:\/\/baloessaoroque.com.br\/en\/wp-json\/wp\/v2\/users\/1"}],"replies":[{"embeddable":true,"href":"https:\/\/baloessaoroque.com.br\/en\/wp-json\/wp\/v2\/comments?post=6150"}],"version-history":[{"count":4,"href":"https:\/\/baloessaoroque.com.br\/en\/wp-json\/wp\/v2\/pages\/6150\/revisions"}],"predecessor-version":[{"id":10188,"href":"https:\/\/baloessaoroque.com.br\/en\/wp-json\/wp\/v2\/pages\/6150\/revisions\/10188"}],"wp:attachment":[{"href":"https:\/\/baloessaoroque.com.br\/en\/wp-json\/wp\/v2\/media?parent=6150"}],"curies":[{"name":"wp","href":"https:\/\/api.w.org\/{rel}","templated":true}]}}