{"id":10542,"date":"2022-01-26T07:10:25","date_gmt":"2022-01-26T10:10:25","guid":{"rendered":"https:\/\/baloessaoroque.com.br\/en\/?post_type=product&#038;p=10542"},"modified":"2022-03-09T10:51:04","modified_gmt":"2022-03-09T13:51:04","slug":"balao-bolha-9-polegadas","status":"publish","type":"product","link":"https:\/\/baloessaoroque.com.br\/en\/produtos\/metalized-balloon\/bubble\/balao-bolha-9-polegadas\/","title":{"rendered":"Bal\u00e3o Bolha 9 Polegadas"},"content":{"rendered":"<p>O bal\u00e3o Bolha \u00e9 sem d\u00favida uma das maiores tend\u00eancias em bal\u00f5es para os pr\u00f3ximos anos, possui v\u00e1rios usos em decora\u00e7\u00f5es de festas. Lan\u00e7ado pela Bal\u00f5es S\u00e3o Roque h\u00e1 pouco tempo na op\u00e7\u00e3o de 9 pol., o produto \u00e9 composto principalmente por silicone, portanto um material bastante flex\u00edvel e male\u00e1vel, podendo ser utilizado de diversas formas, seja para compor bouquets de bal\u00f5es, como complemento em guirlandas descontru\u00eddas, decora\u00e7\u00f5es de bal\u00f5es no teto, bal\u00f5es menores e coloridos dentro do Bolha, entre tantas outras ideias criativas e geniais. A novidade mais recente para o bal\u00e3o Bolha \u00e9 utiliza-lo como embalagem para presentes&#8230; isso mesmo! Decoradores tem utilizado este produto com itens de presente dentro, o que s\u00f3 \u00e9 poss\u00edvel devido ao tamanho e flexibilidade do seu bico que permitem este feito. Tamb\u00e9m existe uma forte tend\u00eancia de personaliza\u00e7\u00e3o de bal\u00f5es Bolha com nomes e frases, que, pela sua transpar\u00eancia e formato bem redondo, gera um impacto realmente encantador. O produto pode ser inflado tanto com ar comum quanto com g\u00e1s h\u00e9lio, e, sua durabilidade inflada \u00e9 de mais ou menos 20 dias com g\u00e1s comum e 10 dias com g\u00e1s h\u00e9lio. O produto \u00e9 embalado individualmente e est\u00e1 dispon\u00edvel no modelo transparente.<\/p>\n","protected":false},"excerpt":{"rendered":"<p>O bal\u00e3o Bolha \u00e9 sem d\u00favida uma das maiores tend\u00eancias em bal\u00f5es para os pr\u00f3ximos anos, possui v\u00e1rios usos em [&hellip;]<\/p>\n","protected":false},"featured_media":8951,"comment_status":"closed","ping_status":"closed","template":"","meta":[],"product_cat":[1224],"product_tag":[1030,882,901,1922],"yoast_head":"<!-- This site is optimized with the Yoast SEO plugin v18.4.1 - https:\/\/yoast.com\/wordpress\/plugins\/seo\/ -->\n<title>Bal\u00e3o Bolha 9 Polegadas - Bal\u00f5es S\u00e3o Roque<\/title>\n<meta name=\"robots\" content=\"index, follow, max-snippet:-1, max-image-preview:large, max-video-preview:-1\" \/>\n<link rel=\"canonical\" href=\"https:\/\/baloessaoroque.com.br\/en\/produtos\/metalized-balloon\/bubble\/balao-bolha-9-polegadas\/\" \/>\n<meta property=\"og:locale\" content=\"pt_BR\" \/>\n<meta property=\"og:type\" content=\"article\" \/>\n<meta property=\"og:title\" content=\"Bal\u00e3o Bolha 9 Polegadas - Bal\u00f5es S\u00e3o Roque\" \/>\n<meta property=\"og:description\" content=\"O bal\u00e3o Bolha \u00e9 sem d\u00favida uma das maiores tend\u00eancias em bal\u00f5es para os pr\u00f3ximos anos, possui v\u00e1rios usos em [&hellip;]\" \/>\n<meta property=\"og:url\" content=\"https:\/\/baloessaoroque.com.br\/en\/produtos\/metalized-balloon\/bubble\/balao-bolha-9-polegadas\/\" \/>\n<meta property=\"og:site_name\" content=\"Bal\u00f5es S\u00e3o Roque\" \/>\n<meta property=\"article:modified_time\" content=\"2022-03-09T13:51:04+00:00\" \/>\n<meta property=\"og:image\" content=\"https:\/\/baloessaoroque.com.br\/en\/wp-content\/uploads\/2021\/06\/BALAO_BUBBLE_TRANSPARENTE.jpg\" \/>\n\t<meta property=\"og:image:width\" content=\"1200\" \/>\n\t<meta property=\"og:image:height\" content=\"1200\" \/>\n\t<meta property=\"og:image:type\" content=\"image\/jpeg\" \/>\n<meta name=\"twitter:card\" content=\"summary_large_image\" \/>\n<meta name=\"twitter:label1\" content=\"Est. tempo de leitura\" \/>\n\t<meta name=\"twitter:data1\" content=\"1 minuto\" \/>\n<script type=\"application\/ld+json\" class=\"yoast-schema-graph\">{\"@context\":\"https:\/\/schema.org\",\"@graph\":[{\"@type\":\"WebSite\",\"@id\":\"https:\/\/baloessaoroque.com.br\/en\/#website\",\"url\":\"https:\/\/baloessaoroque.com.br\/en\/\",\"name\":\"Bal\u00f5es S\u00e3o Roque\",\"description\":\"Sua vida cheia de festa!\",\"potentialAction\":[{\"@type\":\"SearchAction\",\"target\":{\"@type\":\"EntryPoint\",\"urlTemplate\":\"https:\/\/baloessaoroque.com.br\/en\/?s={search_term_string}\"},\"query-input\":\"required name=search_term_string\"}],\"inLanguage\":\"pt-BR\"},{\"@type\":\"ImageObject\",\"@id\":\"https:\/\/baloessaoroque.com.br\/en\/produtos\/metalized-balloon\/bubble\/balao-bolha-9-polegadas\/#primaryimage\",\"inLanguage\":\"pt-BR\",\"url\":\"https:\/\/baloessaoroque.com.br\/en\/wp-content\/uploads\/2021\/06\/BALAO_BUBBLE_TRANSPARENTE.jpg\",\"contentUrl\":\"https:\/\/baloessaoroque.com.br\/en\/wp-content\/uploads\/2021\/06\/BALAO_BUBBLE_TRANSPARENTE.jpg\",\"width\":1200,\"height\":1200,\"caption\":\"Transparente\"},{\"@type\":\"WebPage\",\"@id\":\"https:\/\/baloessaoroque.com.br\/en\/produtos\/metalized-balloon\/bubble\/balao-bolha-9-polegadas\/#webpage\",\"url\":\"https:\/\/baloessaoroque.com.br\/en\/produtos\/metalized-balloon\/bubble\/balao-bolha-9-polegadas\/\",\"name\":\"Bal\u00e3o Bolha 9 Polegadas - Bal\u00f5es S\u00e3o Roque\",\"isPartOf\":{\"@id\":\"https:\/\/baloessaoroque.com.br\/en\/#website\"},\"primaryImageOfPage\":{\"@id\":\"https:\/\/baloessaoroque.com.br\/en\/produtos\/metalized-balloon\/bubble\/balao-bolha-9-polegadas\/#primaryimage\"},\"datePublished\":\"2022-01-26T10:10:25+00:00\",\"dateModified\":\"2022-03-09T13:51:04+00:00\",\"breadcrumb\":{\"@id\":\"https:\/\/baloessaoroque.com.br\/en\/produtos\/metalized-balloon\/bubble\/balao-bolha-9-polegadas\/#breadcrumb\"},\"inLanguage\":\"pt-BR\",\"potentialAction\":[{\"@type\":\"ReadAction\",\"target\":[\"https:\/\/baloessaoroque.com.br\/en\/produtos\/metalized-balloon\/bubble\/balao-bolha-9-polegadas\/\"]}]},{\"@type\":\"BreadcrumbList\",\"@id\":\"https:\/\/baloessaoroque.com.br\/en\/produtos\/metalized-balloon\/bubble\/balao-bolha-9-polegadas\/#breadcrumb\",\"itemListElement\":[{\"@type\":\"ListItem\",\"position\":1,\"name\":\"In\u00edcio\",\"item\":\"https:\/\/baloessaoroque.com.br\/en\/\"},{\"@type\":\"ListItem\",\"position\":2,\"name\":\"Produtos\",\"item\":\"https:\/\/baloessaoroque.com.br\/en\/produtos\/\"},{\"@type\":\"ListItem\",\"position\":3,\"name\":\"Bal\u00e3o Bolha 9 Polegadas\"}]}]}<\/script>\n<!-- \/ Yoast SEO plugin. -->","yoast_head_json":{"title":"Bal\u00e3o Bolha 9 Polegadas - Bal\u00f5es S\u00e3o Roque","robots":{"index":"index","follow":"follow","max-snippet":"max-snippet:-1","max-image-preview":"max-image-preview:large","max-video-preview":"max-video-preview:-1"},"canonical":"https:\/\/baloessaoroque.com.br\/en\/produtos\/metalized-balloon\/bubble\/balao-bolha-9-polegadas\/","og_locale":"pt_BR","og_type":"article","og_title":"Bal\u00e3o Bolha 9 Polegadas - Bal\u00f5es S\u00e3o Roque","og_description":"O bal\u00e3o Bolha \u00e9 sem d\u00favida uma das maiores tend\u00eancias em bal\u00f5es para os pr\u00f3ximos anos, possui v\u00e1rios usos em [&hellip;]","og_url":"https:\/\/baloessaoroque.com.br\/en\/produtos\/metalized-balloon\/bubble\/balao-bolha-9-polegadas\/","og_site_name":"Bal\u00f5es S\u00e3o Roque","article_modified_time":"2022-03-09T13:51:04+00:00","og_image":[{"width":1200,"height":1200,"url":"https:\/\/baloessaoroque.com.br\/en\/wp-content\/uploads\/2021\/06\/BALAO_BUBBLE_TRANSPARENTE.jpg","type":"image\/jpeg"}],"twitter_card":"summary_large_image","twitter_misc":{"Est. tempo de leitura":"1 minuto"},"schema":{"@context":"https:\/\/schema.org","@graph":[{"@type":"WebSite","@id":"https:\/\/baloessaoroque.com.br\/en\/#website","url":"https:\/\/baloessaoroque.com.br\/en\/","name":"Bal\u00f5es S\u00e3o Roque","description":"Sua vida cheia de festa!","potentialAction":[{"@type":"SearchAction","target":{"@type":"EntryPoint","urlTemplate":"https:\/\/baloessaoroque.com.br\/en\/?s={search_term_string}"},"query-input":"required name=search_term_string"}],"inLanguage":"pt-BR"},{"@type":"ImageObject","@id":"https:\/\/baloessaoroque.com.br\/en\/produtos\/metalized-balloon\/bubble\/balao-bolha-9-polegadas\/#primaryimage","inLanguage":"pt-BR","url":"https:\/\/baloessaoroque.com.br\/en\/wp-content\/uploads\/2021\/06\/BALAO_BUBBLE_TRANSPARENTE.jpg","contentUrl":"https:\/\/baloessaoroque.com.br\/en\/wp-content\/uploads\/2021\/06\/BALAO_BUBBLE_TRANSPARENTE.jpg","width":1200,"height":1200,"caption":"Transparente"},{"@type":"WebPage","@id":"https:\/\/baloessaoroque.com.br\/en\/produtos\/metalized-balloon\/bubble\/balao-bolha-9-polegadas\/#webpage","url":"https:\/\/baloessaoroque.com.br\/en\/produtos\/metalized-balloon\/bubble\/balao-bolha-9-polegadas\/","name":"Bal\u00e3o Bolha 9 Polegadas - Bal\u00f5es S\u00e3o Roque","isPartOf":{"@id":"https:\/\/baloessaoroque.com.br\/en\/#website"},"primaryImageOfPage":{"@id":"https:\/\/baloessaoroque.com.br\/en\/produtos\/metalized-balloon\/bubble\/balao-bolha-9-polegadas\/#primaryimage"},"datePublished":"2022-01-26T10:10:25+00:00","dateModified":"2022-03-09T13:51:04+00:00","breadcrumb":{"@id":"https:\/\/baloessaoroque.com.br\/en\/produtos\/metalized-balloon\/bubble\/balao-bolha-9-polegadas\/#breadcrumb"},"inLanguage":"pt-BR","potentialAction":[{"@type":"ReadAction","target":["https:\/\/baloessaoroque.com.br\/en\/produtos\/metalized-balloon\/bubble\/balao-bolha-9-polegadas\/"]}]},{"@type":"BreadcrumbList","@id":"https:\/\/baloessaoroque.com.br\/en\/produtos\/metalized-balloon\/bubble\/balao-bolha-9-polegadas\/#breadcrumb","itemListElement":[{"@type":"ListItem","position":1,"name":"In\u00edcio","item":"https:\/\/baloessaoroque.com.br\/en\/"},{"@type":"ListItem","position":2,"name":"Produtos","item":"https:\/\/baloessaoroque.com.br\/en\/produtos\/"},{"@type":"ListItem","position":3,"name":"Bal\u00e3o Bolha 9 Polegadas"}]}]}},"_links":{"self":[{"href":"https:\/\/baloessaoroque.com.br\/en\/wp-json\/wp\/v2\/product\/10542"}],"collection":[{"href":"https:\/\/baloessaoroque.com.br\/en\/wp-json\/wp\/v2\/product"}],"about":[{"href":"https:\/\/baloessaoroque.com.br\/en\/wp-json\/wp\/v2\/types\/product"}],"replies":[{"embeddable":true,"href":"https:\/\/baloessaoroque.com.br\/en\/wp-json\/wp\/v2\/comments?post=10542"}],"wp:featuredmedia":[{"embeddable":true,"href":"https:\/\/baloessaoroque.com.br\/en\/wp-json\/wp\/v2\/media\/8951"}],"wp:attachment":[{"href":"https:\/\/baloessaoroque.com.br\/en\/wp-json\/wp\/v2\/media?parent=10542"}],"wp:term":[{"taxonomy":"product_cat","embeddable":true,"href":"https:\/\/baloessaoroque.com.br\/en\/wp-json\/wp\/v2\/product_cat?post=10542"},{"taxonomy":"product_tag","embeddable":true,"href":"https:\/\/baloessaoroque.com.br\/en\/wp-json\/wp\/v2\/product_tag?post=10542"}],"curies":[{"name":"wp","href":"https:\/\/api.w.org\/{rel}","templated":true}]}}