{"id":7645,"date":"2021-06-30T17:06:00","date_gmt":"2021-06-30T20:06:00","guid":{"rendered":"https:\/\/baloessaoroque.com.br\/en\/produtos\/sem%20categoria\/3d-borboleta\/"},"modified":"2021-09-24T11:53:51","modified_gmt":"2021-09-24T14:53:51","slug":"3d-borboleta","status":"publish","type":"product","link":"https:\/\/baloessaoroque.com.br\/en\/produtos\/metalized-balloon\/3d-borboleta\/","title":{"rendered":"3D Borboleta"},"content":{"rendered":"<p>Dentre todos os lan\u00e7amentos de bal\u00f5es metalizados da Bal\u00f5es S\u00e3o Roque, temos a \u2018Linha 3D\u2019 (3 dimens\u00f5es), conhecidos tamb\u00e9m por Shapes Diferenciados. S\u00e3o bal\u00f5es que possuem um recorte especial que objetiva tornar o produto pr\u00f3ximo da realidade, trazendo dinamismo e encantamento nas festas. S\u00e3o diversas op\u00e7\u00f5es de temas dispon\u00edveis, de animaizinhos \u00e0 potinhos de pipoca, em diversos tamanhos que podem ser adaptados ao seu espa\u00e7o e, podem ser manuseados por todos, pois conta com fechamento autom\u00e1tico da v\u00e1lvula, n\u00e3o necessitando de ferramentas como seladora para manter o produto inflado. Escolha o seu tema e abuse da criatividade para criar uma decora\u00e7\u00e3o inesquec\u00edvel para sua festa com os bal\u00f5es metalizados 3D da Bal\u00f5es S\u00e3o Roque. O conte\u00fado do pacote \u00e9 dobrado e embalado individualmente.<\/p>\n","protected":false},"excerpt":{"rendered":"<p>Dentre todos os lan\u00e7amentos de bal\u00f5es metalizados da Bal\u00f5es S\u00e3o Roque, temos a \u2018Linha 3D\u2019 (3 dimens\u00f5es), conhecidos tamb\u00e9m por [&hellip;]<\/p>\n","protected":false},"featured_media":3861,"comment_status":"closed","ping_status":"closed","template":"","meta":[],"product_cat":[1174],"product_tag":[1186,1831,1266],"yoast_head":"<!-- This site is optimized with the Yoast SEO plugin v18.4.1 - https:\/\/yoast.com\/wordpress\/plugins\/seo\/ -->\n<title>3D Borboleta - Bal\u00f5es S\u00e3o Roque<\/title>\n<meta name=\"robots\" content=\"index, follow, max-snippet:-1, max-image-preview:large, max-video-preview:-1\" \/>\n<link rel=\"canonical\" href=\"https:\/\/baloessaoroque.com.br\/en\/produtos\/metalized-balloon\/3d-borboleta\/\" \/>\n<meta property=\"og:locale\" content=\"pt_BR\" \/>\n<meta property=\"og:type\" content=\"article\" \/>\n<meta property=\"og:title\" content=\"3D Borboleta - Bal\u00f5es S\u00e3o Roque\" \/>\n<meta property=\"og:description\" content=\"Dentre todos os lan\u00e7amentos de bal\u00f5es metalizados da Bal\u00f5es S\u00e3o Roque, temos a \u2018Linha 3D\u2019 (3 dimens\u00f5es), conhecidos tamb\u00e9m por [&hellip;]\" \/>\n<meta property=\"og:url\" content=\"https:\/\/baloessaoroque.com.br\/en\/produtos\/metalized-balloon\/3d-borboleta\/\" \/>\n<meta property=\"og:site_name\" content=\"Bal\u00f5es S\u00e3o Roque\" \/>\n<meta property=\"article:modified_time\" content=\"2021-09-24T14:53:51+00:00\" \/>\n<meta property=\"og:image\" content=\"https:\/\/baloessaoroque.com.br\/en\/wp-content\/uploads\/2021\/01\/BALAO_3D_BORBOLETA-1.jpg\" \/>\n\t<meta property=\"og:image:width\" content=\"1200\" \/>\n\t<meta property=\"og:image:height\" content=\"1200\" \/>\n\t<meta property=\"og:image:type\" content=\"image\/jpeg\" \/>\n<meta name=\"twitter:card\" content=\"summary_large_image\" \/>\n<meta name=\"twitter:label1\" content=\"Est. tempo de leitura\" \/>\n\t<meta name=\"twitter:data1\" content=\"1 minuto\" \/>\n<script type=\"application\/ld+json\" class=\"yoast-schema-graph\">{\"@context\":\"https:\/\/schema.org\",\"@graph\":[{\"@type\":\"WebSite\",\"@id\":\"https:\/\/baloessaoroque.com.br\/en\/#website\",\"url\":\"https:\/\/baloessaoroque.com.br\/en\/\",\"name\":\"Bal\u00f5es S\u00e3o Roque\",\"description\":\"Sua vida cheia de festa!\",\"potentialAction\":[{\"@type\":\"SearchAction\",\"target\":{\"@type\":\"EntryPoint\",\"urlTemplate\":\"https:\/\/baloessaoroque.com.br\/en\/?s={search_term_string}\"},\"query-input\":\"required name=search_term_string\"}],\"inLanguage\":\"pt-BR\"},{\"@type\":\"ImageObject\",\"@id\":\"https:\/\/baloessaoroque.com.br\/en\/produtos\/metalized-balloon\/3d-borboleta\/#primaryimage\",\"inLanguage\":\"pt-BR\",\"url\":\"https:\/\/baloessaoroque.com.br\/en\/wp-content\/uploads\/2021\/01\/BALAO_3D_BORBOLETA-1.jpg\",\"contentUrl\":\"https:\/\/baloessaoroque.com.br\/en\/wp-content\/uploads\/2021\/01\/BALAO_3D_BORBOLETA-1.jpg\",\"width\":1200,\"height\":1200,\"caption\":\"3D - Borboleta\"},{\"@type\":\"WebPage\",\"@id\":\"https:\/\/baloessaoroque.com.br\/en\/produtos\/metalized-balloon\/3d-borboleta\/#webpage\",\"url\":\"https:\/\/baloessaoroque.com.br\/en\/produtos\/metalized-balloon\/3d-borboleta\/\",\"name\":\"3D Borboleta - Bal\u00f5es S\u00e3o Roque\",\"isPartOf\":{\"@id\":\"https:\/\/baloessaoroque.com.br\/en\/#website\"},\"primaryImageOfPage\":{\"@id\":\"https:\/\/baloessaoroque.com.br\/en\/produtos\/metalized-balloon\/3d-borboleta\/#primaryimage\"},\"datePublished\":\"2021-06-30T20:06:00+00:00\",\"dateModified\":\"2021-09-24T14:53:51+00:00\",\"breadcrumb\":{\"@id\":\"https:\/\/baloessaoroque.com.br\/en\/produtos\/metalized-balloon\/3d-borboleta\/#breadcrumb\"},\"inLanguage\":\"pt-BR\",\"potentialAction\":[{\"@type\":\"ReadAction\",\"target\":[\"https:\/\/baloessaoroque.com.br\/en\/produtos\/metalized-balloon\/3d-borboleta\/\"]}]},{\"@type\":\"BreadcrumbList\",\"@id\":\"https:\/\/baloessaoroque.com.br\/en\/produtos\/metalized-balloon\/3d-borboleta\/#breadcrumb\",\"itemListElement\":[{\"@type\":\"ListItem\",\"position\":1,\"name\":\"In\u00edcio\",\"item\":\"https:\/\/baloessaoroque.com.br\/en\/\"},{\"@type\":\"ListItem\",\"position\":2,\"name\":\"Produtos\",\"item\":\"https:\/\/baloessaoroque.com.br\/en\/produtos\/\"},{\"@type\":\"ListItem\",\"position\":3,\"name\":\"3D Borboleta\"}]}]}<\/script>\n<!-- \/ Yoast SEO plugin. -->","yoast_head_json":{"title":"3D Borboleta - Bal\u00f5es S\u00e3o Roque","robots":{"index":"index","follow":"follow","max-snippet":"max-snippet:-1","max-image-preview":"max-image-preview:large","max-video-preview":"max-video-preview:-1"},"canonical":"https:\/\/baloessaoroque.com.br\/en\/produtos\/metalized-balloon\/3d-borboleta\/","og_locale":"pt_BR","og_type":"article","og_title":"3D Borboleta - Bal\u00f5es S\u00e3o Roque","og_description":"Dentre todos os lan\u00e7amentos de bal\u00f5es metalizados da Bal\u00f5es S\u00e3o Roque, temos a \u2018Linha 3D\u2019 (3 dimens\u00f5es), conhecidos tamb\u00e9m por [&hellip;]","og_url":"https:\/\/baloessaoroque.com.br\/en\/produtos\/metalized-balloon\/3d-borboleta\/","og_site_name":"Bal\u00f5es S\u00e3o Roque","article_modified_time":"2021-09-24T14:53:51+00:00","og_image":[{"width":1200,"height":1200,"url":"https:\/\/baloessaoroque.com.br\/en\/wp-content\/uploads\/2021\/01\/BALAO_3D_BORBOLETA-1.jpg","type":"image\/jpeg"}],"twitter_card":"summary_large_image","twitter_misc":{"Est. tempo de leitura":"1 minuto"},"schema":{"@context":"https:\/\/schema.org","@graph":[{"@type":"WebSite","@id":"https:\/\/baloessaoroque.com.br\/en\/#website","url":"https:\/\/baloessaoroque.com.br\/en\/","name":"Bal\u00f5es S\u00e3o Roque","description":"Sua vida cheia de festa!","potentialAction":[{"@type":"SearchAction","target":{"@type":"EntryPoint","urlTemplate":"https:\/\/baloessaoroque.com.br\/en\/?s={search_term_string}"},"query-input":"required name=search_term_string"}],"inLanguage":"pt-BR"},{"@type":"ImageObject","@id":"https:\/\/baloessaoroque.com.br\/en\/produtos\/metalized-balloon\/3d-borboleta\/#primaryimage","inLanguage":"pt-BR","url":"https:\/\/baloessaoroque.com.br\/en\/wp-content\/uploads\/2021\/01\/BALAO_3D_BORBOLETA-1.jpg","contentUrl":"https:\/\/baloessaoroque.com.br\/en\/wp-content\/uploads\/2021\/01\/BALAO_3D_BORBOLETA-1.jpg","width":1200,"height":1200,"caption":"3D - Borboleta"},{"@type":"WebPage","@id":"https:\/\/baloessaoroque.com.br\/en\/produtos\/metalized-balloon\/3d-borboleta\/#webpage","url":"https:\/\/baloessaoroque.com.br\/en\/produtos\/metalized-balloon\/3d-borboleta\/","name":"3D Borboleta - Bal\u00f5es S\u00e3o Roque","isPartOf":{"@id":"https:\/\/baloessaoroque.com.br\/en\/#website"},"primaryImageOfPage":{"@id":"https:\/\/baloessaoroque.com.br\/en\/produtos\/metalized-balloon\/3d-borboleta\/#primaryimage"},"datePublished":"2021-06-30T20:06:00+00:00","dateModified":"2021-09-24T14:53:51+00:00","breadcrumb":{"@id":"https:\/\/baloessaoroque.com.br\/en\/produtos\/metalized-balloon\/3d-borboleta\/#breadcrumb"},"inLanguage":"pt-BR","potentialAction":[{"@type":"ReadAction","target":["https:\/\/baloessaoroque.com.br\/en\/produtos\/metalized-balloon\/3d-borboleta\/"]}]},{"@type":"BreadcrumbList","@id":"https:\/\/baloessaoroque.com.br\/en\/produtos\/metalized-balloon\/3d-borboleta\/#breadcrumb","itemListElement":[{"@type":"ListItem","position":1,"name":"In\u00edcio","item":"https:\/\/baloessaoroque.com.br\/en\/"},{"@type":"ListItem","position":2,"name":"Produtos","item":"https:\/\/baloessaoroque.com.br\/en\/produtos\/"},{"@type":"ListItem","position":3,"name":"3D Borboleta"}]}]}},"_links":{"self":[{"href":"https:\/\/baloessaoroque.com.br\/en\/wp-json\/wp\/v2\/product\/7645"}],"collection":[{"href":"https:\/\/baloessaoroque.com.br\/en\/wp-json\/wp\/v2\/product"}],"about":[{"href":"https:\/\/baloessaoroque.com.br\/en\/wp-json\/wp\/v2\/types\/product"}],"replies":[{"embeddable":true,"href":"https:\/\/baloessaoroque.com.br\/en\/wp-json\/wp\/v2\/comments?post=7645"}],"wp:featuredmedia":[{"embeddable":true,"href":"https:\/\/baloessaoroque.com.br\/en\/wp-json\/wp\/v2\/media\/3861"}],"wp:attachment":[{"href":"https:\/\/baloessaoroque.com.br\/en\/wp-json\/wp\/v2\/media?parent=7645"}],"wp:term":[{"taxonomy":"product_cat","embeddable":true,"href":"https:\/\/baloessaoroque.com.br\/en\/wp-json\/wp\/v2\/product_cat?post=7645"},{"taxonomy":"product_tag","embeddable":true,"href":"https:\/\/baloessaoroque.com.br\/en\/wp-json\/wp\/v2\/product_tag?post=7645"}],"curies":[{"name":"wp","href":"https:\/\/api.w.org\/{rel}","templated":true}]}}