{"id":7724,"date":"2021-06-30T17:06:48","date_gmt":"2021-06-30T20:06:48","guid":{"rendered":"https:\/\/baloessaoroque.com.br\/en\/produtos\/sem%20categoria\/basic-sortido-3-polegadas\/"},"modified":"2021-07-01T12:10:21","modified_gmt":"2021-07-01T15:10:21","slug":"basic-sortido-3-polegadas","status":"publish","type":"product","link":"https:\/\/baloessaoroque.com.br\/en\/produtos\/basic\/basic-sortido-3-polegadas\/","title":{"rendered":"Basic Sortido 3 Polegadas"},"content":{"rendered":"<p>O bal\u00e3o Zerinho \u00e9 o produto pensado exclusivamente para a divers\u00e3o da galera, principalmente em \u00e9pocas de ver\u00e3o. Pr\u00f3prio para fazer guerrinhas de \u00e1gua, esse produto \u00e9 mais fino propositalmente, para n\u00e3o machucar. Al\u00e9m disto, os amantes de decora\u00e7\u00e3o de festa ousaram na criatividade e est\u00e3o utilizando este bal\u00e3o para decora\u00e7\u00f5es de topo de bolo<\/p>\n","protected":false},"excerpt":{"rendered":"<p>O bal\u00e3o Zerinho \u00e9 o produto pensado exclusivamente para a divers\u00e3o da galera, principalmente em \u00e9pocas de ver\u00e3o. Pr\u00f3prio para [&hellip;]<\/p>\n","protected":false},"featured_media":2871,"comment_status":"closed","ping_status":"closed","template":"","meta":[],"product_cat":[1130],"product_tag":[882,978,952,1028,943],"yoast_head":"<!-- This site is optimized with the Yoast SEO plugin v18.4.1 - https:\/\/yoast.com\/wordpress\/plugins\/seo\/ -->\n<title>Basic Sortido 3 Polegadas - Bal\u00f5es S\u00e3o Roque<\/title>\n<meta name=\"robots\" content=\"index, follow, max-snippet:-1, max-image-preview:large, max-video-preview:-1\" \/>\n<link rel=\"canonical\" href=\"https:\/\/baloessaoroque.com.br\/en\/produtos\/basic\/basic-sortido-3-polegadas\/\" \/>\n<meta property=\"og:locale\" content=\"pt_BR\" \/>\n<meta property=\"og:type\" content=\"article\" \/>\n<meta property=\"og:title\" content=\"Basic Sortido 3 Polegadas - Bal\u00f5es S\u00e3o Roque\" \/>\n<meta property=\"og:description\" content=\"O bal\u00e3o Zerinho \u00e9 o produto pensado exclusivamente para a divers\u00e3o da galera, principalmente em \u00e9pocas de ver\u00e3o. Pr\u00f3prio para [&hellip;]\" \/>\n<meta property=\"og:url\" content=\"https:\/\/baloessaoroque.com.br\/en\/produtos\/basic\/basic-sortido-3-polegadas\/\" \/>\n<meta property=\"og:site_name\" content=\"Bal\u00f5es S\u00e3o Roque\" \/>\n<meta property=\"article:modified_time\" content=\"2021-07-01T15:10:21+00:00\" \/>\n<meta property=\"og:image\" content=\"https:\/\/baloessaoroque.com.br\/en\/wp-content\/uploads\/2021\/01\/BALAO_BASIC_3_ZERINHO_TODAS_CORES.jpg\" \/>\n\t<meta property=\"og:image:width\" content=\"1200\" \/>\n\t<meta property=\"og:image:height\" content=\"1200\" \/>\n\t<meta property=\"og:image:type\" content=\"image\/jpeg\" \/>\n<meta name=\"twitter:card\" content=\"summary_large_image\" \/>\n<script type=\"application\/ld+json\" class=\"yoast-schema-graph\">{\"@context\":\"https:\/\/schema.org\",\"@graph\":[{\"@type\":\"WebSite\",\"@id\":\"https:\/\/baloessaoroque.com.br\/en\/#website\",\"url\":\"https:\/\/baloessaoroque.com.br\/en\/\",\"name\":\"Bal\u00f5es S\u00e3o Roque\",\"description\":\"Sua vida cheia de festa!\",\"potentialAction\":[{\"@type\":\"SearchAction\",\"target\":{\"@type\":\"EntryPoint\",\"urlTemplate\":\"https:\/\/baloessaoroque.com.br\/en\/?s={search_term_string}\"},\"query-input\":\"required name=search_term_string\"}],\"inLanguage\":\"pt-BR\"},{\"@type\":\"ImageObject\",\"@id\":\"https:\/\/baloessaoroque.com.br\/en\/produtos\/basic\/basic-sortido-3-polegadas\/#primaryimage\",\"inLanguage\":\"pt-BR\",\"url\":\"https:\/\/baloessaoroque.com.br\/en\/wp-content\/uploads\/2021\/01\/BALAO_BASIC_3_ZERINHO_TODAS_CORES.jpg\",\"contentUrl\":\"https:\/\/baloessaoroque.com.br\/en\/wp-content\/uploads\/2021\/01\/BALAO_BASIC_3_ZERINHO_TODAS_CORES.jpg\",\"width\":1200,\"height\":1200,\"caption\":\"Sortido\"},{\"@type\":\"WebPage\",\"@id\":\"https:\/\/baloessaoroque.com.br\/en\/produtos\/basic\/basic-sortido-3-polegadas\/#webpage\",\"url\":\"https:\/\/baloessaoroque.com.br\/en\/produtos\/basic\/basic-sortido-3-polegadas\/\",\"name\":\"Basic Sortido 3 Polegadas - Bal\u00f5es S\u00e3o Roque\",\"isPartOf\":{\"@id\":\"https:\/\/baloessaoroque.com.br\/en\/#website\"},\"primaryImageOfPage\":{\"@id\":\"https:\/\/baloessaoroque.com.br\/en\/produtos\/basic\/basic-sortido-3-polegadas\/#primaryimage\"},\"datePublished\":\"2021-06-30T20:06:48+00:00\",\"dateModified\":\"2021-07-01T15:10:21+00:00\",\"breadcrumb\":{\"@id\":\"https:\/\/baloessaoroque.com.br\/en\/produtos\/basic\/basic-sortido-3-polegadas\/#breadcrumb\"},\"inLanguage\":\"pt-BR\",\"potentialAction\":[{\"@type\":\"ReadAction\",\"target\":[\"https:\/\/baloessaoroque.com.br\/en\/produtos\/basic\/basic-sortido-3-polegadas\/\"]}]},{\"@type\":\"BreadcrumbList\",\"@id\":\"https:\/\/baloessaoroque.com.br\/en\/produtos\/basic\/basic-sortido-3-polegadas\/#breadcrumb\",\"itemListElement\":[{\"@type\":\"ListItem\",\"position\":1,\"name\":\"In\u00edcio\",\"item\":\"https:\/\/baloessaoroque.com.br\/en\/\"},{\"@type\":\"ListItem\",\"position\":2,\"name\":\"Produtos\",\"item\":\"https:\/\/baloessaoroque.com.br\/en\/produtos\/\"},{\"@type\":\"ListItem\",\"position\":3,\"name\":\"Basic Sortido 3 Polegadas\"}]}]}<\/script>\n<!-- \/ Yoast SEO plugin. -->","yoast_head_json":{"title":"Basic Sortido 3 Polegadas - Bal\u00f5es S\u00e3o Roque","robots":{"index":"index","follow":"follow","max-snippet":"max-snippet:-1","max-image-preview":"max-image-preview:large","max-video-preview":"max-video-preview:-1"},"canonical":"https:\/\/baloessaoroque.com.br\/en\/produtos\/basic\/basic-sortido-3-polegadas\/","og_locale":"pt_BR","og_type":"article","og_title":"Basic Sortido 3 Polegadas - Bal\u00f5es S\u00e3o Roque","og_description":"O bal\u00e3o Zerinho \u00e9 o produto pensado exclusivamente para a divers\u00e3o da galera, principalmente em \u00e9pocas de ver\u00e3o. Pr\u00f3prio para [&hellip;]","og_url":"https:\/\/baloessaoroque.com.br\/en\/produtos\/basic\/basic-sortido-3-polegadas\/","og_site_name":"Bal\u00f5es S\u00e3o Roque","article_modified_time":"2021-07-01T15:10:21+00:00","og_image":[{"width":1200,"height":1200,"url":"https:\/\/baloessaoroque.com.br\/en\/wp-content\/uploads\/2021\/01\/BALAO_BASIC_3_ZERINHO_TODAS_CORES.jpg","type":"image\/jpeg"}],"twitter_card":"summary_large_image","schema":{"@context":"https:\/\/schema.org","@graph":[{"@type":"WebSite","@id":"https:\/\/baloessaoroque.com.br\/en\/#website","url":"https:\/\/baloessaoroque.com.br\/en\/","name":"Bal\u00f5es S\u00e3o Roque","description":"Sua vida cheia de festa!","potentialAction":[{"@type":"SearchAction","target":{"@type":"EntryPoint","urlTemplate":"https:\/\/baloessaoroque.com.br\/en\/?s={search_term_string}"},"query-input":"required name=search_term_string"}],"inLanguage":"pt-BR"},{"@type":"ImageObject","@id":"https:\/\/baloessaoroque.com.br\/en\/produtos\/basic\/basic-sortido-3-polegadas\/#primaryimage","inLanguage":"pt-BR","url":"https:\/\/baloessaoroque.com.br\/en\/wp-content\/uploads\/2021\/01\/BALAO_BASIC_3_ZERINHO_TODAS_CORES.jpg","contentUrl":"https:\/\/baloessaoroque.com.br\/en\/wp-content\/uploads\/2021\/01\/BALAO_BASIC_3_ZERINHO_TODAS_CORES.jpg","width":1200,"height":1200,"caption":"Sortido"},{"@type":"WebPage","@id":"https:\/\/baloessaoroque.com.br\/en\/produtos\/basic\/basic-sortido-3-polegadas\/#webpage","url":"https:\/\/baloessaoroque.com.br\/en\/produtos\/basic\/basic-sortido-3-polegadas\/","name":"Basic Sortido 3 Polegadas - Bal\u00f5es S\u00e3o Roque","isPartOf":{"@id":"https:\/\/baloessaoroque.com.br\/en\/#website"},"primaryImageOfPage":{"@id":"https:\/\/baloessaoroque.com.br\/en\/produtos\/basic\/basic-sortido-3-polegadas\/#primaryimage"},"datePublished":"2021-06-30T20:06:48+00:00","dateModified":"2021-07-01T15:10:21+00:00","breadcrumb":{"@id":"https:\/\/baloessaoroque.com.br\/en\/produtos\/basic\/basic-sortido-3-polegadas\/#breadcrumb"},"inLanguage":"pt-BR","potentialAction":[{"@type":"ReadAction","target":["https:\/\/baloessaoroque.com.br\/en\/produtos\/basic\/basic-sortido-3-polegadas\/"]}]},{"@type":"BreadcrumbList","@id":"https:\/\/baloessaoroque.com.br\/en\/produtos\/basic\/basic-sortido-3-polegadas\/#breadcrumb","itemListElement":[{"@type":"ListItem","position":1,"name":"In\u00edcio","item":"https:\/\/baloessaoroque.com.br\/en\/"},{"@type":"ListItem","position":2,"name":"Produtos","item":"https:\/\/baloessaoroque.com.br\/en\/produtos\/"},{"@type":"ListItem","position":3,"name":"Basic Sortido 3 Polegadas"}]}]}},"_links":{"self":[{"href":"https:\/\/baloessaoroque.com.br\/en\/wp-json\/wp\/v2\/product\/7724"}],"collection":[{"href":"https:\/\/baloessaoroque.com.br\/en\/wp-json\/wp\/v2\/product"}],"about":[{"href":"https:\/\/baloessaoroque.com.br\/en\/wp-json\/wp\/v2\/types\/product"}],"replies":[{"embeddable":true,"href":"https:\/\/baloessaoroque.com.br\/en\/wp-json\/wp\/v2\/comments?post=7724"}],"wp:featuredmedia":[{"embeddable":true,"href":"https:\/\/baloessaoroque.com.br\/en\/wp-json\/wp\/v2\/media\/2871"}],"wp:attachment":[{"href":"https:\/\/baloessaoroque.com.br\/en\/wp-json\/wp\/v2\/media?parent=7724"}],"wp:term":[{"taxonomy":"product_cat","embeddable":true,"href":"https:\/\/baloessaoroque.com.br\/en\/wp-json\/wp\/v2\/product_cat?post=7724"},{"taxonomy":"product_tag","embeddable":true,"href":"https:\/\/baloessaoroque.com.br\/en\/wp-json\/wp\/v2\/product_tag?post=7724"}],"curies":[{"name":"wp","href":"https:\/\/api.w.org\/{rel}","templated":true}]}}