{"id":7810,"date":"2021-06-30T17:07:30","date_gmt":"2021-06-30T20:07:30","guid":{"rendered":"https:\/\/baloessaoroque.com.br\/en\/produtos\/sem%20categoria\/candy-color-verde-9-polegadas\/"},"modified":"2022-01-13T22:46:14","modified_gmt":"2022-01-14T01:46:14","slug":"candy-color-verde-9-polegadas","status":"publish","type":"product","link":"https:\/\/baloessaoroque.com.br\/en\/produtos\/candy-colors\/candy-color-verde-9-polegadas\/","title":{"rendered":"Candy Colors Verde 9 Polegadas"},"content":{"rendered":"<p>Tonalidades suaves e toques delicados s\u00e3o a nova tend\u00eancia em decora\u00e7\u00e3o que est\u00e1 conquistando cada vez mais o p\u00fablico, e, a Bal\u00f5es S\u00e3o Roque possui a linha perfeita para deixar a decora\u00e7\u00e3o da sua festa ainda mais completa. A linha Candy Color possui uma paleta de cores bem clarinhas e cada bal\u00e3o conta com uma sutileza \u00fanica. As cores oferecem os tons ideais sem a necessidade de trabalhar com bal\u00f5es duplos (bal\u00e3o de cor quente dentro do bal\u00e3o de cor branca). Agora, al\u00e9m da qualidade e da durabilidade j\u00e1 conhecida no mercado, com a chegada desta linha o portf\u00f3lio est\u00e1 completo!<\/p>\n","protected":false},"excerpt":{"rendered":"<p>Tonalidades suaves e toques delicados s\u00e3o a nova tend\u00eancia em decora\u00e7\u00e3o que est\u00e1 conquistando cada vez mais o p\u00fablico, e, [&hellip;]<\/p>\n","protected":false},"featured_media":5341,"comment_status":"closed","ping_status":"closed","template":"","meta":[],"product_cat":[1024],"product_tag":[887,1026,1027,1197,1030,882,901,1279,1856,1831,1266,907,978,952,1028],"yoast_head":"<!-- This site is optimized with the Yoast SEO plugin v18.4.1 - https:\/\/yoast.com\/wordpress\/plugins\/seo\/ -->\n<title>Candy Colors Verde 9 Polegadas - Bal\u00f5es S\u00e3o Roque<\/title>\n<meta name=\"robots\" content=\"index, follow, max-snippet:-1, max-image-preview:large, max-video-preview:-1\" \/>\n<link rel=\"canonical\" href=\"https:\/\/baloessaoroque.com.br\/en\/produtos\/candy-colors\/candy-color-verde-9-polegadas\/\" \/>\n<meta property=\"og:locale\" content=\"pt_BR\" \/>\n<meta property=\"og:type\" content=\"article\" \/>\n<meta property=\"og:title\" content=\"Candy Colors Verde 9 Polegadas - Bal\u00f5es S\u00e3o Roque\" \/>\n<meta property=\"og:description\" content=\"Tonalidades suaves e toques delicados s\u00e3o a nova tend\u00eancia em decora\u00e7\u00e3o que est\u00e1 conquistando cada vez mais o p\u00fablico, e, [&hellip;]\" \/>\n<meta property=\"og:url\" content=\"https:\/\/baloessaoroque.com.br\/en\/produtos\/candy-colors\/candy-color-verde-9-polegadas\/\" \/>\n<meta property=\"og:site_name\" content=\"Bal\u00f5es S\u00e3o Roque\" \/>\n<meta property=\"article:modified_time\" content=\"2022-01-14T01:46:14+00:00\" \/>\n<meta property=\"og:image\" content=\"https:\/\/baloessaoroque.com.br\/en\/wp-content\/uploads\/2021\/01\/BALAO_CANDY_COLOR_9_VERDE-1.jpg\" \/>\n\t<meta property=\"og:image:width\" content=\"1200\" \/>\n\t<meta property=\"og:image:height\" content=\"1200\" \/>\n\t<meta property=\"og:image:type\" content=\"image\/jpeg\" \/>\n<meta name=\"twitter:card\" content=\"summary_large_image\" \/>\n<meta name=\"twitter:label1\" content=\"Est. tempo de leitura\" \/>\n\t<meta name=\"twitter:data1\" content=\"1 minuto\" \/>\n<script type=\"application\/ld+json\" class=\"yoast-schema-graph\">{\"@context\":\"https:\/\/schema.org\",\"@graph\":[{\"@type\":\"WebSite\",\"@id\":\"https:\/\/baloessaoroque.com.br\/en\/#website\",\"url\":\"https:\/\/baloessaoroque.com.br\/en\/\",\"name\":\"Bal\u00f5es S\u00e3o Roque\",\"description\":\"Sua vida cheia de festa!\",\"potentialAction\":[{\"@type\":\"SearchAction\",\"target\":{\"@type\":\"EntryPoint\",\"urlTemplate\":\"https:\/\/baloessaoroque.com.br\/en\/?s={search_term_string}\"},\"query-input\":\"required name=search_term_string\"}],\"inLanguage\":\"pt-BR\"},{\"@type\":\"ImageObject\",\"@id\":\"https:\/\/baloessaoroque.com.br\/en\/produtos\/candy-colors\/candy-color-verde-9-polegadas\/#primaryimage\",\"inLanguage\":\"pt-BR\",\"url\":\"https:\/\/baloessaoroque.com.br\/en\/wp-content\/uploads\/2021\/01\/BALAO_CANDY_COLOR_9_VERDE-1.jpg\",\"contentUrl\":\"https:\/\/baloessaoroque.com.br\/en\/wp-content\/uploads\/2021\/01\/BALAO_CANDY_COLOR_9_VERDE-1.jpg\",\"width\":1200,\"height\":1200,\"caption\":\"Verde\"},{\"@type\":\"WebPage\",\"@id\":\"https:\/\/baloessaoroque.com.br\/en\/produtos\/candy-colors\/candy-color-verde-9-polegadas\/#webpage\",\"url\":\"https:\/\/baloessaoroque.com.br\/en\/produtos\/candy-colors\/candy-color-verde-9-polegadas\/\",\"name\":\"Candy Colors Verde 9 Polegadas - Bal\u00f5es S\u00e3o Roque\",\"isPartOf\":{\"@id\":\"https:\/\/baloessaoroque.com.br\/en\/#website\"},\"primaryImageOfPage\":{\"@id\":\"https:\/\/baloessaoroque.com.br\/en\/produtos\/candy-colors\/candy-color-verde-9-polegadas\/#primaryimage\"},\"datePublished\":\"2021-06-30T20:07:30+00:00\",\"dateModified\":\"2022-01-14T01:46:14+00:00\",\"breadcrumb\":{\"@id\":\"https:\/\/baloessaoroque.com.br\/en\/produtos\/candy-colors\/candy-color-verde-9-polegadas\/#breadcrumb\"},\"inLanguage\":\"pt-BR\",\"potentialAction\":[{\"@type\":\"ReadAction\",\"target\":[\"https:\/\/baloessaoroque.com.br\/en\/produtos\/candy-colors\/candy-color-verde-9-polegadas\/\"]}]},{\"@type\":\"BreadcrumbList\",\"@id\":\"https:\/\/baloessaoroque.com.br\/en\/produtos\/candy-colors\/candy-color-verde-9-polegadas\/#breadcrumb\",\"itemListElement\":[{\"@type\":\"ListItem\",\"position\":1,\"name\":\"In\u00edcio\",\"item\":\"https:\/\/baloessaoroque.com.br\/en\/\"},{\"@type\":\"ListItem\",\"position\":2,\"name\":\"Produtos\",\"item\":\"https:\/\/baloessaoroque.com.br\/en\/produtos\/\"},{\"@type\":\"ListItem\",\"position\":3,\"name\":\"Candy Colors Verde 9 Polegadas\"}]}]}<\/script>\n<!-- \/ Yoast SEO plugin. -->","yoast_head_json":{"title":"Candy Colors Verde 9 Polegadas - Bal\u00f5es S\u00e3o Roque","robots":{"index":"index","follow":"follow","max-snippet":"max-snippet:-1","max-image-preview":"max-image-preview:large","max-video-preview":"max-video-preview:-1"},"canonical":"https:\/\/baloessaoroque.com.br\/en\/produtos\/candy-colors\/candy-color-verde-9-polegadas\/","og_locale":"pt_BR","og_type":"article","og_title":"Candy Colors Verde 9 Polegadas - Bal\u00f5es S\u00e3o Roque","og_description":"Tonalidades suaves e toques delicados s\u00e3o a nova tend\u00eancia em decora\u00e7\u00e3o que est\u00e1 conquistando cada vez mais o p\u00fablico, e, [&hellip;]","og_url":"https:\/\/baloessaoroque.com.br\/en\/produtos\/candy-colors\/candy-color-verde-9-polegadas\/","og_site_name":"Bal\u00f5es S\u00e3o Roque","article_modified_time":"2022-01-14T01:46:14+00:00","og_image":[{"width":1200,"height":1200,"url":"https:\/\/baloessaoroque.com.br\/en\/wp-content\/uploads\/2021\/01\/BALAO_CANDY_COLOR_9_VERDE-1.jpg","type":"image\/jpeg"}],"twitter_card":"summary_large_image","twitter_misc":{"Est. tempo de leitura":"1 minuto"},"schema":{"@context":"https:\/\/schema.org","@graph":[{"@type":"WebSite","@id":"https:\/\/baloessaoroque.com.br\/en\/#website","url":"https:\/\/baloessaoroque.com.br\/en\/","name":"Bal\u00f5es S\u00e3o Roque","description":"Sua vida cheia de festa!","potentialAction":[{"@type":"SearchAction","target":{"@type":"EntryPoint","urlTemplate":"https:\/\/baloessaoroque.com.br\/en\/?s={search_term_string}"},"query-input":"required name=search_term_string"}],"inLanguage":"pt-BR"},{"@type":"ImageObject","@id":"https:\/\/baloessaoroque.com.br\/en\/produtos\/candy-colors\/candy-color-verde-9-polegadas\/#primaryimage","inLanguage":"pt-BR","url":"https:\/\/baloessaoroque.com.br\/en\/wp-content\/uploads\/2021\/01\/BALAO_CANDY_COLOR_9_VERDE-1.jpg","contentUrl":"https:\/\/baloessaoroque.com.br\/en\/wp-content\/uploads\/2021\/01\/BALAO_CANDY_COLOR_9_VERDE-1.jpg","width":1200,"height":1200,"caption":"Verde"},{"@type":"WebPage","@id":"https:\/\/baloessaoroque.com.br\/en\/produtos\/candy-colors\/candy-color-verde-9-polegadas\/#webpage","url":"https:\/\/baloessaoroque.com.br\/en\/produtos\/candy-colors\/candy-color-verde-9-polegadas\/","name":"Candy Colors Verde 9 Polegadas - Bal\u00f5es S\u00e3o Roque","isPartOf":{"@id":"https:\/\/baloessaoroque.com.br\/en\/#website"},"primaryImageOfPage":{"@id":"https:\/\/baloessaoroque.com.br\/en\/produtos\/candy-colors\/candy-color-verde-9-polegadas\/#primaryimage"},"datePublished":"2021-06-30T20:07:30+00:00","dateModified":"2022-01-14T01:46:14+00:00","breadcrumb":{"@id":"https:\/\/baloessaoroque.com.br\/en\/produtos\/candy-colors\/candy-color-verde-9-polegadas\/#breadcrumb"},"inLanguage":"pt-BR","potentialAction":[{"@type":"ReadAction","target":["https:\/\/baloessaoroque.com.br\/en\/produtos\/candy-colors\/candy-color-verde-9-polegadas\/"]}]},{"@type":"BreadcrumbList","@id":"https:\/\/baloessaoroque.com.br\/en\/produtos\/candy-colors\/candy-color-verde-9-polegadas\/#breadcrumb","itemListElement":[{"@type":"ListItem","position":1,"name":"In\u00edcio","item":"https:\/\/baloessaoroque.com.br\/en\/"},{"@type":"ListItem","position":2,"name":"Produtos","item":"https:\/\/baloessaoroque.com.br\/en\/produtos\/"},{"@type":"ListItem","position":3,"name":"Candy Colors Verde 9 Polegadas"}]}]}},"_links":{"self":[{"href":"https:\/\/baloessaoroque.com.br\/en\/wp-json\/wp\/v2\/product\/7810"}],"collection":[{"href":"https:\/\/baloessaoroque.com.br\/en\/wp-json\/wp\/v2\/product"}],"about":[{"href":"https:\/\/baloessaoroque.com.br\/en\/wp-json\/wp\/v2\/types\/product"}],"replies":[{"embeddable":true,"href":"https:\/\/baloessaoroque.com.br\/en\/wp-json\/wp\/v2\/comments?post=7810"}],"wp:featuredmedia":[{"embeddable":true,"href":"https:\/\/baloessaoroque.com.br\/en\/wp-json\/wp\/v2\/media\/5341"}],"wp:attachment":[{"href":"https:\/\/baloessaoroque.com.br\/en\/wp-json\/wp\/v2\/media?parent=7810"}],"wp:term":[{"taxonomy":"product_cat","embeddable":true,"href":"https:\/\/baloessaoroque.com.br\/en\/wp-json\/wp\/v2\/product_cat?post=7810"},{"taxonomy":"product_tag","embeddable":true,"href":"https:\/\/baloessaoroque.com.br\/en\/wp-json\/wp\/v2\/product_tag?post=7810"}],"curies":[{"name":"wp","href":"https:\/\/api.w.org\/{rel}","templated":true}]}}