{"id":7897,"date":"2021-06-30T17:08:31","date_gmt":"2021-06-30T20:08:31","guid":{"rendered":"https:\/\/baloessaoroque.com.br\/en\/produtos\/sem%20categoria\/cristal-violeta-purpura-7-polegadas\/"},"modified":"2021-09-23T21:33:18","modified_gmt":"2021-09-24T00:33:18","slug":"cristal-violeta-purpura-7-polegadas","status":"publish","type":"product","link":"https:\/\/baloessaoroque.com.br\/en\/produtos\/crystal\/cristal-violeta-purpura-7-polegadas\/","title":{"rendered":"Cristal Violeta P\u00farpura 7 Polegadas"},"content":{"rendered":"<p>Tend\u00eancia muito bem explorada em outros pa\u00edses, a linha cristal conta com bal\u00f5es lisos de \u00f3timo brilho, levemente transl\u00facidos, que com certeza encantam a todos quando inflados.<\/p>\n","protected":false},"excerpt":{"rendered":"<p>Tend\u00eancia muito bem explorada em outros pa\u00edses, a linha cristal conta com bal\u00f5es lisos de \u00f3timo brilho, levemente transl\u00facidos, que [&hellip;]<\/p>\n","protected":false},"featured_media":2953,"comment_status":"closed","ping_status":"closed","template":"","meta":[],"product_cat":[1048],"product_tag":[1027,1266,1028],"yoast_head":"<!-- This site is optimized with the Yoast SEO plugin v18.4.1 - https:\/\/yoast.com\/wordpress\/plugins\/seo\/ -->\n<title>Cristal Violeta P\u00farpura 7 Polegadas - Bal\u00f5es S\u00e3o Roque<\/title>\n<meta name=\"robots\" content=\"index, follow, max-snippet:-1, max-image-preview:large, max-video-preview:-1\" \/>\n<link rel=\"canonical\" href=\"https:\/\/baloessaoroque.com.br\/en\/produtos\/crystal\/cristal-violeta-purpura-7-polegadas\/\" \/>\n<meta property=\"og:locale\" content=\"pt_BR\" \/>\n<meta property=\"og:type\" content=\"article\" \/>\n<meta property=\"og:title\" content=\"Cristal Violeta P\u00farpura 7 Polegadas - Bal\u00f5es S\u00e3o Roque\" \/>\n<meta property=\"og:description\" content=\"Tend\u00eancia muito bem explorada em outros pa\u00edses, a linha cristal conta com bal\u00f5es lisos de \u00f3timo brilho, levemente transl\u00facidos, que [&hellip;]\" \/>\n<meta property=\"og:url\" content=\"https:\/\/baloessaoroque.com.br\/en\/produtos\/crystal\/cristal-violeta-purpura-7-polegadas\/\" \/>\n<meta property=\"og:site_name\" content=\"Bal\u00f5es S\u00e3o Roque\" \/>\n<meta property=\"article:modified_time\" content=\"2021-09-24T00:33:18+00:00\" \/>\n<meta property=\"og:image\" content=\"https:\/\/baloessaoroque.com.br\/en\/wp-content\/uploads\/2021\/01\/BALAO_CRISTAL_7_ROXO.jpg\" \/>\n\t<meta property=\"og:image:width\" content=\"1200\" \/>\n\t<meta property=\"og:image:height\" content=\"1200\" \/>\n\t<meta property=\"og:image:type\" content=\"image\/jpeg\" \/>\n<meta name=\"twitter:card\" content=\"summary_large_image\" \/>\n<script type=\"application\/ld+json\" class=\"yoast-schema-graph\">{\"@context\":\"https:\/\/schema.org\",\"@graph\":[{\"@type\":\"WebSite\",\"@id\":\"https:\/\/baloessaoroque.com.br\/en\/#website\",\"url\":\"https:\/\/baloessaoroque.com.br\/en\/\",\"name\":\"Bal\u00f5es S\u00e3o Roque\",\"description\":\"Sua vida cheia de festa!\",\"potentialAction\":[{\"@type\":\"SearchAction\",\"target\":{\"@type\":\"EntryPoint\",\"urlTemplate\":\"https:\/\/baloessaoroque.com.br\/en\/?s={search_term_string}\"},\"query-input\":\"required name=search_term_string\"}],\"inLanguage\":\"pt-BR\"},{\"@type\":\"ImageObject\",\"@id\":\"https:\/\/baloessaoroque.com.br\/en\/produtos\/crystal\/cristal-violeta-purpura-7-polegadas\/#primaryimage\",\"inLanguage\":\"pt-BR\",\"url\":\"https:\/\/baloessaoroque.com.br\/en\/wp-content\/uploads\/2021\/01\/BALAO_CRISTAL_7_ROXO.jpg\",\"contentUrl\":\"https:\/\/baloessaoroque.com.br\/en\/wp-content\/uploads\/2021\/01\/BALAO_CRISTAL_7_ROXO.jpg\",\"width\":1200,\"height\":1200,\"caption\":\"Violeta P\u00farpura\"},{\"@type\":\"WebPage\",\"@id\":\"https:\/\/baloessaoroque.com.br\/en\/produtos\/crystal\/cristal-violeta-purpura-7-polegadas\/#webpage\",\"url\":\"https:\/\/baloessaoroque.com.br\/en\/produtos\/crystal\/cristal-violeta-purpura-7-polegadas\/\",\"name\":\"Cristal Violeta P\u00farpura 7 Polegadas - Bal\u00f5es S\u00e3o Roque\",\"isPartOf\":{\"@id\":\"https:\/\/baloessaoroque.com.br\/en\/#website\"},\"primaryImageOfPage\":{\"@id\":\"https:\/\/baloessaoroque.com.br\/en\/produtos\/crystal\/cristal-violeta-purpura-7-polegadas\/#primaryimage\"},\"datePublished\":\"2021-06-30T20:08:31+00:00\",\"dateModified\":\"2021-09-24T00:33:18+00:00\",\"breadcrumb\":{\"@id\":\"https:\/\/baloessaoroque.com.br\/en\/produtos\/crystal\/cristal-violeta-purpura-7-polegadas\/#breadcrumb\"},\"inLanguage\":\"pt-BR\",\"potentialAction\":[{\"@type\":\"ReadAction\",\"target\":[\"https:\/\/baloessaoroque.com.br\/en\/produtos\/crystal\/cristal-violeta-purpura-7-polegadas\/\"]}]},{\"@type\":\"BreadcrumbList\",\"@id\":\"https:\/\/baloessaoroque.com.br\/en\/produtos\/crystal\/cristal-violeta-purpura-7-polegadas\/#breadcrumb\",\"itemListElement\":[{\"@type\":\"ListItem\",\"position\":1,\"name\":\"In\u00edcio\",\"item\":\"https:\/\/baloessaoroque.com.br\/en\/\"},{\"@type\":\"ListItem\",\"position\":2,\"name\":\"Produtos\",\"item\":\"https:\/\/baloessaoroque.com.br\/en\/produtos\/\"},{\"@type\":\"ListItem\",\"position\":3,\"name\":\"Cristal Violeta P\u00farpura 7 Polegadas\"}]}]}<\/script>\n<!-- \/ Yoast SEO plugin. -->","yoast_head_json":{"title":"Cristal Violeta P\u00farpura 7 Polegadas - Bal\u00f5es S\u00e3o Roque","robots":{"index":"index","follow":"follow","max-snippet":"max-snippet:-1","max-image-preview":"max-image-preview:large","max-video-preview":"max-video-preview:-1"},"canonical":"https:\/\/baloessaoroque.com.br\/en\/produtos\/crystal\/cristal-violeta-purpura-7-polegadas\/","og_locale":"pt_BR","og_type":"article","og_title":"Cristal Violeta P\u00farpura 7 Polegadas - Bal\u00f5es S\u00e3o Roque","og_description":"Tend\u00eancia muito bem explorada em outros pa\u00edses, a linha cristal conta com bal\u00f5es lisos de \u00f3timo brilho, levemente transl\u00facidos, que [&hellip;]","og_url":"https:\/\/baloessaoroque.com.br\/en\/produtos\/crystal\/cristal-violeta-purpura-7-polegadas\/","og_site_name":"Bal\u00f5es S\u00e3o Roque","article_modified_time":"2021-09-24T00:33:18+00:00","og_image":[{"width":1200,"height":1200,"url":"https:\/\/baloessaoroque.com.br\/en\/wp-content\/uploads\/2021\/01\/BALAO_CRISTAL_7_ROXO.jpg","type":"image\/jpeg"}],"twitter_card":"summary_large_image","schema":{"@context":"https:\/\/schema.org","@graph":[{"@type":"WebSite","@id":"https:\/\/baloessaoroque.com.br\/en\/#website","url":"https:\/\/baloessaoroque.com.br\/en\/","name":"Bal\u00f5es S\u00e3o Roque","description":"Sua vida cheia de festa!","potentialAction":[{"@type":"SearchAction","target":{"@type":"EntryPoint","urlTemplate":"https:\/\/baloessaoroque.com.br\/en\/?s={search_term_string}"},"query-input":"required name=search_term_string"}],"inLanguage":"pt-BR"},{"@type":"ImageObject","@id":"https:\/\/baloessaoroque.com.br\/en\/produtos\/crystal\/cristal-violeta-purpura-7-polegadas\/#primaryimage","inLanguage":"pt-BR","url":"https:\/\/baloessaoroque.com.br\/en\/wp-content\/uploads\/2021\/01\/BALAO_CRISTAL_7_ROXO.jpg","contentUrl":"https:\/\/baloessaoroque.com.br\/en\/wp-content\/uploads\/2021\/01\/BALAO_CRISTAL_7_ROXO.jpg","width":1200,"height":1200,"caption":"Violeta P\u00farpura"},{"@type":"WebPage","@id":"https:\/\/baloessaoroque.com.br\/en\/produtos\/crystal\/cristal-violeta-purpura-7-polegadas\/#webpage","url":"https:\/\/baloessaoroque.com.br\/en\/produtos\/crystal\/cristal-violeta-purpura-7-polegadas\/","name":"Cristal Violeta P\u00farpura 7 Polegadas - Bal\u00f5es S\u00e3o Roque","isPartOf":{"@id":"https:\/\/baloessaoroque.com.br\/en\/#website"},"primaryImageOfPage":{"@id":"https:\/\/baloessaoroque.com.br\/en\/produtos\/crystal\/cristal-violeta-purpura-7-polegadas\/#primaryimage"},"datePublished":"2021-06-30T20:08:31+00:00","dateModified":"2021-09-24T00:33:18+00:00","breadcrumb":{"@id":"https:\/\/baloessaoroque.com.br\/en\/produtos\/crystal\/cristal-violeta-purpura-7-polegadas\/#breadcrumb"},"inLanguage":"pt-BR","potentialAction":[{"@type":"ReadAction","target":["https:\/\/baloessaoroque.com.br\/en\/produtos\/crystal\/cristal-violeta-purpura-7-polegadas\/"]}]},{"@type":"BreadcrumbList","@id":"https:\/\/baloessaoroque.com.br\/en\/produtos\/crystal\/cristal-violeta-purpura-7-polegadas\/#breadcrumb","itemListElement":[{"@type":"ListItem","position":1,"name":"In\u00edcio","item":"https:\/\/baloessaoroque.com.br\/en\/"},{"@type":"ListItem","position":2,"name":"Produtos","item":"https:\/\/baloessaoroque.com.br\/en\/produtos\/"},{"@type":"ListItem","position":3,"name":"Cristal Violeta P\u00farpura 7 Polegadas"}]}]}},"_links":{"self":[{"href":"https:\/\/baloessaoroque.com.br\/en\/wp-json\/wp\/v2\/product\/7897"}],"collection":[{"href":"https:\/\/baloessaoroque.com.br\/en\/wp-json\/wp\/v2\/product"}],"about":[{"href":"https:\/\/baloessaoroque.com.br\/en\/wp-json\/wp\/v2\/types\/product"}],"replies":[{"embeddable":true,"href":"https:\/\/baloessaoroque.com.br\/en\/wp-json\/wp\/v2\/comments?post=7897"}],"wp:featuredmedia":[{"embeddable":true,"href":"https:\/\/baloessaoroque.com.br\/en\/wp-json\/wp\/v2\/media\/2953"}],"wp:attachment":[{"href":"https:\/\/baloessaoroque.com.br\/en\/wp-json\/wp\/v2\/media?parent=7897"}],"wp:term":[{"taxonomy":"product_cat","embeddable":true,"href":"https:\/\/baloessaoroque.com.br\/en\/wp-json\/wp\/v2\/product_cat?post=7897"},{"taxonomy":"product_tag","embeddable":true,"href":"https:\/\/baloessaoroque.com.br\/en\/wp-json\/wp\/v2\/product_tag?post=7897"}],"curies":[{"name":"wp","href":"https:\/\/api.w.org\/{rel}","templated":true}]}}