{"id":7950,"date":"2021-06-30T17:09:00","date_gmt":"2021-06-30T20:09:00","guid":{"rendered":"https:\/\/baloessaoroque.com.br\/en\/produtos\/sem%20categoria\/formatos-especiais-rosa-shock-canudo-260\/"},"modified":"2022-02-25T15:34:37","modified_gmt":"2022-02-25T18:34:37","slug":"formatos-especiais-rosa-shock-canudo-260","status":"publish","type":"product","link":"https:\/\/baloessaoroque.com.br\/en\/produtos\/special-formats\/formatos-especiais-rosa-shock-canudo-260\/","title":{"rendered":"Formatos Especiais Rosa Shock Canudo 260"},"content":{"rendered":"<p>Com 2 polegadas de di\u00e2metro (ap\u00f3s inflado) e 60 polegadas de comprimento, os bal\u00f5es 260\u201d, tamb\u00e9m conhecido como \u201cbal\u00f5es canudos\u201d s\u00e3o extremamente resistentes e vers\u00e1teis que os tornam ideais para trabalhos com tor\u00e7\u00f5es e esculturas menores que valorizam toda decora\u00e7\u00e3o. Tamb\u00e9m s\u00e3o indicados para desenvolvimento e cria\u00e7\u00e3o de esculturas pequenas como as de bichinhos, espadas, flores, etc. basta usar sua criatividade!<\/p>\n","protected":false},"excerpt":{"rendered":"<p>Com 2 polegadas de di\u00e2metro (ap\u00f3s inflado) e 60 polegadas de comprimento, os bal\u00f5es 260\u201d, tamb\u00e9m conhecido como \u201cbal\u00f5es canudos\u201d [&hellip;]<\/p>\n","protected":false},"featured_media":3011,"comment_status":"closed","ping_status":"closed","template":"","meta":[],"product_cat":[1126],"product_tag":[1854,1044,1079,1941,1856,1831,1266],"yoast_head":"<!-- This site is optimized with the Yoast SEO plugin v18.4.1 - https:\/\/yoast.com\/wordpress\/plugins\/seo\/ -->\n<title>Formatos Especiais Rosa Shock Canudo 260 - Bal\u00f5es S\u00e3o Roque<\/title>\n<meta name=\"robots\" content=\"index, follow, max-snippet:-1, max-image-preview:large, max-video-preview:-1\" \/>\n<link rel=\"canonical\" href=\"https:\/\/baloessaoroque.com.br\/en\/produtos\/special-formats\/formatos-especiais-rosa-shock-canudo-260\/\" \/>\n<meta property=\"og:locale\" content=\"pt_BR\" \/>\n<meta property=\"og:type\" content=\"article\" \/>\n<meta property=\"og:title\" content=\"Formatos Especiais Rosa Shock Canudo 260 - Bal\u00f5es S\u00e3o Roque\" \/>\n<meta property=\"og:description\" content=\"Com 2 polegadas de di\u00e2metro (ap\u00f3s inflado) e 60 polegadas de comprimento, os bal\u00f5es 260\u201d, tamb\u00e9m conhecido como \u201cbal\u00f5es canudos\u201d [&hellip;]\" \/>\n<meta property=\"og:url\" content=\"https:\/\/baloessaoroque.com.br\/en\/produtos\/special-formats\/formatos-especiais-rosa-shock-canudo-260\/\" \/>\n<meta property=\"og:site_name\" content=\"Bal\u00f5es S\u00e3o Roque\" \/>\n<meta property=\"article:modified_time\" content=\"2022-02-25T18:34:37+00:00\" \/>\n<meta property=\"og:image\" content=\"https:\/\/baloessaoroque.com.br\/en\/wp-content\/uploads\/2021\/01\/BALAO_CANUDO_LISO_260_ROSA.jpg\" \/>\n\t<meta property=\"og:image:width\" content=\"1200\" \/>\n\t<meta property=\"og:image:height\" content=\"1200\" \/>\n\t<meta property=\"og:image:type\" content=\"image\/jpeg\" \/>\n<meta name=\"twitter:card\" content=\"summary_large_image\" \/>\n<script type=\"application\/ld+json\" class=\"yoast-schema-graph\">{\"@context\":\"https:\/\/schema.org\",\"@graph\":[{\"@type\":\"WebSite\",\"@id\":\"https:\/\/baloessaoroque.com.br\/en\/#website\",\"url\":\"https:\/\/baloessaoroque.com.br\/en\/\",\"name\":\"Bal\u00f5es S\u00e3o Roque\",\"description\":\"Sua vida cheia de festa!\",\"potentialAction\":[{\"@type\":\"SearchAction\",\"target\":{\"@type\":\"EntryPoint\",\"urlTemplate\":\"https:\/\/baloessaoroque.com.br\/en\/?s={search_term_string}\"},\"query-input\":\"required name=search_term_string\"}],\"inLanguage\":\"pt-BR\"},{\"@type\":\"ImageObject\",\"@id\":\"https:\/\/baloessaoroque.com.br\/en\/produtos\/special-formats\/formatos-especiais-rosa-shock-canudo-260\/#primaryimage\",\"inLanguage\":\"pt-BR\",\"url\":\"https:\/\/baloessaoroque.com.br\/en\/wp-content\/uploads\/2021\/01\/BALAO_CANUDO_LISO_260_ROSA.jpg\",\"contentUrl\":\"https:\/\/baloessaoroque.com.br\/en\/wp-content\/uploads\/2021\/01\/BALAO_CANUDO_LISO_260_ROSA.jpg\",\"width\":1200,\"height\":1200,\"caption\":\"Rosa Shock\"},{\"@type\":\"WebPage\",\"@id\":\"https:\/\/baloessaoroque.com.br\/en\/produtos\/special-formats\/formatos-especiais-rosa-shock-canudo-260\/#webpage\",\"url\":\"https:\/\/baloessaoroque.com.br\/en\/produtos\/special-formats\/formatos-especiais-rosa-shock-canudo-260\/\",\"name\":\"Formatos Especiais Rosa Shock Canudo 260 - Bal\u00f5es S\u00e3o Roque\",\"isPartOf\":{\"@id\":\"https:\/\/baloessaoroque.com.br\/en\/#website\"},\"primaryImageOfPage\":{\"@id\":\"https:\/\/baloessaoroque.com.br\/en\/produtos\/special-formats\/formatos-especiais-rosa-shock-canudo-260\/#primaryimage\"},\"datePublished\":\"2021-06-30T20:09:00+00:00\",\"dateModified\":\"2022-02-25T18:34:37+00:00\",\"breadcrumb\":{\"@id\":\"https:\/\/baloessaoroque.com.br\/en\/produtos\/special-formats\/formatos-especiais-rosa-shock-canudo-260\/#breadcrumb\"},\"inLanguage\":\"pt-BR\",\"potentialAction\":[{\"@type\":\"ReadAction\",\"target\":[\"https:\/\/baloessaoroque.com.br\/en\/produtos\/special-formats\/formatos-especiais-rosa-shock-canudo-260\/\"]}]},{\"@type\":\"BreadcrumbList\",\"@id\":\"https:\/\/baloessaoroque.com.br\/en\/produtos\/special-formats\/formatos-especiais-rosa-shock-canudo-260\/#breadcrumb\",\"itemListElement\":[{\"@type\":\"ListItem\",\"position\":1,\"name\":\"In\u00edcio\",\"item\":\"https:\/\/baloessaoroque.com.br\/en\/\"},{\"@type\":\"ListItem\",\"position\":2,\"name\":\"Produtos\",\"item\":\"https:\/\/baloessaoroque.com.br\/en\/produtos\/\"},{\"@type\":\"ListItem\",\"position\":3,\"name\":\"Formatos Especiais Rosa Shock Canudo 260\"}]}]}<\/script>\n<!-- \/ Yoast SEO plugin. -->","yoast_head_json":{"title":"Formatos Especiais Rosa Shock Canudo 260 - Bal\u00f5es S\u00e3o Roque","robots":{"index":"index","follow":"follow","max-snippet":"max-snippet:-1","max-image-preview":"max-image-preview:large","max-video-preview":"max-video-preview:-1"},"canonical":"https:\/\/baloessaoroque.com.br\/en\/produtos\/special-formats\/formatos-especiais-rosa-shock-canudo-260\/","og_locale":"pt_BR","og_type":"article","og_title":"Formatos Especiais Rosa Shock Canudo 260 - Bal\u00f5es S\u00e3o Roque","og_description":"Com 2 polegadas de di\u00e2metro (ap\u00f3s inflado) e 60 polegadas de comprimento, os bal\u00f5es 260\u201d, tamb\u00e9m conhecido como \u201cbal\u00f5es canudos\u201d [&hellip;]","og_url":"https:\/\/baloessaoroque.com.br\/en\/produtos\/special-formats\/formatos-especiais-rosa-shock-canudo-260\/","og_site_name":"Bal\u00f5es S\u00e3o Roque","article_modified_time":"2022-02-25T18:34:37+00:00","og_image":[{"width":1200,"height":1200,"url":"https:\/\/baloessaoroque.com.br\/en\/wp-content\/uploads\/2021\/01\/BALAO_CANUDO_LISO_260_ROSA.jpg","type":"image\/jpeg"}],"twitter_card":"summary_large_image","schema":{"@context":"https:\/\/schema.org","@graph":[{"@type":"WebSite","@id":"https:\/\/baloessaoroque.com.br\/en\/#website","url":"https:\/\/baloessaoroque.com.br\/en\/","name":"Bal\u00f5es S\u00e3o Roque","description":"Sua vida cheia de festa!","potentialAction":[{"@type":"SearchAction","target":{"@type":"EntryPoint","urlTemplate":"https:\/\/baloessaoroque.com.br\/en\/?s={search_term_string}"},"query-input":"required name=search_term_string"}],"inLanguage":"pt-BR"},{"@type":"ImageObject","@id":"https:\/\/baloessaoroque.com.br\/en\/produtos\/special-formats\/formatos-especiais-rosa-shock-canudo-260\/#primaryimage","inLanguage":"pt-BR","url":"https:\/\/baloessaoroque.com.br\/en\/wp-content\/uploads\/2021\/01\/BALAO_CANUDO_LISO_260_ROSA.jpg","contentUrl":"https:\/\/baloessaoroque.com.br\/en\/wp-content\/uploads\/2021\/01\/BALAO_CANUDO_LISO_260_ROSA.jpg","width":1200,"height":1200,"caption":"Rosa Shock"},{"@type":"WebPage","@id":"https:\/\/baloessaoroque.com.br\/en\/produtos\/special-formats\/formatos-especiais-rosa-shock-canudo-260\/#webpage","url":"https:\/\/baloessaoroque.com.br\/en\/produtos\/special-formats\/formatos-especiais-rosa-shock-canudo-260\/","name":"Formatos Especiais Rosa Shock Canudo 260 - Bal\u00f5es S\u00e3o Roque","isPartOf":{"@id":"https:\/\/baloessaoroque.com.br\/en\/#website"},"primaryImageOfPage":{"@id":"https:\/\/baloessaoroque.com.br\/en\/produtos\/special-formats\/formatos-especiais-rosa-shock-canudo-260\/#primaryimage"},"datePublished":"2021-06-30T20:09:00+00:00","dateModified":"2022-02-25T18:34:37+00:00","breadcrumb":{"@id":"https:\/\/baloessaoroque.com.br\/en\/produtos\/special-formats\/formatos-especiais-rosa-shock-canudo-260\/#breadcrumb"},"inLanguage":"pt-BR","potentialAction":[{"@type":"ReadAction","target":["https:\/\/baloessaoroque.com.br\/en\/produtos\/special-formats\/formatos-especiais-rosa-shock-canudo-260\/"]}]},{"@type":"BreadcrumbList","@id":"https:\/\/baloessaoroque.com.br\/en\/produtos\/special-formats\/formatos-especiais-rosa-shock-canudo-260\/#breadcrumb","itemListElement":[{"@type":"ListItem","position":1,"name":"In\u00edcio","item":"https:\/\/baloessaoroque.com.br\/en\/"},{"@type":"ListItem","position":2,"name":"Produtos","item":"https:\/\/baloessaoroque.com.br\/en\/produtos\/"},{"@type":"ListItem","position":3,"name":"Formatos Especiais Rosa Shock Canudo 260"}]}]}},"_links":{"self":[{"href":"https:\/\/baloessaoroque.com.br\/en\/wp-json\/wp\/v2\/product\/7950"}],"collection":[{"href":"https:\/\/baloessaoroque.com.br\/en\/wp-json\/wp\/v2\/product"}],"about":[{"href":"https:\/\/baloessaoroque.com.br\/en\/wp-json\/wp\/v2\/types\/product"}],"replies":[{"embeddable":true,"href":"https:\/\/baloessaoroque.com.br\/en\/wp-json\/wp\/v2\/comments?post=7950"}],"wp:featuredmedia":[{"embeddable":true,"href":"https:\/\/baloessaoroque.com.br\/en\/wp-json\/wp\/v2\/media\/3011"}],"wp:attachment":[{"href":"https:\/\/baloessaoroque.com.br\/en\/wp-json\/wp\/v2\/media?parent=7950"}],"wp:term":[{"taxonomy":"product_cat","embeddable":true,"href":"https:\/\/baloessaoroque.com.br\/en\/wp-json\/wp\/v2\/product_cat?post=7950"},{"taxonomy":"product_tag","embeddable":true,"href":"https:\/\/baloessaoroque.com.br\/en\/wp-json\/wp\/v2\/product_tag?post=7950"}],"curies":[{"name":"wp","href":"https:\/\/api.w.org\/{rel}","templated":true}]}}