{"id":7958,"date":"2021-06-30T17:09:04","date_gmt":"2021-06-30T20:09:04","guid":{"rendered":"https:\/\/baloessaoroque.com.br\/en\/produtos\/sem%20categoria\/formatos-especiais-sortido-canudo-160\/"},"modified":"2021-07-02T15:34:34","modified_gmt":"2021-07-02T18:34:34","slug":"formatos-especiais-sortido-canudo-160","status":"publish","type":"product","link":"https:\/\/baloessaoroque.com.br\/en\/produtos\/special-formats\/formatos-especiais-sortido-canudo-160\/","title":{"rendered":"Formatos Especiais Sortido Canudo 160"},"content":{"rendered":"<p>Com 1 polegada de di\u00e2metro (ap\u00f3s inflado) e 60 polegadas de comprimento, os bal\u00f5es 160\u201d ou popularmente mais conhecido por \u201cbal\u00f5es canudos\u201d, possuem \u00f3tima espessura para trabalhos com esculturas e \u201ctor\u00e7\u00f5es\u201d em geral. Nas decora\u00e7\u00f5es, este produto \u00e9 mais utilizado para cria\u00e7\u00e3o de detalhes como la\u00e7os, molduras e pe\u00e7as delicadas que valorizam o trabalho.<\/p>\n","protected":false},"excerpt":{"rendered":"<p>Com 1 polegada de di\u00e2metro (ap\u00f3s inflado) e 60 polegadas de comprimento, os bal\u00f5es 160\u201d ou popularmente mais conhecido por [&hellip;]<\/p>\n","protected":false},"featured_media":2995,"comment_status":"closed","ping_status":"closed","template":"","meta":[],"product_cat":[1126],"product_tag":[],"yoast_head":"<!-- This site is optimized with the Yoast SEO plugin v18.4.1 - https:\/\/yoast.com\/wordpress\/plugins\/seo\/ -->\n<title>Formatos Especiais Sortido Canudo 160 - Bal\u00f5es S\u00e3o Roque<\/title>\n<meta name=\"robots\" content=\"index, follow, max-snippet:-1, max-image-preview:large, max-video-preview:-1\" \/>\n<link rel=\"canonical\" href=\"https:\/\/baloessaoroque.com.br\/en\/produtos\/special-formats\/formatos-especiais-sortido-canudo-160\/\" \/>\n<meta property=\"og:locale\" content=\"pt_BR\" \/>\n<meta property=\"og:type\" content=\"article\" \/>\n<meta property=\"og:title\" content=\"Formatos Especiais Sortido Canudo 160 - Bal\u00f5es S\u00e3o Roque\" \/>\n<meta property=\"og:description\" content=\"Com 1 polegada de di\u00e2metro (ap\u00f3s inflado) e 60 polegadas de comprimento, os bal\u00f5es 160\u201d ou popularmente mais conhecido por [&hellip;]\" \/>\n<meta property=\"og:url\" content=\"https:\/\/baloessaoroque.com.br\/en\/produtos\/special-formats\/formatos-especiais-sortido-canudo-160\/\" \/>\n<meta property=\"og:site_name\" content=\"Bal\u00f5es S\u00e3o Roque\" \/>\n<meta property=\"article:modified_time\" content=\"2021-07-02T18:34:34+00:00\" \/>\n<meta property=\"og:image\" content=\"https:\/\/baloessaoroque.com.br\/en\/wp-content\/uploads\/2021\/01\/BALAO_CANUDO_LISO_160_TODAS_CORES.jpg\" \/>\n\t<meta property=\"og:image:width\" content=\"1200\" \/>\n\t<meta property=\"og:image:height\" content=\"1200\" \/>\n\t<meta property=\"og:image:type\" content=\"image\/jpeg\" \/>\n<meta name=\"twitter:card\" content=\"summary_large_image\" \/>\n<script type=\"application\/ld+json\" class=\"yoast-schema-graph\">{\"@context\":\"https:\/\/schema.org\",\"@graph\":[{\"@type\":\"WebSite\",\"@id\":\"https:\/\/baloessaoroque.com.br\/en\/#website\",\"url\":\"https:\/\/baloessaoroque.com.br\/en\/\",\"name\":\"Bal\u00f5es S\u00e3o Roque\",\"description\":\"Sua vida cheia de festa!\",\"potentialAction\":[{\"@type\":\"SearchAction\",\"target\":{\"@type\":\"EntryPoint\",\"urlTemplate\":\"https:\/\/baloessaoroque.com.br\/en\/?s={search_term_string}\"},\"query-input\":\"required name=search_term_string\"}],\"inLanguage\":\"pt-BR\"},{\"@type\":\"ImageObject\",\"@id\":\"https:\/\/baloessaoroque.com.br\/en\/produtos\/special-formats\/formatos-especiais-sortido-canudo-160\/#primaryimage\",\"inLanguage\":\"pt-BR\",\"url\":\"https:\/\/baloessaoroque.com.br\/en\/wp-content\/uploads\/2021\/01\/BALAO_CANUDO_LISO_160_TODAS_CORES.jpg\",\"contentUrl\":\"https:\/\/baloessaoroque.com.br\/en\/wp-content\/uploads\/2021\/01\/BALAO_CANUDO_LISO_160_TODAS_CORES.jpg\",\"width\":1200,\"height\":1200,\"caption\":\"Sortido\"},{\"@type\":\"WebPage\",\"@id\":\"https:\/\/baloessaoroque.com.br\/en\/produtos\/special-formats\/formatos-especiais-sortido-canudo-160\/#webpage\",\"url\":\"https:\/\/baloessaoroque.com.br\/en\/produtos\/special-formats\/formatos-especiais-sortido-canudo-160\/\",\"name\":\"Formatos Especiais Sortido Canudo 160 - Bal\u00f5es S\u00e3o Roque\",\"isPartOf\":{\"@id\":\"https:\/\/baloessaoroque.com.br\/en\/#website\"},\"primaryImageOfPage\":{\"@id\":\"https:\/\/baloessaoroque.com.br\/en\/produtos\/special-formats\/formatos-especiais-sortido-canudo-160\/#primaryimage\"},\"datePublished\":\"2021-06-30T20:09:04+00:00\",\"dateModified\":\"2021-07-02T18:34:34+00:00\",\"breadcrumb\":{\"@id\":\"https:\/\/baloessaoroque.com.br\/en\/produtos\/special-formats\/formatos-especiais-sortido-canudo-160\/#breadcrumb\"},\"inLanguage\":\"pt-BR\",\"potentialAction\":[{\"@type\":\"ReadAction\",\"target\":[\"https:\/\/baloessaoroque.com.br\/en\/produtos\/special-formats\/formatos-especiais-sortido-canudo-160\/\"]}]},{\"@type\":\"BreadcrumbList\",\"@id\":\"https:\/\/baloessaoroque.com.br\/en\/produtos\/special-formats\/formatos-especiais-sortido-canudo-160\/#breadcrumb\",\"itemListElement\":[{\"@type\":\"ListItem\",\"position\":1,\"name\":\"In\u00edcio\",\"item\":\"https:\/\/baloessaoroque.com.br\/en\/\"},{\"@type\":\"ListItem\",\"position\":2,\"name\":\"Produtos\",\"item\":\"https:\/\/baloessaoroque.com.br\/en\/produtos\/\"},{\"@type\":\"ListItem\",\"position\":3,\"name\":\"Formatos Especiais Sortido Canudo 160\"}]}]}<\/script>\n<!-- \/ Yoast SEO plugin. -->","yoast_head_json":{"title":"Formatos Especiais Sortido Canudo 160 - Bal\u00f5es S\u00e3o Roque","robots":{"index":"index","follow":"follow","max-snippet":"max-snippet:-1","max-image-preview":"max-image-preview:large","max-video-preview":"max-video-preview:-1"},"canonical":"https:\/\/baloessaoroque.com.br\/en\/produtos\/special-formats\/formatos-especiais-sortido-canudo-160\/","og_locale":"pt_BR","og_type":"article","og_title":"Formatos Especiais Sortido Canudo 160 - Bal\u00f5es S\u00e3o Roque","og_description":"Com 1 polegada de di\u00e2metro (ap\u00f3s inflado) e 60 polegadas de comprimento, os bal\u00f5es 160\u201d ou popularmente mais conhecido por [&hellip;]","og_url":"https:\/\/baloessaoroque.com.br\/en\/produtos\/special-formats\/formatos-especiais-sortido-canudo-160\/","og_site_name":"Bal\u00f5es S\u00e3o Roque","article_modified_time":"2021-07-02T18:34:34+00:00","og_image":[{"width":1200,"height":1200,"url":"https:\/\/baloessaoroque.com.br\/en\/wp-content\/uploads\/2021\/01\/BALAO_CANUDO_LISO_160_TODAS_CORES.jpg","type":"image\/jpeg"}],"twitter_card":"summary_large_image","schema":{"@context":"https:\/\/schema.org","@graph":[{"@type":"WebSite","@id":"https:\/\/baloessaoroque.com.br\/en\/#website","url":"https:\/\/baloessaoroque.com.br\/en\/","name":"Bal\u00f5es S\u00e3o Roque","description":"Sua vida cheia de festa!","potentialAction":[{"@type":"SearchAction","target":{"@type":"EntryPoint","urlTemplate":"https:\/\/baloessaoroque.com.br\/en\/?s={search_term_string}"},"query-input":"required name=search_term_string"}],"inLanguage":"pt-BR"},{"@type":"ImageObject","@id":"https:\/\/baloessaoroque.com.br\/en\/produtos\/special-formats\/formatos-especiais-sortido-canudo-160\/#primaryimage","inLanguage":"pt-BR","url":"https:\/\/baloessaoroque.com.br\/en\/wp-content\/uploads\/2021\/01\/BALAO_CANUDO_LISO_160_TODAS_CORES.jpg","contentUrl":"https:\/\/baloessaoroque.com.br\/en\/wp-content\/uploads\/2021\/01\/BALAO_CANUDO_LISO_160_TODAS_CORES.jpg","width":1200,"height":1200,"caption":"Sortido"},{"@type":"WebPage","@id":"https:\/\/baloessaoroque.com.br\/en\/produtos\/special-formats\/formatos-especiais-sortido-canudo-160\/#webpage","url":"https:\/\/baloessaoroque.com.br\/en\/produtos\/special-formats\/formatos-especiais-sortido-canudo-160\/","name":"Formatos Especiais Sortido Canudo 160 - Bal\u00f5es S\u00e3o Roque","isPartOf":{"@id":"https:\/\/baloessaoroque.com.br\/en\/#website"},"primaryImageOfPage":{"@id":"https:\/\/baloessaoroque.com.br\/en\/produtos\/special-formats\/formatos-especiais-sortido-canudo-160\/#primaryimage"},"datePublished":"2021-06-30T20:09:04+00:00","dateModified":"2021-07-02T18:34:34+00:00","breadcrumb":{"@id":"https:\/\/baloessaoroque.com.br\/en\/produtos\/special-formats\/formatos-especiais-sortido-canudo-160\/#breadcrumb"},"inLanguage":"pt-BR","potentialAction":[{"@type":"ReadAction","target":["https:\/\/baloessaoroque.com.br\/en\/produtos\/special-formats\/formatos-especiais-sortido-canudo-160\/"]}]},{"@type":"BreadcrumbList","@id":"https:\/\/baloessaoroque.com.br\/en\/produtos\/special-formats\/formatos-especiais-sortido-canudo-160\/#breadcrumb","itemListElement":[{"@type":"ListItem","position":1,"name":"In\u00edcio","item":"https:\/\/baloessaoroque.com.br\/en\/"},{"@type":"ListItem","position":2,"name":"Produtos","item":"https:\/\/baloessaoroque.com.br\/en\/produtos\/"},{"@type":"ListItem","position":3,"name":"Formatos Especiais Sortido Canudo 160"}]}]}},"_links":{"self":[{"href":"https:\/\/baloessaoroque.com.br\/en\/wp-json\/wp\/v2\/product\/7958"}],"collection":[{"href":"https:\/\/baloessaoroque.com.br\/en\/wp-json\/wp\/v2\/product"}],"about":[{"href":"https:\/\/baloessaoroque.com.br\/en\/wp-json\/wp\/v2\/types\/product"}],"replies":[{"embeddable":true,"href":"https:\/\/baloessaoroque.com.br\/en\/wp-json\/wp\/v2\/comments?post=7958"}],"wp:featuredmedia":[{"embeddable":true,"href":"https:\/\/baloessaoroque.com.br\/en\/wp-json\/wp\/v2\/media\/2995"}],"wp:attachment":[{"href":"https:\/\/baloessaoroque.com.br\/en\/wp-json\/wp\/v2\/media?parent=7958"}],"wp:term":[{"taxonomy":"product_cat","embeddable":true,"href":"https:\/\/baloessaoroque.com.br\/en\/wp-json\/wp\/v2\/product_cat?post=7958"},{"taxonomy":"product_tag","embeddable":true,"href":"https:\/\/baloessaoroque.com.br\/en\/wp-json\/wp\/v2\/product_tag?post=7958"}],"curies":[{"name":"wp","href":"https:\/\/api.w.org\/{rel}","templated":true}]}}