{"id":7985,"date":"2021-06-30T17:09:21","date_gmt":"2021-06-30T20:09:21","guid":{"rendered":"https:\/\/baloessaoroque.com.br\/en\/produtos\/sem%20categoria\/gigante-liso-cafe-brasil-25-polegadas\/"},"modified":"2021-07-02T15:57:20","modified_gmt":"2021-07-02T18:57:20","slug":"gigante-liso-cafe-brasil-25-polegadas","status":"publish","type":"product","link":"https:\/\/baloessaoroque.com.br\/en\/produtos\/special-formats\/gigante-liso-cafe-brasil-25-polegadas\/","title":{"rendered":"Gigante Liso Caf\u00e9 Brasil 25 Polegadas"},"content":{"rendered":"<p>A linha de bal\u00f5es Gigantes e Super Gigantes vem conquistando cada vez mais o p\u00fablico apaixonado por decora\u00e7\u00f5es que utilizam a t\u00e9cnica de \u201cBal\u00f5es org\u00e2nicos \/ desconstru\u00eddos\u201d. S\u00e3o produtos resistentes e que ap\u00f3s inflados, mant\u00e9m as caracter\u00edsticas das cores originais. S\u00e3o ideais para espa\u00e7os grandes e abertos, compondo uma decora\u00e7\u00e3o chamativa e de volume\/impacto. S\u00e3o recomendados tamb\u00e9m para colocar doces e balas dentro, para se fazer bonecos, decora\u00e7\u00f5es em pontas de colunas, em guirlandas e outras infinidades de op\u00e7\u00f5es.<\/p>\n","protected":false},"excerpt":{"rendered":"<p>A linha de bal\u00f5es Gigantes e Super Gigantes vem conquistando cada vez mais o p\u00fablico apaixonado por decora\u00e7\u00f5es que utilizam [&hellip;]<\/p>\n","protected":false},"featured_media":3040,"comment_status":"closed","ping_status":"closed","template":"","meta":[],"product_cat":[1126],"product_tag":[1085,1086,952],"yoast_head":"<!-- This site is optimized with the Yoast SEO plugin v18.4.1 - https:\/\/yoast.com\/wordpress\/plugins\/seo\/ -->\n<title>Gigante Liso Caf\u00e9 Brasil 25 Polegadas - Bal\u00f5es S\u00e3o Roque<\/title>\n<meta name=\"robots\" content=\"index, follow, max-snippet:-1, max-image-preview:large, max-video-preview:-1\" \/>\n<link rel=\"canonical\" href=\"https:\/\/baloessaoroque.com.br\/en\/produtos\/special-formats\/gigante-liso-cafe-brasil-25-polegadas\/\" \/>\n<meta property=\"og:locale\" content=\"pt_BR\" \/>\n<meta property=\"og:type\" content=\"article\" \/>\n<meta property=\"og:title\" content=\"Gigante Liso Caf\u00e9 Brasil 25 Polegadas - Bal\u00f5es S\u00e3o Roque\" \/>\n<meta property=\"og:description\" content=\"A linha de bal\u00f5es Gigantes e Super Gigantes vem conquistando cada vez mais o p\u00fablico apaixonado por decora\u00e7\u00f5es que utilizam [&hellip;]\" \/>\n<meta property=\"og:url\" content=\"https:\/\/baloessaoroque.com.br\/en\/produtos\/special-formats\/gigante-liso-cafe-brasil-25-polegadas\/\" \/>\n<meta property=\"og:site_name\" content=\"Bal\u00f5es S\u00e3o Roque\" \/>\n<meta property=\"article:modified_time\" content=\"2021-07-02T18:57:20+00:00\" \/>\n<meta property=\"og:image\" content=\"https:\/\/baloessaoroque.com.br\/en\/wp-content\/uploads\/2021\/01\/BALAO_GIGANTE_LISO_25_SEM_FITILHO_FERRUGEM.jpg\" \/>\n\t<meta property=\"og:image:width\" content=\"1200\" \/>\n\t<meta property=\"og:image:height\" content=\"1200\" \/>\n\t<meta property=\"og:image:type\" content=\"image\/jpeg\" \/>\n<meta name=\"twitter:card\" content=\"summary_large_image\" \/>\n<script type=\"application\/ld+json\" class=\"yoast-schema-graph\">{\"@context\":\"https:\/\/schema.org\",\"@graph\":[{\"@type\":\"WebSite\",\"@id\":\"https:\/\/baloessaoroque.com.br\/en\/#website\",\"url\":\"https:\/\/baloessaoroque.com.br\/en\/\",\"name\":\"Bal\u00f5es S\u00e3o Roque\",\"description\":\"Sua vida cheia de festa!\",\"potentialAction\":[{\"@type\":\"SearchAction\",\"target\":{\"@type\":\"EntryPoint\",\"urlTemplate\":\"https:\/\/baloessaoroque.com.br\/en\/?s={search_term_string}\"},\"query-input\":\"required name=search_term_string\"}],\"inLanguage\":\"pt-BR\"},{\"@type\":\"ImageObject\",\"@id\":\"https:\/\/baloessaoroque.com.br\/en\/produtos\/special-formats\/gigante-liso-cafe-brasil-25-polegadas\/#primaryimage\",\"inLanguage\":\"pt-BR\",\"url\":\"https:\/\/baloessaoroque.com.br\/en\/wp-content\/uploads\/2021\/01\/BALAO_GIGANTE_LISO_25_SEM_FITILHO_FERRUGEM.jpg\",\"contentUrl\":\"https:\/\/baloessaoroque.com.br\/en\/wp-content\/uploads\/2021\/01\/BALAO_GIGANTE_LISO_25_SEM_FITILHO_FERRUGEM.jpg\",\"width\":1200,\"height\":1200,\"caption\":\"Caf\u00e9 Brasil\"},{\"@type\":\"WebPage\",\"@id\":\"https:\/\/baloessaoroque.com.br\/en\/produtos\/special-formats\/gigante-liso-cafe-brasil-25-polegadas\/#webpage\",\"url\":\"https:\/\/baloessaoroque.com.br\/en\/produtos\/special-formats\/gigante-liso-cafe-brasil-25-polegadas\/\",\"name\":\"Gigante Liso Caf\u00e9 Brasil 25 Polegadas - Bal\u00f5es S\u00e3o Roque\",\"isPartOf\":{\"@id\":\"https:\/\/baloessaoroque.com.br\/en\/#website\"},\"primaryImageOfPage\":{\"@id\":\"https:\/\/baloessaoroque.com.br\/en\/produtos\/special-formats\/gigante-liso-cafe-brasil-25-polegadas\/#primaryimage\"},\"datePublished\":\"2021-06-30T20:09:21+00:00\",\"dateModified\":\"2021-07-02T18:57:20+00:00\",\"breadcrumb\":{\"@id\":\"https:\/\/baloessaoroque.com.br\/en\/produtos\/special-formats\/gigante-liso-cafe-brasil-25-polegadas\/#breadcrumb\"},\"inLanguage\":\"pt-BR\",\"potentialAction\":[{\"@type\":\"ReadAction\",\"target\":[\"https:\/\/baloessaoroque.com.br\/en\/produtos\/special-formats\/gigante-liso-cafe-brasil-25-polegadas\/\"]}]},{\"@type\":\"BreadcrumbList\",\"@id\":\"https:\/\/baloessaoroque.com.br\/en\/produtos\/special-formats\/gigante-liso-cafe-brasil-25-polegadas\/#breadcrumb\",\"itemListElement\":[{\"@type\":\"ListItem\",\"position\":1,\"name\":\"In\u00edcio\",\"item\":\"https:\/\/baloessaoroque.com.br\/en\/\"},{\"@type\":\"ListItem\",\"position\":2,\"name\":\"Produtos\",\"item\":\"https:\/\/baloessaoroque.com.br\/en\/produtos\/\"},{\"@type\":\"ListItem\",\"position\":3,\"name\":\"Gigante Liso Caf\u00e9 Brasil 25 Polegadas\"}]}]}<\/script>\n<!-- \/ Yoast SEO plugin. -->","yoast_head_json":{"title":"Gigante Liso Caf\u00e9 Brasil 25 Polegadas - Bal\u00f5es S\u00e3o Roque","robots":{"index":"index","follow":"follow","max-snippet":"max-snippet:-1","max-image-preview":"max-image-preview:large","max-video-preview":"max-video-preview:-1"},"canonical":"https:\/\/baloessaoroque.com.br\/en\/produtos\/special-formats\/gigante-liso-cafe-brasil-25-polegadas\/","og_locale":"pt_BR","og_type":"article","og_title":"Gigante Liso Caf\u00e9 Brasil 25 Polegadas - Bal\u00f5es S\u00e3o Roque","og_description":"A linha de bal\u00f5es Gigantes e Super Gigantes vem conquistando cada vez mais o p\u00fablico apaixonado por decora\u00e7\u00f5es que utilizam [&hellip;]","og_url":"https:\/\/baloessaoroque.com.br\/en\/produtos\/special-formats\/gigante-liso-cafe-brasil-25-polegadas\/","og_site_name":"Bal\u00f5es S\u00e3o Roque","article_modified_time":"2021-07-02T18:57:20+00:00","og_image":[{"width":1200,"height":1200,"url":"https:\/\/baloessaoroque.com.br\/en\/wp-content\/uploads\/2021\/01\/BALAO_GIGANTE_LISO_25_SEM_FITILHO_FERRUGEM.jpg","type":"image\/jpeg"}],"twitter_card":"summary_large_image","schema":{"@context":"https:\/\/schema.org","@graph":[{"@type":"WebSite","@id":"https:\/\/baloessaoroque.com.br\/en\/#website","url":"https:\/\/baloessaoroque.com.br\/en\/","name":"Bal\u00f5es S\u00e3o Roque","description":"Sua vida cheia de festa!","potentialAction":[{"@type":"SearchAction","target":{"@type":"EntryPoint","urlTemplate":"https:\/\/baloessaoroque.com.br\/en\/?s={search_term_string}"},"query-input":"required name=search_term_string"}],"inLanguage":"pt-BR"},{"@type":"ImageObject","@id":"https:\/\/baloessaoroque.com.br\/en\/produtos\/special-formats\/gigante-liso-cafe-brasil-25-polegadas\/#primaryimage","inLanguage":"pt-BR","url":"https:\/\/baloessaoroque.com.br\/en\/wp-content\/uploads\/2021\/01\/BALAO_GIGANTE_LISO_25_SEM_FITILHO_FERRUGEM.jpg","contentUrl":"https:\/\/baloessaoroque.com.br\/en\/wp-content\/uploads\/2021\/01\/BALAO_GIGANTE_LISO_25_SEM_FITILHO_FERRUGEM.jpg","width":1200,"height":1200,"caption":"Caf\u00e9 Brasil"},{"@type":"WebPage","@id":"https:\/\/baloessaoroque.com.br\/en\/produtos\/special-formats\/gigante-liso-cafe-brasil-25-polegadas\/#webpage","url":"https:\/\/baloessaoroque.com.br\/en\/produtos\/special-formats\/gigante-liso-cafe-brasil-25-polegadas\/","name":"Gigante Liso Caf\u00e9 Brasil 25 Polegadas - Bal\u00f5es S\u00e3o Roque","isPartOf":{"@id":"https:\/\/baloessaoroque.com.br\/en\/#website"},"primaryImageOfPage":{"@id":"https:\/\/baloessaoroque.com.br\/en\/produtos\/special-formats\/gigante-liso-cafe-brasil-25-polegadas\/#primaryimage"},"datePublished":"2021-06-30T20:09:21+00:00","dateModified":"2021-07-02T18:57:20+00:00","breadcrumb":{"@id":"https:\/\/baloessaoroque.com.br\/en\/produtos\/special-formats\/gigante-liso-cafe-brasil-25-polegadas\/#breadcrumb"},"inLanguage":"pt-BR","potentialAction":[{"@type":"ReadAction","target":["https:\/\/baloessaoroque.com.br\/en\/produtos\/special-formats\/gigante-liso-cafe-brasil-25-polegadas\/"]}]},{"@type":"BreadcrumbList","@id":"https:\/\/baloessaoroque.com.br\/en\/produtos\/special-formats\/gigante-liso-cafe-brasil-25-polegadas\/#breadcrumb","itemListElement":[{"@type":"ListItem","position":1,"name":"In\u00edcio","item":"https:\/\/baloessaoroque.com.br\/en\/"},{"@type":"ListItem","position":2,"name":"Produtos","item":"https:\/\/baloessaoroque.com.br\/en\/produtos\/"},{"@type":"ListItem","position":3,"name":"Gigante Liso Caf\u00e9 Brasil 25 Polegadas"}]}]}},"_links":{"self":[{"href":"https:\/\/baloessaoroque.com.br\/en\/wp-json\/wp\/v2\/product\/7985"}],"collection":[{"href":"https:\/\/baloessaoroque.com.br\/en\/wp-json\/wp\/v2\/product"}],"about":[{"href":"https:\/\/baloessaoroque.com.br\/en\/wp-json\/wp\/v2\/types\/product"}],"replies":[{"embeddable":true,"href":"https:\/\/baloessaoroque.com.br\/en\/wp-json\/wp\/v2\/comments?post=7985"}],"wp:featuredmedia":[{"embeddable":true,"href":"https:\/\/baloessaoroque.com.br\/en\/wp-json\/wp\/v2\/media\/3040"}],"wp:attachment":[{"href":"https:\/\/baloessaoroque.com.br\/en\/wp-json\/wp\/v2\/media?parent=7985"}],"wp:term":[{"taxonomy":"product_cat","embeddable":true,"href":"https:\/\/baloessaoroque.com.br\/en\/wp-json\/wp\/v2\/product_cat?post=7985"},{"taxonomy":"product_tag","embeddable":true,"href":"https:\/\/baloessaoroque.com.br\/en\/wp-json\/wp\/v2\/product_tag?post=7985"}],"curies":[{"name":"wp","href":"https:\/\/api.w.org\/{rel}","templated":true}]}}