{"id":8264,"date":"2021-06-30T17:12:38","date_gmt":"2021-06-30T20:12:38","guid":{"rendered":"https:\/\/baloessaoroque.com.br\/en\/produtos\/sem%20categoria\/liso-redondo-azul-petroleo-11-polegadas\/"},"modified":"2021-09-24T10:00:16","modified_gmt":"2021-09-24T13:00:16","slug":"liso-redondo-azul-petroleo-11-polegadas","status":"publish","type":"product","link":"https:\/\/baloessaoroque.com.br\/en\/produtos\/round-smooth\/liso-redondo-azul-petroleo-11-polegadas\/","title":{"rendered":"Liso Redondo Azul Petr\u00f3leo 11 Polegadas"},"content":{"rendered":"<p>O bal\u00e3o mais indicado para decora\u00e7\u00f5es que utilizam g\u00e1s h\u00e9lio, pois seu tamanho e o formato redondo contribuem para um longo per\u00edodo de flutua\u00e7\u00e3o (at\u00e9 12 horas). Este modelo \u00e9 muito utilizado em decora\u00e7\u00f5es mais profissionais e esculturas al\u00e9m de ser indispens\u00e1vel para cria\u00e7\u00e3o de guirlandas desconstru\u00eddas.<\/p>\n","protected":false},"excerpt":{"rendered":"<p>O bal\u00e3o mais indicado para decora\u00e7\u00f5es que utilizam g\u00e1s h\u00e9lio, pois seu tamanho e o formato redondo contribuem para um [&hellip;]<\/p>\n","protected":false},"featured_media":3430,"comment_status":"closed","ping_status":"closed","template":"","meta":[],"product_cat":[1127],"product_tag":[887,1027,891,882,1279,1858,1856,1831,1266],"yoast_head":"<!-- This site is optimized with the Yoast SEO plugin v18.4.1 - https:\/\/yoast.com\/wordpress\/plugins\/seo\/ -->\n<title>Liso Redondo Azul Petr\u00f3leo 11 Polegadas - Bal\u00f5es S\u00e3o Roque<\/title>\n<meta name=\"robots\" content=\"index, follow, max-snippet:-1, max-image-preview:large, max-video-preview:-1\" \/>\n<link rel=\"canonical\" href=\"https:\/\/baloessaoroque.com.br\/en\/produtos\/round-smooth\/liso-redondo-azul-petroleo-11-polegadas\/\" \/>\n<meta property=\"og:locale\" content=\"pt_BR\" \/>\n<meta property=\"og:type\" content=\"article\" \/>\n<meta property=\"og:title\" content=\"Liso Redondo Azul Petr\u00f3leo 11 Polegadas - Bal\u00f5es S\u00e3o Roque\" \/>\n<meta property=\"og:description\" content=\"O bal\u00e3o mais indicado para decora\u00e7\u00f5es que utilizam g\u00e1s h\u00e9lio, pois seu tamanho e o formato redondo contribuem para um [&hellip;]\" \/>\n<meta property=\"og:url\" content=\"https:\/\/baloessaoroque.com.br\/en\/produtos\/round-smooth\/liso-redondo-azul-petroleo-11-polegadas\/\" \/>\n<meta property=\"og:site_name\" content=\"Bal\u00f5es S\u00e3o Roque\" \/>\n<meta property=\"article:modified_time\" content=\"2021-09-24T13:00:16+00:00\" \/>\n<meta property=\"og:image\" content=\"https:\/\/baloessaoroque.com.br\/en\/wp-content\/uploads\/2021\/01\/BALAO_LISO_11_AZUL_01.jpg\" \/>\n\t<meta property=\"og:image:width\" content=\"1200\" \/>\n\t<meta property=\"og:image:height\" content=\"1200\" \/>\n\t<meta property=\"og:image:type\" content=\"image\/jpeg\" \/>\n<meta name=\"twitter:card\" content=\"summary_large_image\" \/>\n<script type=\"application\/ld+json\" class=\"yoast-schema-graph\">{\"@context\":\"https:\/\/schema.org\",\"@graph\":[{\"@type\":\"WebSite\",\"@id\":\"https:\/\/baloessaoroque.com.br\/en\/#website\",\"url\":\"https:\/\/baloessaoroque.com.br\/en\/\",\"name\":\"Bal\u00f5es S\u00e3o Roque\",\"description\":\"Sua vida cheia de festa!\",\"potentialAction\":[{\"@type\":\"SearchAction\",\"target\":{\"@type\":\"EntryPoint\",\"urlTemplate\":\"https:\/\/baloessaoroque.com.br\/en\/?s={search_term_string}\"},\"query-input\":\"required name=search_term_string\"}],\"inLanguage\":\"pt-BR\"},{\"@type\":\"ImageObject\",\"@id\":\"https:\/\/baloessaoroque.com.br\/en\/produtos\/round-smooth\/liso-redondo-azul-petroleo-11-polegadas\/#primaryimage\",\"inLanguage\":\"pt-BR\",\"url\":\"https:\/\/baloessaoroque.com.br\/en\/wp-content\/uploads\/2021\/01\/BALAO_LISO_11_AZUL_01.jpg\",\"contentUrl\":\"https:\/\/baloessaoroque.com.br\/en\/wp-content\/uploads\/2021\/01\/BALAO_LISO_11_AZUL_01.jpg\",\"width\":1200,\"height\":1200,\"caption\":\"Azul Petr\u00f3leo\"},{\"@type\":\"WebPage\",\"@id\":\"https:\/\/baloessaoroque.com.br\/en\/produtos\/round-smooth\/liso-redondo-azul-petroleo-11-polegadas\/#webpage\",\"url\":\"https:\/\/baloessaoroque.com.br\/en\/produtos\/round-smooth\/liso-redondo-azul-petroleo-11-polegadas\/\",\"name\":\"Liso Redondo Azul Petr\u00f3leo 11 Polegadas - Bal\u00f5es S\u00e3o Roque\",\"isPartOf\":{\"@id\":\"https:\/\/baloessaoroque.com.br\/en\/#website\"},\"primaryImageOfPage\":{\"@id\":\"https:\/\/baloessaoroque.com.br\/en\/produtos\/round-smooth\/liso-redondo-azul-petroleo-11-polegadas\/#primaryimage\"},\"datePublished\":\"2021-06-30T20:12:38+00:00\",\"dateModified\":\"2021-09-24T13:00:16+00:00\",\"breadcrumb\":{\"@id\":\"https:\/\/baloessaoroque.com.br\/en\/produtos\/round-smooth\/liso-redondo-azul-petroleo-11-polegadas\/#breadcrumb\"},\"inLanguage\":\"pt-BR\",\"potentialAction\":[{\"@type\":\"ReadAction\",\"target\":[\"https:\/\/baloessaoroque.com.br\/en\/produtos\/round-smooth\/liso-redondo-azul-petroleo-11-polegadas\/\"]}]},{\"@type\":\"BreadcrumbList\",\"@id\":\"https:\/\/baloessaoroque.com.br\/en\/produtos\/round-smooth\/liso-redondo-azul-petroleo-11-polegadas\/#breadcrumb\",\"itemListElement\":[{\"@type\":\"ListItem\",\"position\":1,\"name\":\"In\u00edcio\",\"item\":\"https:\/\/baloessaoroque.com.br\/en\/\"},{\"@type\":\"ListItem\",\"position\":2,\"name\":\"Produtos\",\"item\":\"https:\/\/baloessaoroque.com.br\/en\/produtos\/\"},{\"@type\":\"ListItem\",\"position\":3,\"name\":\"Liso Redondo Azul Petr\u00f3leo 11 Polegadas\"}]}]}<\/script>\n<!-- \/ Yoast SEO plugin. -->","yoast_head_json":{"title":"Liso Redondo Azul Petr\u00f3leo 11 Polegadas - Bal\u00f5es S\u00e3o Roque","robots":{"index":"index","follow":"follow","max-snippet":"max-snippet:-1","max-image-preview":"max-image-preview:large","max-video-preview":"max-video-preview:-1"},"canonical":"https:\/\/baloessaoroque.com.br\/en\/produtos\/round-smooth\/liso-redondo-azul-petroleo-11-polegadas\/","og_locale":"pt_BR","og_type":"article","og_title":"Liso Redondo Azul Petr\u00f3leo 11 Polegadas - Bal\u00f5es S\u00e3o Roque","og_description":"O bal\u00e3o mais indicado para decora\u00e7\u00f5es que utilizam g\u00e1s h\u00e9lio, pois seu tamanho e o formato redondo contribuem para um [&hellip;]","og_url":"https:\/\/baloessaoroque.com.br\/en\/produtos\/round-smooth\/liso-redondo-azul-petroleo-11-polegadas\/","og_site_name":"Bal\u00f5es S\u00e3o Roque","article_modified_time":"2021-09-24T13:00:16+00:00","og_image":[{"width":1200,"height":1200,"url":"https:\/\/baloessaoroque.com.br\/en\/wp-content\/uploads\/2021\/01\/BALAO_LISO_11_AZUL_01.jpg","type":"image\/jpeg"}],"twitter_card":"summary_large_image","schema":{"@context":"https:\/\/schema.org","@graph":[{"@type":"WebSite","@id":"https:\/\/baloessaoroque.com.br\/en\/#website","url":"https:\/\/baloessaoroque.com.br\/en\/","name":"Bal\u00f5es S\u00e3o Roque","description":"Sua vida cheia de festa!","potentialAction":[{"@type":"SearchAction","target":{"@type":"EntryPoint","urlTemplate":"https:\/\/baloessaoroque.com.br\/en\/?s={search_term_string}"},"query-input":"required name=search_term_string"}],"inLanguage":"pt-BR"},{"@type":"ImageObject","@id":"https:\/\/baloessaoroque.com.br\/en\/produtos\/round-smooth\/liso-redondo-azul-petroleo-11-polegadas\/#primaryimage","inLanguage":"pt-BR","url":"https:\/\/baloessaoroque.com.br\/en\/wp-content\/uploads\/2021\/01\/BALAO_LISO_11_AZUL_01.jpg","contentUrl":"https:\/\/baloessaoroque.com.br\/en\/wp-content\/uploads\/2021\/01\/BALAO_LISO_11_AZUL_01.jpg","width":1200,"height":1200,"caption":"Azul Petr\u00f3leo"},{"@type":"WebPage","@id":"https:\/\/baloessaoroque.com.br\/en\/produtos\/round-smooth\/liso-redondo-azul-petroleo-11-polegadas\/#webpage","url":"https:\/\/baloessaoroque.com.br\/en\/produtos\/round-smooth\/liso-redondo-azul-petroleo-11-polegadas\/","name":"Liso Redondo Azul Petr\u00f3leo 11 Polegadas - Bal\u00f5es S\u00e3o Roque","isPartOf":{"@id":"https:\/\/baloessaoroque.com.br\/en\/#website"},"primaryImageOfPage":{"@id":"https:\/\/baloessaoroque.com.br\/en\/produtos\/round-smooth\/liso-redondo-azul-petroleo-11-polegadas\/#primaryimage"},"datePublished":"2021-06-30T20:12:38+00:00","dateModified":"2021-09-24T13:00:16+00:00","breadcrumb":{"@id":"https:\/\/baloessaoroque.com.br\/en\/produtos\/round-smooth\/liso-redondo-azul-petroleo-11-polegadas\/#breadcrumb"},"inLanguage":"pt-BR","potentialAction":[{"@type":"ReadAction","target":["https:\/\/baloessaoroque.com.br\/en\/produtos\/round-smooth\/liso-redondo-azul-petroleo-11-polegadas\/"]}]},{"@type":"BreadcrumbList","@id":"https:\/\/baloessaoroque.com.br\/en\/produtos\/round-smooth\/liso-redondo-azul-petroleo-11-polegadas\/#breadcrumb","itemListElement":[{"@type":"ListItem","position":1,"name":"In\u00edcio","item":"https:\/\/baloessaoroque.com.br\/en\/"},{"@type":"ListItem","position":2,"name":"Produtos","item":"https:\/\/baloessaoroque.com.br\/en\/produtos\/"},{"@type":"ListItem","position":3,"name":"Liso Redondo Azul Petr\u00f3leo 11 Polegadas"}]}]}},"_links":{"self":[{"href":"https:\/\/baloessaoroque.com.br\/en\/wp-json\/wp\/v2\/product\/8264"}],"collection":[{"href":"https:\/\/baloessaoroque.com.br\/en\/wp-json\/wp\/v2\/product"}],"about":[{"href":"https:\/\/baloessaoroque.com.br\/en\/wp-json\/wp\/v2\/types\/product"}],"replies":[{"embeddable":true,"href":"https:\/\/baloessaoroque.com.br\/en\/wp-json\/wp\/v2\/comments?post=8264"}],"wp:featuredmedia":[{"embeddable":true,"href":"https:\/\/baloessaoroque.com.br\/en\/wp-json\/wp\/v2\/media\/3430"}],"wp:attachment":[{"href":"https:\/\/baloessaoroque.com.br\/en\/wp-json\/wp\/v2\/media?parent=8264"}],"wp:term":[{"taxonomy":"product_cat","embeddable":true,"href":"https:\/\/baloessaoroque.com.br\/en\/wp-json\/wp\/v2\/product_cat?post=8264"},{"taxonomy":"product_tag","embeddable":true,"href":"https:\/\/baloessaoroque.com.br\/en\/wp-json\/wp\/v2\/product_tag?post=8264"}],"curies":[{"name":"wp","href":"https:\/\/api.w.org\/{rel}","templated":true}]}}