{"id":8474,"date":"2021-06-30T17:14:41","date_gmt":"2021-06-30T20:14:41","guid":{"rendered":"https:\/\/baloessaoroque.com.br\/en\/produtos\/sem%20categoria\/metalizado-matte-roxo\/"},"modified":"2022-04-18T18:15:01","modified_gmt":"2022-04-18T21:15:01","slug":"4d-orbz-matte-roxo","status":"publish","type":"product","link":"https:\/\/baloessaoroque.com.br\/en\/produtos\/metalized-balloon\/4d-orbz-matte-roxo\/","title":{"rendered":"4d Orbz Matte Roxo"},"content":{"rendered":"<p>O bal\u00e3o 4D Orbz Matte possui um formato de esfera (redondo) e a sua textura \u00e9 totalmente matte (fosca), que proporciona um toque diferenciado na decora\u00e7\u00e3o. As cores dispon\u00edveis foram selecionadas de acordo com as tend\u00eancias do mercado e que podem ser utilizadas em qualquer tipo de produ\u00e7\u00e3o. Um dos grandes sucessos desse bal\u00e3o \u00e9 a sua utiliza\u00e7\u00e3o em arranjos de mesa e buqu\u00eas de bal\u00f5es, pois o produto comporta a utiliza\u00e7\u00e3o de g\u00e1s h\u00e9lio. Com v\u00e1lvula autom\u00e1tica de fechamento, ao retirar o bico do inflador, o bal\u00e3o se mant\u00e9m inflado, sem necessidade de n\u00f3 ou seladora.<\/p>\n","protected":false},"excerpt":{"rendered":"<p>O bal\u00e3o 4D Orbz Matte possui um formato de esfera (redondo) e a sua textura \u00e9 totalmente matte (fosca), que [&hellip;]<\/p>\n","protected":false},"featured_media":10536,"comment_status":"closed","ping_status":"closed","template":"","meta":[],"product_cat":[1174],"product_tag":[882,902,1922],"yoast_head":"<!-- This site is optimized with the Yoast SEO plugin v18.4.1 - https:\/\/yoast.com\/wordpress\/plugins\/seo\/ -->\n<title>4d Orbz Matte Roxo - Bal\u00f5es S\u00e3o Roque<\/title>\n<meta name=\"robots\" content=\"index, follow, max-snippet:-1, max-image-preview:large, max-video-preview:-1\" \/>\n<link rel=\"canonical\" href=\"https:\/\/baloessaoroque.com.br\/en\/produtos\/metalized-balloon\/4d-orbz-matte-roxo\/\" \/>\n<meta property=\"og:locale\" content=\"pt_BR\" \/>\n<meta property=\"og:type\" content=\"article\" \/>\n<meta property=\"og:title\" content=\"4d Orbz Matte Roxo - Bal\u00f5es S\u00e3o Roque\" \/>\n<meta property=\"og:description\" content=\"O bal\u00e3o 4D Orbz Matte possui um formato de esfera (redondo) e a sua textura \u00e9 totalmente matte (fosca), que [&hellip;]\" \/>\n<meta property=\"og:url\" content=\"https:\/\/baloessaoroque.com.br\/en\/produtos\/metalized-balloon\/4d-orbz-matte-roxo\/\" \/>\n<meta property=\"og:site_name\" content=\"Bal\u00f5es S\u00e3o Roque\" \/>\n<meta property=\"article:modified_time\" content=\"2022-04-18T21:15:01+00:00\" \/>\n<meta property=\"og:image\" content=\"https:\/\/baloessaoroque.com.br\/en\/wp-content\/uploads\/2021\/06\/4d-orbz-matte-roxo.jpg\" \/>\n\t<meta property=\"og:image:width\" content=\"1200\" \/>\n\t<meta property=\"og:image:height\" content=\"1200\" \/>\n\t<meta property=\"og:image:type\" content=\"image\/jpeg\" \/>\n<meta name=\"twitter:card\" content=\"summary_large_image\" \/>\n<meta name=\"twitter:label1\" content=\"Est. tempo de leitura\" \/>\n\t<meta name=\"twitter:data1\" content=\"1 minuto\" \/>\n<script type=\"application\/ld+json\" class=\"yoast-schema-graph\">{\"@context\":\"https:\/\/schema.org\",\"@graph\":[{\"@type\":\"WebSite\",\"@id\":\"https:\/\/baloessaoroque.com.br\/en\/#website\",\"url\":\"https:\/\/baloessaoroque.com.br\/en\/\",\"name\":\"Bal\u00f5es S\u00e3o Roque\",\"description\":\"Sua vida cheia de festa!\",\"potentialAction\":[{\"@type\":\"SearchAction\",\"target\":{\"@type\":\"EntryPoint\",\"urlTemplate\":\"https:\/\/baloessaoroque.com.br\/en\/?s={search_term_string}\"},\"query-input\":\"required name=search_term_string\"}],\"inLanguage\":\"pt-BR\"},{\"@type\":\"ImageObject\",\"@id\":\"https:\/\/baloessaoroque.com.br\/en\/produtos\/metalized-balloon\/4d-orbz-matte-roxo\/#primaryimage\",\"inLanguage\":\"pt-BR\",\"url\":\"https:\/\/baloessaoroque.com.br\/en\/wp-content\/uploads\/2021\/06\/4d-orbz-matte-roxo.jpg\",\"contentUrl\":\"https:\/\/baloessaoroque.com.br\/en\/wp-content\/uploads\/2021\/06\/4d-orbz-matte-roxo.jpg\",\"width\":1200,\"height\":1200},{\"@type\":\"WebPage\",\"@id\":\"https:\/\/baloessaoroque.com.br\/en\/produtos\/metalized-balloon\/4d-orbz-matte-roxo\/#webpage\",\"url\":\"https:\/\/baloessaoroque.com.br\/en\/produtos\/metalized-balloon\/4d-orbz-matte-roxo\/\",\"name\":\"4d Orbz Matte Roxo - Bal\u00f5es S\u00e3o Roque\",\"isPartOf\":{\"@id\":\"https:\/\/baloessaoroque.com.br\/en\/#website\"},\"primaryImageOfPage\":{\"@id\":\"https:\/\/baloessaoroque.com.br\/en\/produtos\/metalized-balloon\/4d-orbz-matte-roxo\/#primaryimage\"},\"datePublished\":\"2021-06-30T20:14:41+00:00\",\"dateModified\":\"2022-04-18T21:15:01+00:00\",\"breadcrumb\":{\"@id\":\"https:\/\/baloessaoroque.com.br\/en\/produtos\/metalized-balloon\/4d-orbz-matte-roxo\/#breadcrumb\"},\"inLanguage\":\"pt-BR\",\"potentialAction\":[{\"@type\":\"ReadAction\",\"target\":[\"https:\/\/baloessaoroque.com.br\/en\/produtos\/metalized-balloon\/4d-orbz-matte-roxo\/\"]}]},{\"@type\":\"BreadcrumbList\",\"@id\":\"https:\/\/baloessaoroque.com.br\/en\/produtos\/metalized-balloon\/4d-orbz-matte-roxo\/#breadcrumb\",\"itemListElement\":[{\"@type\":\"ListItem\",\"position\":1,\"name\":\"In\u00edcio\",\"item\":\"https:\/\/baloessaoroque.com.br\/en\/\"},{\"@type\":\"ListItem\",\"position\":2,\"name\":\"Produtos\",\"item\":\"https:\/\/baloessaoroque.com.br\/en\/produtos\/\"},{\"@type\":\"ListItem\",\"position\":3,\"name\":\"4d Orbz Matte Roxo\"}]}]}<\/script>\n<!-- \/ Yoast SEO plugin. -->","yoast_head_json":{"title":"4d Orbz Matte Roxo - Bal\u00f5es S\u00e3o Roque","robots":{"index":"index","follow":"follow","max-snippet":"max-snippet:-1","max-image-preview":"max-image-preview:large","max-video-preview":"max-video-preview:-1"},"canonical":"https:\/\/baloessaoroque.com.br\/en\/produtos\/metalized-balloon\/4d-orbz-matte-roxo\/","og_locale":"pt_BR","og_type":"article","og_title":"4d Orbz Matte Roxo - Bal\u00f5es S\u00e3o Roque","og_description":"O bal\u00e3o 4D Orbz Matte possui um formato de esfera (redondo) e a sua textura \u00e9 totalmente matte (fosca), que [&hellip;]","og_url":"https:\/\/baloessaoroque.com.br\/en\/produtos\/metalized-balloon\/4d-orbz-matte-roxo\/","og_site_name":"Bal\u00f5es S\u00e3o Roque","article_modified_time":"2022-04-18T21:15:01+00:00","og_image":[{"width":1200,"height":1200,"url":"https:\/\/baloessaoroque.com.br\/en\/wp-content\/uploads\/2021\/06\/4d-orbz-matte-roxo.jpg","type":"image\/jpeg"}],"twitter_card":"summary_large_image","twitter_misc":{"Est. tempo de leitura":"1 minuto"},"schema":{"@context":"https:\/\/schema.org","@graph":[{"@type":"WebSite","@id":"https:\/\/baloessaoroque.com.br\/en\/#website","url":"https:\/\/baloessaoroque.com.br\/en\/","name":"Bal\u00f5es S\u00e3o Roque","description":"Sua vida cheia de festa!","potentialAction":[{"@type":"SearchAction","target":{"@type":"EntryPoint","urlTemplate":"https:\/\/baloessaoroque.com.br\/en\/?s={search_term_string}"},"query-input":"required name=search_term_string"}],"inLanguage":"pt-BR"},{"@type":"ImageObject","@id":"https:\/\/baloessaoroque.com.br\/en\/produtos\/metalized-balloon\/4d-orbz-matte-roxo\/#primaryimage","inLanguage":"pt-BR","url":"https:\/\/baloessaoroque.com.br\/en\/wp-content\/uploads\/2021\/06\/4d-orbz-matte-roxo.jpg","contentUrl":"https:\/\/baloessaoroque.com.br\/en\/wp-content\/uploads\/2021\/06\/4d-orbz-matte-roxo.jpg","width":1200,"height":1200},{"@type":"WebPage","@id":"https:\/\/baloessaoroque.com.br\/en\/produtos\/metalized-balloon\/4d-orbz-matte-roxo\/#webpage","url":"https:\/\/baloessaoroque.com.br\/en\/produtos\/metalized-balloon\/4d-orbz-matte-roxo\/","name":"4d Orbz Matte Roxo - Bal\u00f5es S\u00e3o Roque","isPartOf":{"@id":"https:\/\/baloessaoroque.com.br\/en\/#website"},"primaryImageOfPage":{"@id":"https:\/\/baloessaoroque.com.br\/en\/produtos\/metalized-balloon\/4d-orbz-matte-roxo\/#primaryimage"},"datePublished":"2021-06-30T20:14:41+00:00","dateModified":"2022-04-18T21:15:01+00:00","breadcrumb":{"@id":"https:\/\/baloessaoroque.com.br\/en\/produtos\/metalized-balloon\/4d-orbz-matte-roxo\/#breadcrumb"},"inLanguage":"pt-BR","potentialAction":[{"@type":"ReadAction","target":["https:\/\/baloessaoroque.com.br\/en\/produtos\/metalized-balloon\/4d-orbz-matte-roxo\/"]}]},{"@type":"BreadcrumbList","@id":"https:\/\/baloessaoroque.com.br\/en\/produtos\/metalized-balloon\/4d-orbz-matte-roxo\/#breadcrumb","itemListElement":[{"@type":"ListItem","position":1,"name":"In\u00edcio","item":"https:\/\/baloessaoroque.com.br\/en\/"},{"@type":"ListItem","position":2,"name":"Produtos","item":"https:\/\/baloessaoroque.com.br\/en\/produtos\/"},{"@type":"ListItem","position":3,"name":"4d Orbz Matte Roxo"}]}]}},"_links":{"self":[{"href":"https:\/\/baloessaoroque.com.br\/en\/wp-json\/wp\/v2\/product\/8474"}],"collection":[{"href":"https:\/\/baloessaoroque.com.br\/en\/wp-json\/wp\/v2\/product"}],"about":[{"href":"https:\/\/baloessaoroque.com.br\/en\/wp-json\/wp\/v2\/types\/product"}],"replies":[{"embeddable":true,"href":"https:\/\/baloessaoroque.com.br\/en\/wp-json\/wp\/v2\/comments?post=8474"}],"wp:featuredmedia":[{"embeddable":true,"href":"https:\/\/baloessaoroque.com.br\/en\/wp-json\/wp\/v2\/media\/10536"}],"wp:attachment":[{"href":"https:\/\/baloessaoroque.com.br\/en\/wp-json\/wp\/v2\/media?parent=8474"}],"wp:term":[{"taxonomy":"product_cat","embeddable":true,"href":"https:\/\/baloessaoroque.com.br\/en\/wp-json\/wp\/v2\/product_cat?post=8474"},{"taxonomy":"product_tag","embeddable":true,"href":"https:\/\/baloessaoroque.com.br\/en\/wp-json\/wp\/v2\/product_tag?post=8474"}],"curies":[{"name":"wp","href":"https:\/\/api.w.org\/{rel}","templated":true}]}}