{"id":8523,"date":"2021-06-30T17:15:25","date_gmt":"2021-06-30T20:15:25","guid":{"rendered":"https:\/\/baloessaoroque.com.br\/en\/produtos\/sem%20categoria\/metalizado-redondo-boneco\/"},"modified":"2021-08-22T21:02:05","modified_gmt":"2021-08-23T00:02:05","slug":"metalizado-redondo-boneco","status":"publish","type":"product","link":"https:\/\/baloessaoroque.com.br\/en\/produtos\/metalized-balloon\/metalizado-redondo-boneco\/","title":{"rendered":"Metalizado Redondo Boneco"},"content":{"rendered":"<p>Dentre todos os modelos de bal\u00f5es metalizados, um dos mais queridos pelo p\u00fablico s\u00e3o os Formatos Estampados, pois contam com uma variedade incr\u00edvel de desenhos que atendem a todos os gostos e todas as ocasi\u00f5es: Anivers\u00e1rio, Fazendinha, Festa Doce, Natal, Ano Novo, Jardim, Festa de Boteco, Festa Tropical, 1 Aninho, Fundo do Mar, Dia dos Namorados, Casamento, Dia das M\u00e3es&#8230; todos esses s\u00e3o apenas alguns dos temas que a marca tem dispon\u00edvel em sua linha, e podem ser encontrados nos formatos de cora\u00e7\u00e3o, estrela ou redondo. Todos os produtos foram testados e aprovados por renomados profissionais da \u00e1rea de decora\u00e7\u00e3o, portanto, contam com a qualidade, durabilidade e resist\u00eancia que apenas os bal\u00f5es da Bal\u00f5es S\u00e3o Roque possuem. Os bal\u00f5es tamb\u00e9m contam com um fechamento autom\u00e1tico de sua v\u00e1lvula, diferencial da marca em rela\u00e7\u00e3o aos seus concorrentes que necessitam de uma seladora para manter o produto inflado. O conte\u00fado do pacote \u00e9 dobrado e embalado individualmente.<\/p>\n","protected":false},"excerpt":{"rendered":"<p>Dentre todos os modelos de bal\u00f5es metalizados, um dos mais queridos pelo p\u00fablico s\u00e3o os Formatos Estampados, pois contam com [&hellip;]<\/p>\n","protected":false},"featured_media":3908,"comment_status":"closed","ping_status":"closed","template":"","meta":[],"product_cat":[1174],"product_tag":[907],"yoast_head":"<!-- This site is optimized with the Yoast SEO plugin v18.4.1 - https:\/\/yoast.com\/wordpress\/plugins\/seo\/ -->\n<title>Metalizado Redondo Boneco - Bal\u00f5es S\u00e3o Roque<\/title>\n<meta name=\"robots\" content=\"index, follow, max-snippet:-1, max-image-preview:large, max-video-preview:-1\" \/>\n<link rel=\"canonical\" href=\"https:\/\/baloessaoroque.com.br\/en\/produtos\/metalized-balloon\/metalizado-redondo-boneco\/\" \/>\n<meta property=\"og:locale\" content=\"pt_BR\" \/>\n<meta property=\"og:type\" content=\"article\" \/>\n<meta property=\"og:title\" content=\"Metalizado Redondo Boneco - Bal\u00f5es S\u00e3o Roque\" \/>\n<meta property=\"og:description\" content=\"Dentre todos os modelos de bal\u00f5es metalizados, um dos mais queridos pelo p\u00fablico s\u00e3o os Formatos Estampados, pois contam com [&hellip;]\" \/>\n<meta property=\"og:url\" content=\"https:\/\/baloessaoroque.com.br\/en\/produtos\/metalized-balloon\/metalizado-redondo-boneco\/\" \/>\n<meta property=\"og:site_name\" content=\"Bal\u00f5es S\u00e3o Roque\" \/>\n<meta property=\"article:modified_time\" content=\"2021-08-23T00:02:05+00:00\" \/>\n<meta property=\"og:image\" content=\"https:\/\/baloessaoroque.com.br\/en\/wp-content\/uploads\/2021\/01\/BALAO_REDONDO_ESTAMPADO_BONECO_NEVE-1.jpg\" \/>\n\t<meta property=\"og:image:width\" content=\"1200\" \/>\n\t<meta property=\"og:image:height\" content=\"1200\" \/>\n\t<meta property=\"og:image:type\" content=\"image\/jpeg\" \/>\n<meta name=\"twitter:card\" content=\"summary_large_image\" \/>\n<meta name=\"twitter:label1\" content=\"Est. tempo de leitura\" \/>\n\t<meta name=\"twitter:data1\" content=\"1 minuto\" \/>\n<script type=\"application\/ld+json\" class=\"yoast-schema-graph\">{\"@context\":\"https:\/\/schema.org\",\"@graph\":[{\"@type\":\"WebSite\",\"@id\":\"https:\/\/baloessaoroque.com.br\/en\/#website\",\"url\":\"https:\/\/baloessaoroque.com.br\/en\/\",\"name\":\"Bal\u00f5es S\u00e3o Roque\",\"description\":\"Sua vida cheia de festa!\",\"potentialAction\":[{\"@type\":\"SearchAction\",\"target\":{\"@type\":\"EntryPoint\",\"urlTemplate\":\"https:\/\/baloessaoroque.com.br\/en\/?s={search_term_string}\"},\"query-input\":\"required name=search_term_string\"}],\"inLanguage\":\"pt-BR\"},{\"@type\":\"ImageObject\",\"@id\":\"https:\/\/baloessaoroque.com.br\/en\/produtos\/metalized-balloon\/metalizado-redondo-boneco\/#primaryimage\",\"inLanguage\":\"pt-BR\",\"url\":\"https:\/\/baloessaoroque.com.br\/en\/wp-content\/uploads\/2021\/01\/BALAO_REDONDO_ESTAMPADO_BONECO_NEVE-1.jpg\",\"contentUrl\":\"https:\/\/baloessaoroque.com.br\/en\/wp-content\/uploads\/2021\/01\/BALAO_REDONDO_ESTAMPADO_BONECO_NEVE-1.jpg\",\"width\":1200,\"height\":1200,\"caption\":\"Boneco de Neve\"},{\"@type\":\"WebPage\",\"@id\":\"https:\/\/baloessaoroque.com.br\/en\/produtos\/metalized-balloon\/metalizado-redondo-boneco\/#webpage\",\"url\":\"https:\/\/baloessaoroque.com.br\/en\/produtos\/metalized-balloon\/metalizado-redondo-boneco\/\",\"name\":\"Metalizado Redondo Boneco - Bal\u00f5es S\u00e3o Roque\",\"isPartOf\":{\"@id\":\"https:\/\/baloessaoroque.com.br\/en\/#website\"},\"primaryImageOfPage\":{\"@id\":\"https:\/\/baloessaoroque.com.br\/en\/produtos\/metalized-balloon\/metalizado-redondo-boneco\/#primaryimage\"},\"datePublished\":\"2021-06-30T20:15:25+00:00\",\"dateModified\":\"2021-08-23T00:02:05+00:00\",\"breadcrumb\":{\"@id\":\"https:\/\/baloessaoroque.com.br\/en\/produtos\/metalized-balloon\/metalizado-redondo-boneco\/#breadcrumb\"},\"inLanguage\":\"pt-BR\",\"potentialAction\":[{\"@type\":\"ReadAction\",\"target\":[\"https:\/\/baloessaoroque.com.br\/en\/produtos\/metalized-balloon\/metalizado-redondo-boneco\/\"]}]},{\"@type\":\"BreadcrumbList\",\"@id\":\"https:\/\/baloessaoroque.com.br\/en\/produtos\/metalized-balloon\/metalizado-redondo-boneco\/#breadcrumb\",\"itemListElement\":[{\"@type\":\"ListItem\",\"position\":1,\"name\":\"In\u00edcio\",\"item\":\"https:\/\/baloessaoroque.com.br\/en\/\"},{\"@type\":\"ListItem\",\"position\":2,\"name\":\"Produtos\",\"item\":\"https:\/\/baloessaoroque.com.br\/en\/produtos\/\"},{\"@type\":\"ListItem\",\"position\":3,\"name\":\"Metalizado Redondo Boneco\"}]}]}<\/script>\n<!-- \/ Yoast SEO plugin. -->","yoast_head_json":{"title":"Metalizado Redondo Boneco - Bal\u00f5es S\u00e3o Roque","robots":{"index":"index","follow":"follow","max-snippet":"max-snippet:-1","max-image-preview":"max-image-preview:large","max-video-preview":"max-video-preview:-1"},"canonical":"https:\/\/baloessaoroque.com.br\/en\/produtos\/metalized-balloon\/metalizado-redondo-boneco\/","og_locale":"pt_BR","og_type":"article","og_title":"Metalizado Redondo Boneco - Bal\u00f5es S\u00e3o Roque","og_description":"Dentre todos os modelos de bal\u00f5es metalizados, um dos mais queridos pelo p\u00fablico s\u00e3o os Formatos Estampados, pois contam com [&hellip;]","og_url":"https:\/\/baloessaoroque.com.br\/en\/produtos\/metalized-balloon\/metalizado-redondo-boneco\/","og_site_name":"Bal\u00f5es S\u00e3o Roque","article_modified_time":"2021-08-23T00:02:05+00:00","og_image":[{"width":1200,"height":1200,"url":"https:\/\/baloessaoroque.com.br\/en\/wp-content\/uploads\/2021\/01\/BALAO_REDONDO_ESTAMPADO_BONECO_NEVE-1.jpg","type":"image\/jpeg"}],"twitter_card":"summary_large_image","twitter_misc":{"Est. tempo de leitura":"1 minuto"},"schema":{"@context":"https:\/\/schema.org","@graph":[{"@type":"WebSite","@id":"https:\/\/baloessaoroque.com.br\/en\/#website","url":"https:\/\/baloessaoroque.com.br\/en\/","name":"Bal\u00f5es S\u00e3o Roque","description":"Sua vida cheia de festa!","potentialAction":[{"@type":"SearchAction","target":{"@type":"EntryPoint","urlTemplate":"https:\/\/baloessaoroque.com.br\/en\/?s={search_term_string}"},"query-input":"required name=search_term_string"}],"inLanguage":"pt-BR"},{"@type":"ImageObject","@id":"https:\/\/baloessaoroque.com.br\/en\/produtos\/metalized-balloon\/metalizado-redondo-boneco\/#primaryimage","inLanguage":"pt-BR","url":"https:\/\/baloessaoroque.com.br\/en\/wp-content\/uploads\/2021\/01\/BALAO_REDONDO_ESTAMPADO_BONECO_NEVE-1.jpg","contentUrl":"https:\/\/baloessaoroque.com.br\/en\/wp-content\/uploads\/2021\/01\/BALAO_REDONDO_ESTAMPADO_BONECO_NEVE-1.jpg","width":1200,"height":1200,"caption":"Boneco de Neve"},{"@type":"WebPage","@id":"https:\/\/baloessaoroque.com.br\/en\/produtos\/metalized-balloon\/metalizado-redondo-boneco\/#webpage","url":"https:\/\/baloessaoroque.com.br\/en\/produtos\/metalized-balloon\/metalizado-redondo-boneco\/","name":"Metalizado Redondo Boneco - Bal\u00f5es S\u00e3o Roque","isPartOf":{"@id":"https:\/\/baloessaoroque.com.br\/en\/#website"},"primaryImageOfPage":{"@id":"https:\/\/baloessaoroque.com.br\/en\/produtos\/metalized-balloon\/metalizado-redondo-boneco\/#primaryimage"},"datePublished":"2021-06-30T20:15:25+00:00","dateModified":"2021-08-23T00:02:05+00:00","breadcrumb":{"@id":"https:\/\/baloessaoroque.com.br\/en\/produtos\/metalized-balloon\/metalizado-redondo-boneco\/#breadcrumb"},"inLanguage":"pt-BR","potentialAction":[{"@type":"ReadAction","target":["https:\/\/baloessaoroque.com.br\/en\/produtos\/metalized-balloon\/metalizado-redondo-boneco\/"]}]},{"@type":"BreadcrumbList","@id":"https:\/\/baloessaoroque.com.br\/en\/produtos\/metalized-balloon\/metalizado-redondo-boneco\/#breadcrumb","itemListElement":[{"@type":"ListItem","position":1,"name":"In\u00edcio","item":"https:\/\/baloessaoroque.com.br\/en\/"},{"@type":"ListItem","position":2,"name":"Produtos","item":"https:\/\/baloessaoroque.com.br\/en\/produtos\/"},{"@type":"ListItem","position":3,"name":"Metalizado Redondo Boneco"}]}]}},"_links":{"self":[{"href":"https:\/\/baloessaoroque.com.br\/en\/wp-json\/wp\/v2\/product\/8523"}],"collection":[{"href":"https:\/\/baloessaoroque.com.br\/en\/wp-json\/wp\/v2\/product"}],"about":[{"href":"https:\/\/baloessaoroque.com.br\/en\/wp-json\/wp\/v2\/types\/product"}],"replies":[{"embeddable":true,"href":"https:\/\/baloessaoroque.com.br\/en\/wp-json\/wp\/v2\/comments?post=8523"}],"wp:featuredmedia":[{"embeddable":true,"href":"https:\/\/baloessaoroque.com.br\/en\/wp-json\/wp\/v2\/media\/3908"}],"wp:attachment":[{"href":"https:\/\/baloessaoroque.com.br\/en\/wp-json\/wp\/v2\/media?parent=8523"}],"wp:term":[{"taxonomy":"product_cat","embeddable":true,"href":"https:\/\/baloessaoroque.com.br\/en\/wp-json\/wp\/v2\/product_cat?post=8523"},{"taxonomy":"product_tag","embeddable":true,"href":"https:\/\/baloessaoroque.com.br\/en\/wp-json\/wp\/v2\/product_tag?post=8523"}],"curies":[{"name":"wp","href":"https:\/\/api.w.org\/{rel}","templated":true}]}}