{"id":8551,"date":"2021-06-30T17:15:44","date_gmt":"2021-06-30T20:15:44","guid":{"rendered":"https:\/\/baloessaoroque.com.br\/en\/produtos\/sem%20categoria\/metalizado-redondo-verde\/"},"modified":"2022-01-26T08:27:40","modified_gmt":"2022-01-26T11:27:40","slug":"metalizado-redondo-verde","status":"publish","type":"product","link":"https:\/\/baloessaoroque.com.br\/en\/produtos\/metalized-balloon\/metalizado-redondo-verde\/","title":{"rendered":"Redondo fosco Verde"},"content":{"rendered":"<p>Os bal\u00f5es metalizados da Bal\u00f5es S\u00e3o Roque contam com a linha de Formatos Lisos, composta por cora\u00e7\u00f5es, estrelas e bal\u00f5es redondos em diversas op\u00e7\u00f5es de cores. Dispon\u00edveis em dois tamanhos diferentes, o de 22cm &#8211; que n\u00e3o flutua com g\u00e1s h\u00e9lio &#8211; e o de 45cm &#8211; que comporta a utiliza\u00e7\u00e3o de g\u00e1s h\u00e9lio \u2013 esta linha \u00e9 extremamente resistente e dur\u00e1vel ap\u00f3s inflados. S\u00e3o cores vivas e arrojadas, podendo ser utilizados em diversas ocasi\u00f5es como festas de anivers\u00e1rio, casamento, ch\u00e1 de beb\u00ea, decora\u00e7\u00f5es de Natal, de Ano Novo, e, inclusive, podem ser utilizados para personaliza\u00e7\u00e3o com nomes, frases, entre outros. Os bal\u00f5es metalizados da Bal\u00f5es S\u00e3o Roque possuem o sistema de v\u00e1lvula auto selante, o que significa que, ao inflar, n\u00e3o \u00e9 necess\u00e1rio fazer nenhum tipo de amarra\u00e7\u00e3o ou utilizar a seladora para fechar o bico do bal\u00e3o, o sistema fecha automaticamente. O conte\u00fado do pacote \u00e9 dobrado e embalado individualmente.<\/p>\n","protected":false},"excerpt":{"rendered":"<p>Os bal\u00f5es metalizados da Bal\u00f5es S\u00e3o Roque contam com a linha de Formatos Lisos, composta por cora\u00e7\u00f5es, estrelas e bal\u00f5es [&hellip;]<\/p>\n","protected":false},"featured_media":9479,"comment_status":"closed","ping_status":"closed","template":"","meta":[],"product_cat":[1174],"product_tag":[887,882,902,1186,1279,1858,1856,1831,1266,907,1922],"yoast_head":"<!-- This site is optimized with the Yoast SEO plugin v18.4.1 - https:\/\/yoast.com\/wordpress\/plugins\/seo\/ -->\n<title>Redondo fosco Verde - Bal\u00f5es S\u00e3o Roque<\/title>\n<meta name=\"robots\" content=\"index, follow, max-snippet:-1, max-image-preview:large, max-video-preview:-1\" \/>\n<link rel=\"canonical\" href=\"https:\/\/baloessaoroque.com.br\/en\/produtos\/metalized-balloon\/metalizado-redondo-verde\/\" \/>\n<meta property=\"og:locale\" content=\"pt_BR\" \/>\n<meta property=\"og:type\" content=\"article\" \/>\n<meta property=\"og:title\" content=\"Redondo fosco Verde - Bal\u00f5es S\u00e3o Roque\" \/>\n<meta property=\"og:description\" content=\"Os bal\u00f5es metalizados da Bal\u00f5es S\u00e3o Roque contam com a linha de Formatos Lisos, composta por cora\u00e7\u00f5es, estrelas e bal\u00f5es [&hellip;]\" \/>\n<meta property=\"og:url\" content=\"https:\/\/baloessaoroque.com.br\/en\/produtos\/metalized-balloon\/metalizado-redondo-verde\/\" \/>\n<meta property=\"og:site_name\" content=\"Bal\u00f5es S\u00e3o Roque\" \/>\n<meta property=\"article:modified_time\" content=\"2022-01-26T11:27:40+00:00\" \/>\n<meta property=\"og:image\" content=\"https:\/\/baloessaoroque.com.br\/en\/wp-content\/uploads\/2021\/06\/REDONDO_FOSCO_VERDE.jpg\" \/>\n\t<meta property=\"og:image:width\" content=\"1200\" \/>\n\t<meta property=\"og:image:height\" content=\"1200\" \/>\n\t<meta property=\"og:image:type\" content=\"image\/jpeg\" \/>\n<meta name=\"twitter:card\" content=\"summary_large_image\" \/>\n<meta name=\"twitter:label1\" content=\"Est. tempo de leitura\" \/>\n\t<meta name=\"twitter:data1\" content=\"1 minuto\" \/>\n<script type=\"application\/ld+json\" class=\"yoast-schema-graph\">{\"@context\":\"https:\/\/schema.org\",\"@graph\":[{\"@type\":\"WebSite\",\"@id\":\"https:\/\/baloessaoroque.com.br\/en\/#website\",\"url\":\"https:\/\/baloessaoroque.com.br\/en\/\",\"name\":\"Bal\u00f5es S\u00e3o Roque\",\"description\":\"Sua vida cheia de festa!\",\"potentialAction\":[{\"@type\":\"SearchAction\",\"target\":{\"@type\":\"EntryPoint\",\"urlTemplate\":\"https:\/\/baloessaoroque.com.br\/en\/?s={search_term_string}\"},\"query-input\":\"required name=search_term_string\"}],\"inLanguage\":\"pt-BR\"},{\"@type\":\"ImageObject\",\"@id\":\"https:\/\/baloessaoroque.com.br\/en\/produtos\/metalized-balloon\/metalizado-redondo-verde\/#primaryimage\",\"inLanguage\":\"pt-BR\",\"url\":\"https:\/\/baloessaoroque.com.br\/en\/wp-content\/uploads\/2021\/06\/REDONDO_FOSCO_VERDE.jpg\",\"contentUrl\":\"https:\/\/baloessaoroque.com.br\/en\/wp-content\/uploads\/2021\/06\/REDONDO_FOSCO_VERDE.jpg\",\"width\":1200,\"height\":1200,\"caption\":\"Verde\"},{\"@type\":\"WebPage\",\"@id\":\"https:\/\/baloessaoroque.com.br\/en\/produtos\/metalized-balloon\/metalizado-redondo-verde\/#webpage\",\"url\":\"https:\/\/baloessaoroque.com.br\/en\/produtos\/metalized-balloon\/metalizado-redondo-verde\/\",\"name\":\"Redondo fosco Verde - Bal\u00f5es S\u00e3o Roque\",\"isPartOf\":{\"@id\":\"https:\/\/baloessaoroque.com.br\/en\/#website\"},\"primaryImageOfPage\":{\"@id\":\"https:\/\/baloessaoroque.com.br\/en\/produtos\/metalized-balloon\/metalizado-redondo-verde\/#primaryimage\"},\"datePublished\":\"2021-06-30T20:15:44+00:00\",\"dateModified\":\"2022-01-26T11:27:40+00:00\",\"breadcrumb\":{\"@id\":\"https:\/\/baloessaoroque.com.br\/en\/produtos\/metalized-balloon\/metalizado-redondo-verde\/#breadcrumb\"},\"inLanguage\":\"pt-BR\",\"potentialAction\":[{\"@type\":\"ReadAction\",\"target\":[\"https:\/\/baloessaoroque.com.br\/en\/produtos\/metalized-balloon\/metalizado-redondo-verde\/\"]}]},{\"@type\":\"BreadcrumbList\",\"@id\":\"https:\/\/baloessaoroque.com.br\/en\/produtos\/metalized-balloon\/metalizado-redondo-verde\/#breadcrumb\",\"itemListElement\":[{\"@type\":\"ListItem\",\"position\":1,\"name\":\"In\u00edcio\",\"item\":\"https:\/\/baloessaoroque.com.br\/en\/\"},{\"@type\":\"ListItem\",\"position\":2,\"name\":\"Produtos\",\"item\":\"https:\/\/baloessaoroque.com.br\/en\/produtos\/\"},{\"@type\":\"ListItem\",\"position\":3,\"name\":\"Redondo fosco Verde\"}]}]}<\/script>\n<!-- \/ Yoast SEO plugin. -->","yoast_head_json":{"title":"Redondo fosco Verde - Bal\u00f5es S\u00e3o Roque","robots":{"index":"index","follow":"follow","max-snippet":"max-snippet:-1","max-image-preview":"max-image-preview:large","max-video-preview":"max-video-preview:-1"},"canonical":"https:\/\/baloessaoroque.com.br\/en\/produtos\/metalized-balloon\/metalizado-redondo-verde\/","og_locale":"pt_BR","og_type":"article","og_title":"Redondo fosco Verde - Bal\u00f5es S\u00e3o Roque","og_description":"Os bal\u00f5es metalizados da Bal\u00f5es S\u00e3o Roque contam com a linha de Formatos Lisos, composta por cora\u00e7\u00f5es, estrelas e bal\u00f5es [&hellip;]","og_url":"https:\/\/baloessaoroque.com.br\/en\/produtos\/metalized-balloon\/metalizado-redondo-verde\/","og_site_name":"Bal\u00f5es S\u00e3o Roque","article_modified_time":"2022-01-26T11:27:40+00:00","og_image":[{"width":1200,"height":1200,"url":"https:\/\/baloessaoroque.com.br\/en\/wp-content\/uploads\/2021\/06\/REDONDO_FOSCO_VERDE.jpg","type":"image\/jpeg"}],"twitter_card":"summary_large_image","twitter_misc":{"Est. tempo de leitura":"1 minuto"},"schema":{"@context":"https:\/\/schema.org","@graph":[{"@type":"WebSite","@id":"https:\/\/baloessaoroque.com.br\/en\/#website","url":"https:\/\/baloessaoroque.com.br\/en\/","name":"Bal\u00f5es S\u00e3o Roque","description":"Sua vida cheia de festa!","potentialAction":[{"@type":"SearchAction","target":{"@type":"EntryPoint","urlTemplate":"https:\/\/baloessaoroque.com.br\/en\/?s={search_term_string}"},"query-input":"required name=search_term_string"}],"inLanguage":"pt-BR"},{"@type":"ImageObject","@id":"https:\/\/baloessaoroque.com.br\/en\/produtos\/metalized-balloon\/metalizado-redondo-verde\/#primaryimage","inLanguage":"pt-BR","url":"https:\/\/baloessaoroque.com.br\/en\/wp-content\/uploads\/2021\/06\/REDONDO_FOSCO_VERDE.jpg","contentUrl":"https:\/\/baloessaoroque.com.br\/en\/wp-content\/uploads\/2021\/06\/REDONDO_FOSCO_VERDE.jpg","width":1200,"height":1200,"caption":"Verde"},{"@type":"WebPage","@id":"https:\/\/baloessaoroque.com.br\/en\/produtos\/metalized-balloon\/metalizado-redondo-verde\/#webpage","url":"https:\/\/baloessaoroque.com.br\/en\/produtos\/metalized-balloon\/metalizado-redondo-verde\/","name":"Redondo fosco Verde - Bal\u00f5es S\u00e3o Roque","isPartOf":{"@id":"https:\/\/baloessaoroque.com.br\/en\/#website"},"primaryImageOfPage":{"@id":"https:\/\/baloessaoroque.com.br\/en\/produtos\/metalized-balloon\/metalizado-redondo-verde\/#primaryimage"},"datePublished":"2021-06-30T20:15:44+00:00","dateModified":"2022-01-26T11:27:40+00:00","breadcrumb":{"@id":"https:\/\/baloessaoroque.com.br\/en\/produtos\/metalized-balloon\/metalizado-redondo-verde\/#breadcrumb"},"inLanguage":"pt-BR","potentialAction":[{"@type":"ReadAction","target":["https:\/\/baloessaoroque.com.br\/en\/produtos\/metalized-balloon\/metalizado-redondo-verde\/"]}]},{"@type":"BreadcrumbList","@id":"https:\/\/baloessaoroque.com.br\/en\/produtos\/metalized-balloon\/metalizado-redondo-verde\/#breadcrumb","itemListElement":[{"@type":"ListItem","position":1,"name":"In\u00edcio","item":"https:\/\/baloessaoroque.com.br\/en\/"},{"@type":"ListItem","position":2,"name":"Produtos","item":"https:\/\/baloessaoroque.com.br\/en\/produtos\/"},{"@type":"ListItem","position":3,"name":"Redondo fosco Verde"}]}]}},"_links":{"self":[{"href":"https:\/\/baloessaoroque.com.br\/en\/wp-json\/wp\/v2\/product\/8551"}],"collection":[{"href":"https:\/\/baloessaoroque.com.br\/en\/wp-json\/wp\/v2\/product"}],"about":[{"href":"https:\/\/baloessaoroque.com.br\/en\/wp-json\/wp\/v2\/types\/product"}],"replies":[{"embeddable":true,"href":"https:\/\/baloessaoroque.com.br\/en\/wp-json\/wp\/v2\/comments?post=8551"}],"wp:featuredmedia":[{"embeddable":true,"href":"https:\/\/baloessaoroque.com.br\/en\/wp-json\/wp\/v2\/media\/9479"}],"wp:attachment":[{"href":"https:\/\/baloessaoroque.com.br\/en\/wp-json\/wp\/v2\/media?parent=8551"}],"wp:term":[{"taxonomy":"product_cat","embeddable":true,"href":"https:\/\/baloessaoroque.com.br\/en\/wp-json\/wp\/v2\/product_cat?post=8551"},{"taxonomy":"product_tag","embeddable":true,"href":"https:\/\/baloessaoroque.com.br\/en\/wp-json\/wp\/v2\/product_tag?post=8551"}],"curies":[{"name":"wp","href":"https:\/\/api.w.org\/{rel}","templated":true}]}}