{"id":8795,"date":"2021-06-30T17:18:18","date_gmt":"2021-06-30T20:18:18","guid":{"rendered":"https:\/\/baloessaoroque.com.br\/en\/produtos\/sem%20categoria\/unicornio-branco-e-amarelo\/"},"modified":"2022-01-26T07:41:08","modified_gmt":"2022-01-26T10:41:08","slug":"unicornio-branco-amarelo-roxo-verde-rosa","status":"publish","type":"product","link":"https:\/\/baloessaoroque.com.br\/en\/produtos\/decorated\/9-inches\/unicornio-branco-amarelo-roxo-verde-rosa\/","title":{"rendered":"Unicornio Branco Amarelo Roxo Verde Rosa"},"content":{"rendered":"<p>A Bal\u00f5es S\u00e3o Roque possui uma variedade de op\u00e7\u00f5es de bal\u00f5es decorados que atende \u00e0 todos os p\u00fablicos e perfis de festa, tanto infantis como adultas . S\u00e3o \u00f3timas alternativas para agregar valor e ambientar as decora\u00e7\u00f5es com estampas e desenhos incr\u00edveis. Seu maior diferencial, al\u00e9m da qualidade, \u00e9 o m\u00e9todo de carimbo, que permite a impress\u00e3o perfeita das estampas, sem falhas e\/ou defeitos. Confira no nosso site os diferentes desenhos, tamanhos e cores, voc\u00ea vai se surpreender.<\/p>\n","protected":false},"excerpt":{"rendered":"<p>A Bal\u00f5es S\u00e3o Roque possui uma variedade de op\u00e7\u00f5es de bal\u00f5es decorados que atende \u00e0 todos os p\u00fablicos e perfis [&hellip;]<\/p>\n","protected":false},"featured_media":3260,"comment_status":"closed","ping_status":"closed","template":"","meta":[],"product_cat":[1827,880],"product_tag":[1854,1186,1266,943],"yoast_head":"<!-- This site is optimized with the Yoast SEO plugin v18.4.1 - https:\/\/yoast.com\/wordpress\/plugins\/seo\/ -->\n<title>Unicornio Branco Amarelo Roxo Verde Rosa - Bal\u00f5es S\u00e3o Roque<\/title>\n<meta name=\"robots\" content=\"index, follow, max-snippet:-1, max-image-preview:large, max-video-preview:-1\" \/>\n<link rel=\"canonical\" href=\"https:\/\/baloessaoroque.com.br\/en\/produtos\/decorated\/9-inches\/unicornio-branco-amarelo-roxo-verde-rosa\/\" \/>\n<meta property=\"og:locale\" content=\"pt_BR\" \/>\n<meta property=\"og:type\" content=\"article\" \/>\n<meta property=\"og:title\" content=\"Unicornio Branco Amarelo Roxo Verde Rosa - Bal\u00f5es S\u00e3o Roque\" \/>\n<meta property=\"og:description\" content=\"A Bal\u00f5es S\u00e3o Roque possui uma variedade de op\u00e7\u00f5es de bal\u00f5es decorados que atende \u00e0 todos os p\u00fablicos e perfis [&hellip;]\" \/>\n<meta property=\"og:url\" content=\"https:\/\/baloessaoroque.com.br\/en\/produtos\/decorated\/9-inches\/unicornio-branco-amarelo-roxo-verde-rosa\/\" \/>\n<meta property=\"og:site_name\" content=\"Bal\u00f5es S\u00e3o Roque\" \/>\n<meta property=\"article:modified_time\" content=\"2022-01-26T10:41:08+00:00\" \/>\n<meta property=\"og:image\" content=\"https:\/\/baloessaoroque.com.br\/en\/wp-content\/uploads\/2021\/01\/BALAO_UNICORNIO_BABY.jpg\" \/>\n\t<meta property=\"og:image:width\" content=\"1200\" \/>\n\t<meta property=\"og:image:height\" content=\"1200\" \/>\n\t<meta property=\"og:image:type\" content=\"image\/jpeg\" \/>\n<meta name=\"twitter:card\" content=\"summary_large_image\" \/>\n<script type=\"application\/ld+json\" class=\"yoast-schema-graph\">{\"@context\":\"https:\/\/schema.org\",\"@graph\":[{\"@type\":\"WebSite\",\"@id\":\"https:\/\/baloessaoroque.com.br\/en\/#website\",\"url\":\"https:\/\/baloessaoroque.com.br\/en\/\",\"name\":\"Bal\u00f5es S\u00e3o Roque\",\"description\":\"Sua vida cheia de festa!\",\"potentialAction\":[{\"@type\":\"SearchAction\",\"target\":{\"@type\":\"EntryPoint\",\"urlTemplate\":\"https:\/\/baloessaoroque.com.br\/en\/?s={search_term_string}\"},\"query-input\":\"required name=search_term_string\"}],\"inLanguage\":\"pt-BR\"},{\"@type\":\"ImageObject\",\"@id\":\"https:\/\/baloessaoroque.com.br\/en\/produtos\/decorated\/9-inches\/unicornio-branco-amarelo-roxo-verde-rosa\/#primaryimage\",\"inLanguage\":\"pt-BR\",\"url\":\"https:\/\/baloessaoroque.com.br\/en\/wp-content\/uploads\/2021\/01\/BALAO_UNICORNIO_BABY.jpg\",\"contentUrl\":\"https:\/\/baloessaoroque.com.br\/en\/wp-content\/uploads\/2021\/01\/BALAO_UNICORNIO_BABY.jpg\",\"width\":1200,\"height\":1200,\"caption\":\"Branco Polar - Colorido\"},{\"@type\":\"WebPage\",\"@id\":\"https:\/\/baloessaoroque.com.br\/en\/produtos\/decorated\/9-inches\/unicornio-branco-amarelo-roxo-verde-rosa\/#webpage\",\"url\":\"https:\/\/baloessaoroque.com.br\/en\/produtos\/decorated\/9-inches\/unicornio-branco-amarelo-roxo-verde-rosa\/\",\"name\":\"Unicornio Branco Amarelo Roxo Verde Rosa - Bal\u00f5es S\u00e3o Roque\",\"isPartOf\":{\"@id\":\"https:\/\/baloessaoroque.com.br\/en\/#website\"},\"primaryImageOfPage\":{\"@id\":\"https:\/\/baloessaoroque.com.br\/en\/produtos\/decorated\/9-inches\/unicornio-branco-amarelo-roxo-verde-rosa\/#primaryimage\"},\"datePublished\":\"2021-06-30T20:18:18+00:00\",\"dateModified\":\"2022-01-26T10:41:08+00:00\",\"breadcrumb\":{\"@id\":\"https:\/\/baloessaoroque.com.br\/en\/produtos\/decorated\/9-inches\/unicornio-branco-amarelo-roxo-verde-rosa\/#breadcrumb\"},\"inLanguage\":\"pt-BR\",\"potentialAction\":[{\"@type\":\"ReadAction\",\"target\":[\"https:\/\/baloessaoroque.com.br\/en\/produtos\/decorated\/9-inches\/unicornio-branco-amarelo-roxo-verde-rosa\/\"]}]},{\"@type\":\"BreadcrumbList\",\"@id\":\"https:\/\/baloessaoroque.com.br\/en\/produtos\/decorated\/9-inches\/unicornio-branco-amarelo-roxo-verde-rosa\/#breadcrumb\",\"itemListElement\":[{\"@type\":\"ListItem\",\"position\":1,\"name\":\"In\u00edcio\",\"item\":\"https:\/\/baloessaoroque.com.br\/en\/\"},{\"@type\":\"ListItem\",\"position\":2,\"name\":\"Produtos\",\"item\":\"https:\/\/baloessaoroque.com.br\/en\/produtos\/\"},{\"@type\":\"ListItem\",\"position\":3,\"name\":\"Unicornio Branco Amarelo Roxo Verde Rosa\"}]}]}<\/script>\n<!-- \/ Yoast SEO plugin. -->","yoast_head_json":{"title":"Unicornio Branco Amarelo Roxo Verde Rosa - Bal\u00f5es S\u00e3o Roque","robots":{"index":"index","follow":"follow","max-snippet":"max-snippet:-1","max-image-preview":"max-image-preview:large","max-video-preview":"max-video-preview:-1"},"canonical":"https:\/\/baloessaoroque.com.br\/en\/produtos\/decorated\/9-inches\/unicornio-branco-amarelo-roxo-verde-rosa\/","og_locale":"pt_BR","og_type":"article","og_title":"Unicornio Branco Amarelo Roxo Verde Rosa - Bal\u00f5es S\u00e3o Roque","og_description":"A Bal\u00f5es S\u00e3o Roque possui uma variedade de op\u00e7\u00f5es de bal\u00f5es decorados que atende \u00e0 todos os p\u00fablicos e perfis [&hellip;]","og_url":"https:\/\/baloessaoroque.com.br\/en\/produtos\/decorated\/9-inches\/unicornio-branco-amarelo-roxo-verde-rosa\/","og_site_name":"Bal\u00f5es S\u00e3o Roque","article_modified_time":"2022-01-26T10:41:08+00:00","og_image":[{"width":1200,"height":1200,"url":"https:\/\/baloessaoroque.com.br\/en\/wp-content\/uploads\/2021\/01\/BALAO_UNICORNIO_BABY.jpg","type":"image\/jpeg"}],"twitter_card":"summary_large_image","schema":{"@context":"https:\/\/schema.org","@graph":[{"@type":"WebSite","@id":"https:\/\/baloessaoroque.com.br\/en\/#website","url":"https:\/\/baloessaoroque.com.br\/en\/","name":"Bal\u00f5es S\u00e3o Roque","description":"Sua vida cheia de festa!","potentialAction":[{"@type":"SearchAction","target":{"@type":"EntryPoint","urlTemplate":"https:\/\/baloessaoroque.com.br\/en\/?s={search_term_string}"},"query-input":"required name=search_term_string"}],"inLanguage":"pt-BR"},{"@type":"ImageObject","@id":"https:\/\/baloessaoroque.com.br\/en\/produtos\/decorated\/9-inches\/unicornio-branco-amarelo-roxo-verde-rosa\/#primaryimage","inLanguage":"pt-BR","url":"https:\/\/baloessaoroque.com.br\/en\/wp-content\/uploads\/2021\/01\/BALAO_UNICORNIO_BABY.jpg","contentUrl":"https:\/\/baloessaoroque.com.br\/en\/wp-content\/uploads\/2021\/01\/BALAO_UNICORNIO_BABY.jpg","width":1200,"height":1200,"caption":"Branco Polar - Colorido"},{"@type":"WebPage","@id":"https:\/\/baloessaoroque.com.br\/en\/produtos\/decorated\/9-inches\/unicornio-branco-amarelo-roxo-verde-rosa\/#webpage","url":"https:\/\/baloessaoroque.com.br\/en\/produtos\/decorated\/9-inches\/unicornio-branco-amarelo-roxo-verde-rosa\/","name":"Unicornio Branco Amarelo Roxo Verde Rosa - Bal\u00f5es S\u00e3o Roque","isPartOf":{"@id":"https:\/\/baloessaoroque.com.br\/en\/#website"},"primaryImageOfPage":{"@id":"https:\/\/baloessaoroque.com.br\/en\/produtos\/decorated\/9-inches\/unicornio-branco-amarelo-roxo-verde-rosa\/#primaryimage"},"datePublished":"2021-06-30T20:18:18+00:00","dateModified":"2022-01-26T10:41:08+00:00","breadcrumb":{"@id":"https:\/\/baloessaoroque.com.br\/en\/produtos\/decorated\/9-inches\/unicornio-branco-amarelo-roxo-verde-rosa\/#breadcrumb"},"inLanguage":"pt-BR","potentialAction":[{"@type":"ReadAction","target":["https:\/\/baloessaoroque.com.br\/en\/produtos\/decorated\/9-inches\/unicornio-branco-amarelo-roxo-verde-rosa\/"]}]},{"@type":"BreadcrumbList","@id":"https:\/\/baloessaoroque.com.br\/en\/produtos\/decorated\/9-inches\/unicornio-branco-amarelo-roxo-verde-rosa\/#breadcrumb","itemListElement":[{"@type":"ListItem","position":1,"name":"In\u00edcio","item":"https:\/\/baloessaoroque.com.br\/en\/"},{"@type":"ListItem","position":2,"name":"Produtos","item":"https:\/\/baloessaoroque.com.br\/en\/produtos\/"},{"@type":"ListItem","position":3,"name":"Unicornio Branco Amarelo Roxo Verde Rosa"}]}]}},"_links":{"self":[{"href":"https:\/\/baloessaoroque.com.br\/en\/wp-json\/wp\/v2\/product\/8795"}],"collection":[{"href":"https:\/\/baloessaoroque.com.br\/en\/wp-json\/wp\/v2\/product"}],"about":[{"href":"https:\/\/baloessaoroque.com.br\/en\/wp-json\/wp\/v2\/types\/product"}],"replies":[{"embeddable":true,"href":"https:\/\/baloessaoroque.com.br\/en\/wp-json\/wp\/v2\/comments?post=8795"}],"wp:featuredmedia":[{"embeddable":true,"href":"https:\/\/baloessaoroque.com.br\/en\/wp-json\/wp\/v2\/media\/3260"}],"wp:attachment":[{"href":"https:\/\/baloessaoroque.com.br\/en\/wp-json\/wp\/v2\/media?parent=8795"}],"wp:term":[{"taxonomy":"product_cat","embeddable":true,"href":"https:\/\/baloessaoroque.com.br\/en\/wp-json\/wp\/v2\/product_cat?post=8795"},{"taxonomy":"product_tag","embeddable":true,"href":"https:\/\/baloessaoroque.com.br\/en\/wp-json\/wp\/v2\/product_tag?post=8795"}],"curies":[{"name":"wp","href":"https:\/\/api.w.org\/{rel}","templated":true}]}}