{"id":8806,"date":"2021-06-30T17:18:22","date_gmt":"2021-06-30T20:18:22","guid":{"rendered":"https:\/\/baloessaoroque.com.br\/en\/produtos\/sem%20categoria\/uniq-azul-navy-16-polegadas\/"},"modified":"2021-09-24T11:19:43","modified_gmt":"2021-09-24T14:19:43","slug":"uniq-azul-navy-16-polegadas","status":"publish","type":"product","link":"https:\/\/baloessaoroque.com.br\/en\/produtos\/uniq\/uniq-azul-navy-16-polegadas\/","title":{"rendered":"Uniq Azul Navy 16 Polegadas"},"content":{"rendered":"<p>A linha Uniq da Bal\u00f5es S\u00e3o Roque \u00e9 uma linha Premium, para atender desde os mais exigentes consumidores at\u00e9 os profissionais de arte com bal\u00f5es, apaixonados por bal\u00f5es grandes. Com cores vibrantes, brilho intenso e a resist\u00eancia que s\u00f3 a Bal\u00f5es S\u00e3o Roque tem, esta linha tem cores \u00fanicas, formato na medida certa, e com certeza vai te surpreender<\/p>\n","protected":false},"excerpt":{"rendered":"<p>A linha Uniq da Bal\u00f5es S\u00e3o Roque \u00e9 uma linha Premium, para atender desde os mais exigentes consumidores at\u00e9 os [&hellip;]<\/p>\n","protected":false},"featured_media":9214,"comment_status":"closed","ping_status":"closed","template":"","meta":[],"product_cat":[1226],"product_tag":[887,1027,891,882,1279,1858,1856,1831,1266,952],"yoast_head":"<!-- This site is optimized with the Yoast SEO plugin v18.4.1 - https:\/\/yoast.com\/wordpress\/plugins\/seo\/ -->\n<title>Uniq Azul Navy 16 Polegadas - Bal\u00f5es S\u00e3o Roque<\/title>\n<meta name=\"robots\" content=\"index, follow, max-snippet:-1, max-image-preview:large, max-video-preview:-1\" \/>\n<link rel=\"canonical\" href=\"https:\/\/baloessaoroque.com.br\/en\/produtos\/uniq\/uniq-azul-navy-16-polegadas\/\" \/>\n<meta property=\"og:locale\" content=\"pt_BR\" \/>\n<meta property=\"og:type\" content=\"article\" \/>\n<meta property=\"og:title\" content=\"Uniq Azul Navy 16 Polegadas - Bal\u00f5es S\u00e3o Roque\" \/>\n<meta property=\"og:description\" content=\"A linha Uniq da Bal\u00f5es S\u00e3o Roque \u00e9 uma linha Premium, para atender desde os mais exigentes consumidores at\u00e9 os [&hellip;]\" \/>\n<meta property=\"og:url\" content=\"https:\/\/baloessaoroque.com.br\/en\/produtos\/uniq\/uniq-azul-navy-16-polegadas\/\" \/>\n<meta property=\"og:site_name\" content=\"Bal\u00f5es S\u00e3o Roque\" \/>\n<meta property=\"article:modified_time\" content=\"2021-09-24T14:19:43+00:00\" \/>\n<meta property=\"og:image\" content=\"https:\/\/baloessaoroque.com.br\/en\/wp-content\/uploads\/2021\/06\/AZUL_NAVY.jpg\" \/>\n\t<meta property=\"og:image:width\" content=\"1200\" \/>\n\t<meta property=\"og:image:height\" content=\"1200\" \/>\n\t<meta property=\"og:image:type\" content=\"image\/jpeg\" \/>\n<meta name=\"twitter:card\" content=\"summary_large_image\" \/>\n<script type=\"application\/ld+json\" class=\"yoast-schema-graph\">{\"@context\":\"https:\/\/schema.org\",\"@graph\":[{\"@type\":\"WebSite\",\"@id\":\"https:\/\/baloessaoroque.com.br\/en\/#website\",\"url\":\"https:\/\/baloessaoroque.com.br\/en\/\",\"name\":\"Bal\u00f5es S\u00e3o Roque\",\"description\":\"Sua vida cheia de festa!\",\"potentialAction\":[{\"@type\":\"SearchAction\",\"target\":{\"@type\":\"EntryPoint\",\"urlTemplate\":\"https:\/\/baloessaoroque.com.br\/en\/?s={search_term_string}\"},\"query-input\":\"required name=search_term_string\"}],\"inLanguage\":\"pt-BR\"},{\"@type\":\"ImageObject\",\"@id\":\"https:\/\/baloessaoroque.com.br\/en\/produtos\/uniq\/uniq-azul-navy-16-polegadas\/#primaryimage\",\"inLanguage\":\"pt-BR\",\"url\":\"https:\/\/baloessaoroque.com.br\/en\/wp-content\/uploads\/2021\/06\/AZUL_NAVY.jpg\",\"contentUrl\":\"https:\/\/baloessaoroque.com.br\/en\/wp-content\/uploads\/2021\/06\/AZUL_NAVY.jpg\",\"width\":1200,\"height\":1200,\"caption\":\"Uniq\"},{\"@type\":\"WebPage\",\"@id\":\"https:\/\/baloessaoroque.com.br\/en\/produtos\/uniq\/uniq-azul-navy-16-polegadas\/#webpage\",\"url\":\"https:\/\/baloessaoroque.com.br\/en\/produtos\/uniq\/uniq-azul-navy-16-polegadas\/\",\"name\":\"Uniq Azul Navy 16 Polegadas - Bal\u00f5es S\u00e3o Roque\",\"isPartOf\":{\"@id\":\"https:\/\/baloessaoroque.com.br\/en\/#website\"},\"primaryImageOfPage\":{\"@id\":\"https:\/\/baloessaoroque.com.br\/en\/produtos\/uniq\/uniq-azul-navy-16-polegadas\/#primaryimage\"},\"datePublished\":\"2021-06-30T20:18:22+00:00\",\"dateModified\":\"2021-09-24T14:19:43+00:00\",\"breadcrumb\":{\"@id\":\"https:\/\/baloessaoroque.com.br\/en\/produtos\/uniq\/uniq-azul-navy-16-polegadas\/#breadcrumb\"},\"inLanguage\":\"pt-BR\",\"potentialAction\":[{\"@type\":\"ReadAction\",\"target\":[\"https:\/\/baloessaoroque.com.br\/en\/produtos\/uniq\/uniq-azul-navy-16-polegadas\/\"]}]},{\"@type\":\"BreadcrumbList\",\"@id\":\"https:\/\/baloessaoroque.com.br\/en\/produtos\/uniq\/uniq-azul-navy-16-polegadas\/#breadcrumb\",\"itemListElement\":[{\"@type\":\"ListItem\",\"position\":1,\"name\":\"In\u00edcio\",\"item\":\"https:\/\/baloessaoroque.com.br\/en\/\"},{\"@type\":\"ListItem\",\"position\":2,\"name\":\"Produtos\",\"item\":\"https:\/\/baloessaoroque.com.br\/en\/produtos\/\"},{\"@type\":\"ListItem\",\"position\":3,\"name\":\"Uniq Azul Navy 16 Polegadas\"}]}]}<\/script>\n<!-- \/ Yoast SEO plugin. -->","yoast_head_json":{"title":"Uniq Azul Navy 16 Polegadas - Bal\u00f5es S\u00e3o Roque","robots":{"index":"index","follow":"follow","max-snippet":"max-snippet:-1","max-image-preview":"max-image-preview:large","max-video-preview":"max-video-preview:-1"},"canonical":"https:\/\/baloessaoroque.com.br\/en\/produtos\/uniq\/uniq-azul-navy-16-polegadas\/","og_locale":"pt_BR","og_type":"article","og_title":"Uniq Azul Navy 16 Polegadas - Bal\u00f5es S\u00e3o Roque","og_description":"A linha Uniq da Bal\u00f5es S\u00e3o Roque \u00e9 uma linha Premium, para atender desde os mais exigentes consumidores at\u00e9 os [&hellip;]","og_url":"https:\/\/baloessaoroque.com.br\/en\/produtos\/uniq\/uniq-azul-navy-16-polegadas\/","og_site_name":"Bal\u00f5es S\u00e3o Roque","article_modified_time":"2021-09-24T14:19:43+00:00","og_image":[{"width":1200,"height":1200,"url":"https:\/\/baloessaoroque.com.br\/en\/wp-content\/uploads\/2021\/06\/AZUL_NAVY.jpg","type":"image\/jpeg"}],"twitter_card":"summary_large_image","schema":{"@context":"https:\/\/schema.org","@graph":[{"@type":"WebSite","@id":"https:\/\/baloessaoroque.com.br\/en\/#website","url":"https:\/\/baloessaoroque.com.br\/en\/","name":"Bal\u00f5es S\u00e3o Roque","description":"Sua vida cheia de festa!","potentialAction":[{"@type":"SearchAction","target":{"@type":"EntryPoint","urlTemplate":"https:\/\/baloessaoroque.com.br\/en\/?s={search_term_string}"},"query-input":"required name=search_term_string"}],"inLanguage":"pt-BR"},{"@type":"ImageObject","@id":"https:\/\/baloessaoroque.com.br\/en\/produtos\/uniq\/uniq-azul-navy-16-polegadas\/#primaryimage","inLanguage":"pt-BR","url":"https:\/\/baloessaoroque.com.br\/en\/wp-content\/uploads\/2021\/06\/AZUL_NAVY.jpg","contentUrl":"https:\/\/baloessaoroque.com.br\/en\/wp-content\/uploads\/2021\/06\/AZUL_NAVY.jpg","width":1200,"height":1200,"caption":"Uniq"},{"@type":"WebPage","@id":"https:\/\/baloessaoroque.com.br\/en\/produtos\/uniq\/uniq-azul-navy-16-polegadas\/#webpage","url":"https:\/\/baloessaoroque.com.br\/en\/produtos\/uniq\/uniq-azul-navy-16-polegadas\/","name":"Uniq Azul Navy 16 Polegadas - Bal\u00f5es S\u00e3o Roque","isPartOf":{"@id":"https:\/\/baloessaoroque.com.br\/en\/#website"},"primaryImageOfPage":{"@id":"https:\/\/baloessaoroque.com.br\/en\/produtos\/uniq\/uniq-azul-navy-16-polegadas\/#primaryimage"},"datePublished":"2021-06-30T20:18:22+00:00","dateModified":"2021-09-24T14:19:43+00:00","breadcrumb":{"@id":"https:\/\/baloessaoroque.com.br\/en\/produtos\/uniq\/uniq-azul-navy-16-polegadas\/#breadcrumb"},"inLanguage":"pt-BR","potentialAction":[{"@type":"ReadAction","target":["https:\/\/baloessaoroque.com.br\/en\/produtos\/uniq\/uniq-azul-navy-16-polegadas\/"]}]},{"@type":"BreadcrumbList","@id":"https:\/\/baloessaoroque.com.br\/en\/produtos\/uniq\/uniq-azul-navy-16-polegadas\/#breadcrumb","itemListElement":[{"@type":"ListItem","position":1,"name":"In\u00edcio","item":"https:\/\/baloessaoroque.com.br\/en\/"},{"@type":"ListItem","position":2,"name":"Produtos","item":"https:\/\/baloessaoroque.com.br\/en\/produtos\/"},{"@type":"ListItem","position":3,"name":"Uniq Azul Navy 16 Polegadas"}]}]}},"_links":{"self":[{"href":"https:\/\/baloessaoroque.com.br\/en\/wp-json\/wp\/v2\/product\/8806"}],"collection":[{"href":"https:\/\/baloessaoroque.com.br\/en\/wp-json\/wp\/v2\/product"}],"about":[{"href":"https:\/\/baloessaoroque.com.br\/en\/wp-json\/wp\/v2\/types\/product"}],"replies":[{"embeddable":true,"href":"https:\/\/baloessaoroque.com.br\/en\/wp-json\/wp\/v2\/comments?post=8806"}],"wp:featuredmedia":[{"embeddable":true,"href":"https:\/\/baloessaoroque.com.br\/en\/wp-json\/wp\/v2\/media\/9214"}],"wp:attachment":[{"href":"https:\/\/baloessaoroque.com.br\/en\/wp-json\/wp\/v2\/media?parent=8806"}],"wp:term":[{"taxonomy":"product_cat","embeddable":true,"href":"https:\/\/baloessaoroque.com.br\/en\/wp-json\/wp\/v2\/product_cat?post=8806"},{"taxonomy":"product_tag","embeddable":true,"href":"https:\/\/baloessaoroque.com.br\/en\/wp-json\/wp\/v2\/product_tag?post=8806"}],"curies":[{"name":"wp","href":"https:\/\/api.w.org\/{rel}","templated":true}]}}